{"id":20234,"date":"2024-02-28T15:38:13","date_gmt":"2024-02-28T15:38:13","guid":{"rendered":"https:\/\/rolloutdoors.com\/rovaniemi\/bike-rental-rovaniemi\/happyhour\/"},"modified":"2024-11-07T11:41:07","modified_gmt":"2024-11-07T11:41:07","slug":"happyhour","status":"publish","type":"page","link":"https:\/\/rolloutdoors.com\/en\/rovaniemi\/bike-rental-rovaniemi\/happyhour\/","title":{"rendered":"Happy hour"},"content":{"rendered":"\t\t<div data-elementor-type=\"wp-page\" data-elementor-id=\"20234\" class=\"elementor elementor-20234 elementor-20176\" data-elementor-post-type=\"page\">\n\t\t\t\t\t\t<section class=\"elementor-section elementor-top-section elementor-element elementor-element-5a5a081 elementor-section-boxed elementor-section-height-default elementor-section-height-default\" data-id=\"5a5a081\" data-element_type=\"section\">\n\t\t\t\t\t\t<div class=\"elementor-container elementor-column-gap-default\">\n\t\t\t\t\t<div class=\"elementor-column elementor-col-100 elementor-top-column elementor-element elementor-element-fe905b3\" data-id=\"fe905b3\" data-element_type=\"column\">\n\t\t\t<div class=\"elementor-widget-wrap elementor-element-populated\">\n\t\t\t\t\t\t<div class=\"elementor-element elementor-element-77c4dee elementor-widget elementor-widget-heading\" data-id=\"77c4dee\" data-element_type=\"widget\" data-widget_type=\"heading.default\">\n\t\t\t\t<div class=\"elementor-widget-container\">\n\t\t\t\t\t<h1 class=\"elementor-heading-title elementor-size-default\">Happy hour - evening hours at a lower price!<\/h1>\t\t\t\t<\/div>\n\t\t\t\t<\/div>\n\t\t\t\t<div class=\"elementor-element elementor-element-1767ac7 elementor-widget elementor-widget-text-editor\" data-id=\"1767ac7\" data-element_type=\"widget\" data-widget_type=\"text-editor.default\">\n\t\t\t\t<div class=\"elementor-widget-container\">\n\t\t\t\t\t\t\t\t\t<p>On weekdays we offer evening bike rentals in Rovaniemi at a special price! Happy hour starts at 16:00 and lasts until 18:00. <br \/>(out of hours on a case-by-case basis. Please contact the rental company!)<\/p>\n<p><span style=\"font-family: -apple-system, BlinkMacSystemFont, 'Segoe UI', Roboto, 'Helvetica Neue', Arial, 'Noto Sans', sans-serif, 'Apple Color Emoji', 'Segoe UI Emoji', 'Segoe UI Symbol', 'Noto Color Emoji';\">A helmet and lights (when its dark) are included in the Happy Hour bike rental.<\/span><\/p>\n\t\t\t\t\t\t\t\t<\/div>\n\t\t\t\t<\/div>\n\t\t\t\t<section class=\"elementor-section elementor-inner-section elementor-element elementor-element-620f5a5 elementor-section-boxed elementor-section-height-default elementor-section-height-default\" data-id=\"620f5a5\" data-element_type=\"section\">\n\t\t\t\t\t\t<div class=\"elementor-container elementor-column-gap-default\">\n\t\t\t\t\t<div class=\"elementor-column elementor-col-50 elementor-inner-column elementor-element elementor-element-25b08da\" data-id=\"25b08da\" data-element_type=\"column\">\n\t\t\t<div class=\"elementor-widget-wrap elementor-element-populated\">\n\t\t\t\t\t\t<div class=\"elementor-element elementor-element-790f179 elementor-widget elementor-widget-heading\" data-id=\"790f179\" data-element_type=\"widget\" data-widget_type=\"heading.default\">\n\t\t\t\t<div class=\"elementor-widget-container\">\n\t\t\t\t\t<h2 class=\"elementor-heading-title elementor-size-default\">e-fatbike<\/h2>\t\t\t\t<\/div>\n\t\t\t\t<\/div>\n\t\t\t\t<div class=\"elementor-element elementor-element-702af99 elementor-widget elementor-widget-image\" data-id=\"702af99\" data-element_type=\"widget\" data-widget_type=\"image.default\">\n\t\t\t\t<div class=\"elementor-widget-container\">\n\t\t\t\t\t\t\t\t\t\t\t\t\t\t\t<img decoding=\"async\" src=\"https:\/\/rolloutdoors.com\/wp-content\/uploads\/elementor\/thumbs\/2023-05-08_Rockmachine-Avalanche-E90_S808-1355113-Enhanced-NR-some-scaled-qkhb3lqez2h697j89kukywstkv8lf7vo1iu6w69peo.jpg\" title=\"e-Bike rental happy hours_Rockmachine Avalanche E90\" alt=\"e-Bike rental happy hours_Rockmachine Avalanche E90\" loading=\"lazy\" \/>\t\t\t\t\t\t\t\t\t\t\t\t\t\t\t<\/div>\n\t\t\t\t<\/div>\n\t\t\t\t<div class=\"elementor-element elementor-element-0f90e5a elementor-widget elementor-widget-text-editor\" data-id=\"0f90e5a\" data-element_type=\"widget\" data-widget_type=\"text-editor.default\">\n\t\t\t\t<div class=\"elementor-widget-container\">\n\t\t\t\t\t\t\t\t\t<p><span style=\"font-family: -apple-system, BlinkMacSystemFont, 'Segoe UI', Roboto, 'Helvetica Neue', Arial, 'Noto Sans', sans-serif, 'Apple Color Emoji', 'Segoe UI Emoji', 'Segoe UI Symbol', 'Noto Color Emoji';\"><b>Rockmachine Avalanche E90<\/b><\/span><\/p>\n<p><span style=\"font-family: -apple-system, BlinkMacSystemFont, 'Segoe UI', Roboto, 'Helvetica Neue', Arial, 'Noto Sans', sans-serif, 'Apple Color Emoji', 'Segoe UI Emoji', 'Segoe UI Symbol', 'Noto Color Emoji';\">Price 37\u20ac\/bike incl. VAT 25,5%<\/span><\/p>\n\t\t\t\t\t\t\t\t<\/div>\n\t\t\t\t<\/div>\n\t\t\t\t<div class=\"elementor-element elementor-element-2762e74 elementor-align-left elementor-widget elementor-widget-button\" data-id=\"2762e74\" data-element_type=\"widget\" data-widget_type=\"button.default\">\n\t\t\t\t<div class=\"elementor-widget-container\">\n\t\t\t\t\t\t\t\t\t<div class=\"elementor-button-wrapper\">\n\t\t\t\t\t<a class=\"elementor-button elementor-button-link elementor-size-sm\" href=\"https:\/\/book.rolloutdoors.com\/l\/rovaniemi\/product\/Ksip7AXQEXPHLCAVI0GN?lang=en\" target=\"_blank\" id=\"book-happyhour-efat\">\n\t\t\t\t\t\t<span class=\"elementor-button-content-wrapper\">\n\t\t\t\t\t\t\t\t\t<span class=\"elementor-button-text\">Book an <span>e-fat<\/span> Happy Hour <\/span>\n\t\t\t\t\t<\/span>\n\t\t\t\t\t<\/a>\n\t\t\t\t<\/div>\n\t\t\t\t\t\t\t\t<\/div>\n\t\t\t\t<\/div>\n\t\t\t\t\t<\/div>\n\t\t<\/div>\n\t\t\t\t<div class=\"elementor-column elementor-col-50 elementor-inner-column elementor-element elementor-element-6a1040f\" data-id=\"6a1040f\" data-element_type=\"column\">\n\t\t\t<div class=\"elementor-widget-wrap elementor-element-populated\">\n\t\t\t\t\t\t<div class=\"elementor-element elementor-element-355e5e9 elementor-widget elementor-widget-heading\" data-id=\"355e5e9\" data-element_type=\"widget\" data-widget_type=\"heading.default\">\n\t\t\t\t<div class=\"elementor-widget-container\">\n\t\t\t\t\t<h2 class=\"elementor-heading-title elementor-size-default\">fatbike<\/h2>\t\t\t\t<\/div>\n\t\t\t\t<\/div>\n\t\t\t\t<div class=\"elementor-element elementor-element-50a4147 elementor-widget elementor-widget-image\" data-id=\"50a4147\" data-element_type=\"widget\" data-widget_type=\"image.default\">\n\t\t\t\t<div class=\"elementor-widget-container\">\n\t\t\t\t\t\t\t\t\t\t\t\t\t\t\t<img fetchpriority=\"high\" decoding=\"async\" width=\"800\" height=\"500\" src=\"https:\/\/rolloutdoors.com\/wp-content\/uploads\/2024\/11\/Canyon-dude-fatbike1-1024x640.jpg\" class=\"attachment-large size-large wp-image-22036\" alt=\"Vuokraa Canyon Dude hiilikuiturunkoinen fatbike l\u00e4skipy\u00f6r\u00e4.  Rovaniemi ja Saariselk\u00e4\" srcset=\"https:\/\/rolloutdoors.com\/wp-content\/uploads\/2024\/11\/Canyon-dude-fatbike1-1024x640.jpg 1024w, https:\/\/rolloutdoors.com\/wp-content\/uploads\/2024\/11\/Canyon-dude-fatbike1-300x188.jpg 300w, https:\/\/rolloutdoors.com\/wp-content\/uploads\/2024\/11\/Canyon-dude-fatbike1-768x480.jpg 768w, https:\/\/rolloutdoors.com\/wp-content\/uploads\/2024\/11\/Canyon-dude-fatbike1-1536x960.jpg 1536w, https:\/\/rolloutdoors.com\/wp-content\/uploads\/2024\/11\/Canyon-dude-fatbike1.jpg 1920w\" sizes=\"(max-width: 800px) 100vw, 800px\" \/>\t\t\t\t\t\t\t\t\t\t\t\t\t\t\t<\/div>\n\t\t\t\t<\/div>\n\t\t\t\t<div class=\"elementor-element elementor-element-11e54e0 elementor-widget elementor-widget-text-editor\" data-id=\"11e54e0\" data-element_type=\"widget\" data-widget_type=\"text-editor.default\">\n\t\t\t\t<div class=\"elementor-widget-container\">\n\t\t\t\t\t\t\t\t\t<p><span style=\"font-family: -apple-system, BlinkMacSystemFont, 'Segoe UI', Roboto, 'Helvetica Neue', Arial, 'Noto Sans', sans-serif, 'Apple Color Emoji', 'Segoe UI Emoji', 'Segoe UI Symbol', 'Noto Color Emoji';\"><b>Canyon Dude<\/b><\/span><\/p>\n<p><span style=\"font-family: -apple-system, BlinkMacSystemFont, 'Segoe UI', Roboto, 'Helvetica Neue', Arial, 'Noto Sans', sans-serif, 'Apple Color Emoji', 'Segoe UI Emoji', 'Segoe UI Symbol', 'Noto Color Emoji';\">Reduced price<\/span><span style=\"font-family: -apple-system, BlinkMacSystemFont, 'Segoe UI', Roboto, 'Helvetica Neue', Arial, 'Noto Sans', sans-serif, 'Apple Color Emoji', 'Segoe UI Emoji', 'Segoe UI Symbol', 'Noto Color Emoji';\"> 27\u20ac\/bike incl. VAT 25,5%<\/span><\/p>\n\t\t\t\t\t\t\t\t<\/div>\n\t\t\t\t<\/div>\n\t\t\t\t<div class=\"elementor-element elementor-element-3ac5c8f elementor-align-left elementor-widget elementor-widget-button\" data-id=\"3ac5c8f\" data-element_type=\"widget\" data-widget_type=\"button.default\">\n\t\t\t\t<div class=\"elementor-widget-container\">\n\t\t\t\t\t\t\t\t\t<div class=\"elementor-button-wrapper\">\n\t\t\t\t\t<a class=\"elementor-button elementor-button-link elementor-size-sm\" href=\"https:\/\/book.rolloutdoors.com\/l\/rovaniemi\/product\/2j5ZiYn18pWD7KcC1hY8\" target=\"_blank\" id=\"book-happyhour-efat\">\n\t\t\t\t\t\t<span class=\"elementor-button-content-wrapper\">\n\t\t\t\t\t\t\t\t\t<span class=\"elementor-button-text\">Book <span>fatbike<\/span> Happy Hour <\/span>\n\t\t\t\t\t<\/span>\n\t\t\t\t\t<\/a>\n\t\t\t\t<\/div>\n\t\t\t\t\t\t\t\t<\/div>\n\t\t\t\t<\/div>\n\t\t\t\t\t<\/div>\n\t\t<\/div>\n\t\t\t\t\t<\/div>\n\t\t<\/section>\n\t\t\t\t<div class=\"elementor-element elementor-element-273126c elementor-widget elementor-widget-spacer\" data-id=\"273126c\" data-element_type=\"widget\" data-widget_type=\"spacer.default\">\n\t\t\t\t<div class=\"elementor-widget-container\">\n\t\t\t\t\t\t\t<div class=\"elementor-spacer\">\n\t\t\t<div class=\"elementor-spacer-inner\"><\/div>\n\t\t<\/div>\n\t\t\t\t\t\t<\/div>\n\t\t\t\t<\/div>\n\t\t\t\t\t<\/div>\n\t\t<\/div>\n\t\t\t\t\t<\/div>\n\t\t<\/section>\n\t\t\t\t<\/div>\n\t\t","protected":false},"excerpt":{"rendered":"<p>Happy hour &#8211; evening hours at a lower price! On weekdays we offer evening bike rentals in Rovaniemi at a special price! Happy hour starts at 16:00 and lasts until 18:00. (out of hours on a case-by-case basis. Please contact the rental company!) A helmet and lights (when its dark) are included in the Happy [&hellip;]<\/p>\n","protected":false},"author":2,"featured_media":20178,"parent":12683,"menu_order":0,"comment_status":"closed","ping_status":"closed","template":"","meta":{"_acf_changed":false,"footnotes":""},"class_list":["post-20234","page","type-page","status-publish","has-post-thumbnail","hentry"],"acf":[],"yoast_head":"<title>Happy hour - Roll Outdoors<\/title>\n<meta name=\"robots\" content=\"index, follow, max-snippet:-1, max-image-preview:large, max-video-preview:-1\" \/>\n<link rel=\"canonical\" href=\"https:\/\/rolloutdoors.com\/en\/rovaniemi\/bike-rental-rovaniemi\/happyhour\/\" \/>\n<meta property=\"og:locale\" content=\"en_US\" \/>\n<meta property=\"og:type\" content=\"article\" \/>\n<meta property=\"og:title\" content=\"Happy hour - Roll Outdoors\" \/>\n<meta property=\"og:description\" content=\"Happy hour &#8211; evening hours at a lower price! On weekdays we offer evening bike rentals in Rovaniemi at a special price! Happy hour starts at 16:00 and lasts until 18:00. (out of hours on a case-by-case basis. Please contact the rental company!) A helmet and lights (when its dark) are included in the Happy [&hellip;]\" \/>\n<meta property=\"og:url\" content=\"https:\/\/rolloutdoors.com\/en\/rovaniemi\/bike-rental-rovaniemi\/happyhour\/\" \/>\n<meta property=\"og:site_name\" content=\"Roll Outdoors\" \/>\n<meta property=\"article:modified_time\" content=\"2024-11-07T11:41:07+00:00\" \/>\n<meta property=\"og:image\" content=\"https:\/\/rolloutdoors.com\/wp-content\/uploads\/2024\/02\/2023-05-08_Rockmachine-Avalanche-E90_S808-1355113-Enhanced-NR-some-scaled.jpg\" \/>\n\t<meta property=\"og:image:width\" content=\"2560\" \/>\n\t<meta property=\"og:image:height\" content=\"1920\" \/>\n\t<meta property=\"og:image:type\" content=\"image\/jpeg\" \/>\n<meta name=\"twitter:card\" content=\"summary_large_image\" \/>\n<script type=\"application\/ld+json\" class=\"yoast-schema-graph\">{\"@context\":\"https:\/\/schema.org\",\"@graph\":[{\"@type\":\"WebPage\",\"@id\":\"https:\/\/rolloutdoors.com\/en\/rovaniemi\/bike-rental-rovaniemi\/happyhour\/\",\"url\":\"https:\/\/rolloutdoors.com\/en\/rovaniemi\/bike-rental-rovaniemi\/happyhour\/\",\"name\":\"Happy hour - Roll Outdoors\",\"isPartOf\":{\"@id\":\"https:\/\/rolloutdoors.com\/en\/#website\"},\"primaryImageOfPage\":{\"@id\":\"https:\/\/rolloutdoors.com\/en\/rovaniemi\/bike-rental-rovaniemi\/happyhour\/#primaryimage\"},\"image\":{\"@id\":\"https:\/\/rolloutdoors.com\/en\/rovaniemi\/bike-rental-rovaniemi\/happyhour\/#primaryimage\"},\"thumbnailUrl\":\"https:\/\/rolloutdoors.com\/wp-content\/uploads\/2024\/02\/2023-05-08_Rockmachine-Avalanche-E90_S808-1355113-Enhanced-NR-some-scaled.jpg\",\"datePublished\":\"2024-02-28T15:38:13+00:00\",\"dateModified\":\"2024-11-07T11:41:07+00:00\",\"breadcrumb\":{\"@id\":\"https:\/\/rolloutdoors.com\/en\/rovaniemi\/bike-rental-rovaniemi\/happyhour\/#breadcrumb\"},\"inLanguage\":\"en-US\",\"potentialAction\":[{\"@type\":\"ReadAction\",\"target\":[\"https:\/\/rolloutdoors.com\/en\/rovaniemi\/bike-rental-rovaniemi\/happyhour\/\"]}]},{\"@type\":\"ImageObject\",\"inLanguage\":\"en-US\",\"@id\":\"https:\/\/rolloutdoors.com\/en\/rovaniemi\/bike-rental-rovaniemi\/happyhour\/#primaryimage\",\"url\":\"https:\/\/rolloutdoors.com\/wp-content\/uploads\/2024\/02\/2023-05-08_Rockmachine-Avalanche-E90_S808-1355113-Enhanced-NR-some-scaled.jpg\",\"contentUrl\":\"https:\/\/rolloutdoors.com\/wp-content\/uploads\/2024\/02\/2023-05-08_Rockmachine-Avalanche-E90_S808-1355113-Enhanced-NR-some-scaled.jpg\",\"width\":2560,\"height\":1920},{\"@type\":\"BreadcrumbList\",\"@id\":\"https:\/\/rolloutdoors.com\/en\/rovaniemi\/bike-rental-rovaniemi\/happyhour\/#breadcrumb\",\"itemListElement\":[{\"@type\":\"ListItem\",\"position\":1,\"name\":\"Frontpage\",\"item\":\"https:\/\/rolloutdoors.com\/en\/\"},{\"@type\":\"ListItem\",\"position\":2,\"name\":\"Rovaniemi\",\"item\":\"https:\/\/rolloutdoors.com\/en\/rovaniemi\/\"},{\"@type\":\"ListItem\",\"position\":3,\"name\":\"Bike rental &#8211; Rovaniemi\",\"item\":\"https:\/\/rolloutdoors.com\/en\/rovaniemi\/pyoravuokraamo-rovaniemi\/\"},{\"@type\":\"ListItem\",\"position\":4,\"name\":\"Happy hour\"}]},{\"@type\":\"WebSite\",\"@id\":\"https:\/\/rolloutdoors.com\/en\/#website\",\"url\":\"https:\/\/rolloutdoors.com\/en\/\",\"name\":\"Roll Outdoors\",\"description\":\"Bike tours and rentals\",\"publisher\":{\"@id\":\"https:\/\/rolloutdoors.com\/en\/#organization\"},\"potentialAction\":[{\"@type\":\"SearchAction\",\"target\":{\"@type\":\"EntryPoint\",\"urlTemplate\":\"https:\/\/rolloutdoors.com\/en\/?s={search_term_string}\"},\"query-input\":{\"@type\":\"PropertyValueSpecification\",\"valueRequired\":true,\"valueName\":\"search_term_string\"}}],\"inLanguage\":\"en-US\"},{\"@type\":\"Organization\",\"@id\":\"https:\/\/rolloutdoors.com\/en\/#organization\",\"name\":\"Roll Outdoors\",\"url\":\"https:\/\/rolloutdoors.com\/en\/\",\"logo\":{\"@type\":\"ImageObject\",\"inLanguage\":\"en-US\",\"@id\":\"https:\/\/rolloutdoors.com\/en\/#\/schema\/logo\/image\/\",\"url\":\"https:\/\/rolloutdoors.com\/wp-content\/uploads\/2022\/03\/Roll-Outdoors-logo-newlabel-800px.png\",\"contentUrl\":\"https:\/\/rolloutdoors.com\/wp-content\/uploads\/2022\/03\/Roll-Outdoors-logo-newlabel-800px.png\",\"width\":800,\"height\":639,\"caption\":\"Roll Outdoors\"},\"image\":{\"@id\":\"https:\/\/rolloutdoors.com\/en\/#\/schema\/logo\/image\/\"}}]}<\/script>","yoast_head_json":{"title":"Happy hour - Roll Outdoors","robots":{"index":"index","follow":"follow","max-snippet":"max-snippet:-1","max-image-preview":"max-image-preview:large","max-video-preview":"max-video-preview:-1"},"canonical":"https:\/\/rolloutdoors.com\/en\/rovaniemi\/bike-rental-rovaniemi\/happyhour\/","og_locale":"en_US","og_type":"article","og_title":"Happy hour - Roll Outdoors","og_description":"Happy hour &#8211; evening hours at a lower price! On weekdays we offer evening bike rentals in Rovaniemi at a special price! Happy hour starts at 16:00 and lasts until 18:00. (out of hours on a case-by-case basis. Please contact the rental company!) A helmet and lights (when its dark) are included in the Happy [&hellip;]","og_url":"https:\/\/rolloutdoors.com\/en\/rovaniemi\/bike-rental-rovaniemi\/happyhour\/","og_site_name":"Roll Outdoors","article_modified_time":"2024-11-07T11:41:07+00:00","og_image":[{"width":2560,"height":1920,"url":"https:\/\/rolloutdoors.com\/wp-content\/uploads\/2024\/02\/2023-05-08_Rockmachine-Avalanche-E90_S808-1355113-Enhanced-NR-some-scaled.jpg","type":"image\/jpeg"}],"twitter_card":"summary_large_image","schema":{"@context":"https:\/\/schema.org","@graph":[{"@type":"WebPage","@id":"https:\/\/rolloutdoors.com\/en\/rovaniemi\/bike-rental-rovaniemi\/happyhour\/","url":"https:\/\/rolloutdoors.com\/en\/rovaniemi\/bike-rental-rovaniemi\/happyhour\/","name":"Happy hour - Roll Outdoors","isPartOf":{"@id":"https:\/\/rolloutdoors.com\/en\/#website"},"primaryImageOfPage":{"@id":"https:\/\/rolloutdoors.com\/en\/rovaniemi\/bike-rental-rovaniemi\/happyhour\/#primaryimage"},"image":{"@id":"https:\/\/rolloutdoors.com\/en\/rovaniemi\/bike-rental-rovaniemi\/happyhour\/#primaryimage"},"thumbnailUrl":"https:\/\/rolloutdoors.com\/wp-content\/uploads\/2024\/02\/2023-05-08_Rockmachine-Avalanche-E90_S808-1355113-Enhanced-NR-some-scaled.jpg","datePublished":"2024-02-28T15:38:13+00:00","dateModified":"2024-11-07T11:41:07+00:00","breadcrumb":{"@id":"https:\/\/rolloutdoors.com\/en\/rovaniemi\/bike-rental-rovaniemi\/happyhour\/#breadcrumb"},"inLanguage":"en-US","potentialAction":[{"@type":"ReadAction","target":["https:\/\/rolloutdoors.com\/en\/rovaniemi\/bike-rental-rovaniemi\/happyhour\/"]}]},{"@type":"ImageObject","inLanguage":"en-US","@id":"https:\/\/rolloutdoors.com\/en\/rovaniemi\/bike-rental-rovaniemi\/happyhour\/#primaryimage","url":"https:\/\/rolloutdoors.com\/wp-content\/uploads\/2024\/02\/2023-05-08_Rockmachine-Avalanche-E90_S808-1355113-Enhanced-NR-some-scaled.jpg","contentUrl":"https:\/\/rolloutdoors.com\/wp-content\/uploads\/2024\/02\/2023-05-08_Rockmachine-Avalanche-E90_S808-1355113-Enhanced-NR-some-scaled.jpg","width":2560,"height":1920},{"@type":"BreadcrumbList","@id":"https:\/\/rolloutdoors.com\/en\/rovaniemi\/bike-rental-rovaniemi\/happyhour\/#breadcrumb","itemListElement":[{"@type":"ListItem","position":1,"name":"Frontpage","item":"https:\/\/rolloutdoors.com\/en\/"},{"@type":"ListItem","position":2,"name":"Rovaniemi","item":"https:\/\/rolloutdoors.com\/en\/rovaniemi\/"},{"@type":"ListItem","position":3,"name":"Bike rental &#8211; Rovaniemi","item":"https:\/\/rolloutdoors.com\/en\/rovaniemi\/pyoravuokraamo-rovaniemi\/"},{"@type":"ListItem","position":4,"name":"Happy hour"}]},{"@type":"WebSite","@id":"https:\/\/rolloutdoors.com\/en\/#website","url":"https:\/\/rolloutdoors.com\/en\/","name":"Roll Outdoors","description":"Bike tours and rentals","publisher":{"@id":"https:\/\/rolloutdoors.com\/en\/#organization"},"potentialAction":[{"@type":"SearchAction","target":{"@type":"EntryPoint","urlTemplate":"https:\/\/rolloutdoors.com\/en\/?s={search_term_string}"},"query-input":{"@type":"PropertyValueSpecification","valueRequired":true,"valueName":"search_term_string"}}],"inLanguage":"en-US"},{"@type":"Organization","@id":"https:\/\/rolloutdoors.com\/en\/#organization","name":"Roll Outdoors","url":"https:\/\/rolloutdoors.com\/en\/","logo":{"@type":"ImageObject","inLanguage":"en-US","@id":"https:\/\/rolloutdoors.com\/en\/#\/schema\/logo\/image\/","url":"https:\/\/rolloutdoors.com\/wp-content\/uploads\/2022\/03\/Roll-Outdoors-logo-newlabel-800px.png","contentUrl":"https:\/\/rolloutdoors.com\/wp-content\/uploads\/2022\/03\/Roll-Outdoors-logo-newlabel-800px.png","width":800,"height":639,"caption":"Roll Outdoors"},"image":{"@id":"https:\/\/rolloutdoors.com\/en\/#\/schema\/logo\/image\/"}}]}},"_links":{"self":[{"href":"https:\/\/rolloutdoors.com\/en\/wp-json\/wp\/v2\/pages\/20234","targetHints":{"allow":["GET"]}}],"collection":[{"href":"https:\/\/rolloutdoors.com\/en\/wp-json\/wp\/v2\/pages"}],"about":[{"href":"https:\/\/rolloutdoors.com\/en\/wp-json\/wp\/v2\/types\/page"}],"author":[{"embeddable":true,"href":"https:\/\/rolloutdoors.com\/en\/wp-json\/wp\/v2\/users\/2"}],"replies":[{"embeddable":true,"href":"https:\/\/rolloutdoors.com\/en\/wp-json\/wp\/v2\/comments?post=20234"}],"version-history":[{"count":7,"href":"https:\/\/rolloutdoors.com\/en\/wp-json\/wp\/v2\/pages\/20234\/revisions"}],"predecessor-version":[{"id":22041,"href":"https:\/\/rolloutdoors.com\/en\/wp-json\/wp\/v2\/pages\/20234\/revisions\/22041"}],"up":[{"embeddable":true,"href":"https:\/\/rolloutdoors.com\/en\/wp-json\/wp\/v2\/pages\/12683"}],"wp:featuredmedia":[{"embeddable":true,"href":"https:\/\/rolloutdoors.com\/en\/wp-json\/wp\/v2\/media\/20178"}],"wp:attachment":[{"href":"https:\/\/rolloutdoors.com\/en\/wp-json\/wp\/v2\/media?parent=20234"}],"curies":[{"name":"wp","href":"https:\/\/api.w.org\/{rel}","templated":true}]}}