{"id":18501,"date":"2023-11-03T10:35:37","date_gmt":"2023-11-03T10:35:37","guid":{"rendered":"https:\/\/rolloutdoors.com\/?page_id=18501"},"modified":"2023-11-03T10:36:47","modified_gmt":"2023-11-03T10:36:47","slug":"kiilopaa-villas","status":"publish","type":"page","link":"https:\/\/rolloutdoors.com\/en\/saariselka\/kiilopaa-villas\/","title":{"rendered":"Kiilop\u00e4\u00e4 Villas"},"content":{"rendered":"\t\t<div data-elementor-type=\"wp-page\" data-elementor-id=\"18501\" class=\"elementor elementor-18501 elementor-18476\" data-elementor-post-type=\"page\">\n\t\t\t\t\t\t<section class=\"elementor-section elementor-top-section elementor-element elementor-element-c7605c0 elementor-section-boxed elementor-section-height-default elementor-section-height-default\" data-id=\"c7605c0\" data-element_type=\"section\">\n\t\t\t\t\t\t<div class=\"elementor-container elementor-column-gap-default\">\n\t\t\t\t\t<div class=\"elementor-column elementor-col-100 elementor-top-column elementor-element elementor-element-f391db4\" data-id=\"f391db4\" data-element_type=\"column\">\n\t\t\t<div class=\"elementor-widget-wrap elementor-element-populated\">\n\t\t\t\t\t\t<div class=\"elementor-element elementor-element-ee6d7fb elementor-widget elementor-widget-heading\" data-id=\"ee6d7fb\" data-element_type=\"widget\" data-widget_type=\"heading.default\">\n\t\t\t\t<div class=\"elementor-widget-container\">\n\t\t\t\t\t<h1 class=\"elementor-heading-title elementor-size-default\">Programme services for those staying in the Kiilop\u00e4\u00e4 Villas<\/h1>\t\t\t\t<\/div>\n\t\t\t\t<\/div>\n\t\t\t\t<div class=\"elementor-element elementor-element-dc6bfd6 elementor-widget elementor-widget-text-editor\" data-id=\"dc6bfd6\" data-element_type=\"widget\" data-widget_type=\"text-editor.default\">\n\t\t\t\t<div class=\"elementor-widget-container\">\n\t\t\t\t\t\t\t\t\t<p>Are you staying at Kiilop\u00e4\u00e4 Villas and need something to do on your holiday? Here you can see the current Roll Outdoors offer and you can also book directly through our online shop. Or of course you can contact us using the form below or by phone\/email!<\/p>\n\t\t\t\t\t\t\t\t<\/div>\n\t\t\t\t<\/div>\n\t\t\t\t<div class=\"elementor-element elementor-element-ef94f54 elementor-widget elementor-widget-heading\" data-id=\"ef94f54\" data-element_type=\"widget\" data-widget_type=\"heading.default\">\n\t\t\t\t<div class=\"elementor-widget-container\">\n\t\t\t\t\t<h2 class=\"elementor-heading-title elementor-size-default\">bike rentals and guided bike tours<\/h2>\t\t\t\t<\/div>\n\t\t\t\t<\/div>\n\t\t\t\t<div class=\"elementor-element elementor-element-d2ba957 elementor-posts__hover-none elementor-posts--align-center elementor-grid-tablet-3 elementor-grid-mobile-2 elementor-grid-3 elementor-posts--thumbnail-top elementor-widget elementor-widget-posts\" data-id=\"d2ba957\" data-element_type=\"widget\" data-settings=\"{&quot;cards_row_gap&quot;:{&quot;unit&quot;:&quot;px&quot;,&quot;size&quot;:&quot;30&quot;,&quot;sizes&quot;:[]},&quot;cards_columns_tablet&quot;:&quot;3&quot;,&quot;cards_columns_mobile&quot;:&quot;2&quot;,&quot;cards_row_gap_mobile&quot;:{&quot;unit&quot;:&quot;px&quot;,&quot;size&quot;:&quot;12&quot;,&quot;sizes&quot;:[]},&quot;cards_columns&quot;:&quot;3&quot;,&quot;cards_row_gap_tablet&quot;:{&quot;unit&quot;:&quot;px&quot;,&quot;size&quot;:&quot;&quot;,&quot;sizes&quot;:[]}}\" data-widget_type=\"posts.cards\">\n\t\t\t\t<div class=\"elementor-widget-container\">\n\t\t\t\t\t\t\t<div class=\"elementor-posts-container elementor-posts elementor-posts--skin-cards elementor-grid\" role=\"list\">\n\t\t\t\t<article class=\"elementor-post elementor-grid-item post-12690 page type-page status-publish has-post-thumbnail hentry\" role=\"listitem\">\n\t\t\t<div class=\"elementor-post__card\">\n\t\t\t\t<a class=\"elementor-post__thumbnail__link\" href=\"https:\/\/rolloutdoors.com\/en\/saariselka\/\" tabindex=\"-1\" ><div class=\"elementor-post__thumbnail\"><img fetchpriority=\"high\" decoding=\"async\" width=\"768\" height=\"576\" src=\"https:\/\/rolloutdoors.com\/wp-content\/uploads\/2023\/02\/Kiilopaa-pyoraretki-1233414-768x576.jpg\" class=\"attachment-medium_large size-medium_large wp-image-12391\" alt=\"winter winter hike winter hike group hike bike hike mountain bike hike fatbike hike fat bike electric bike efatbike\" srcset=\"https:\/\/rolloutdoors.com\/wp-content\/uploads\/2023\/02\/Kiilopaa-pyoraretki-1233414-768x576.jpg 768w, https:\/\/rolloutdoors.com\/wp-content\/uploads\/2023\/02\/Kiilopaa-pyoraretki-1233414-300x225.jpg 300w, https:\/\/rolloutdoors.com\/wp-content\/uploads\/2023\/02\/Kiilopaa-pyoraretki-1233414-1024x768.jpg 1024w, https:\/\/rolloutdoors.com\/wp-content\/uploads\/2023\/02\/Kiilopaa-pyoraretki-1233414-1536x1152.jpg 1536w, https:\/\/rolloutdoors.com\/wp-content\/uploads\/2023\/02\/Kiilopaa-pyoraretki-1233414-2048x1536.jpg 2048w\" sizes=\"(max-width: 768px) 100vw, 768px\" \/><\/div><\/a>\n\t\t\t\t<div class=\"elementor-post__text\">\n\t\t\t\t<h3 class=\"elementor-post__title\">\n\t\t\t<a href=\"https:\/\/rolloutdoors.com\/en\/saariselka\/\" >\n\t\t\t\tSaariselk\u00e4\t\t\t<\/a>\n\t\t<\/h3>\n\t\t\t\t<\/div>\n\t\t\t\t\t<\/div>\n\t\t<\/article>\n\t\t\t\t<article class=\"elementor-post elementor-grid-item post-12703 page type-page status-publish has-post-thumbnail hentry\" role=\"listitem\">\n\t\t\t<div class=\"elementor-post__card\">\n\t\t\t\t<a class=\"elementor-post__thumbnail__link\" href=\"https:\/\/rolloutdoors.com\/en\/electric-bike-rental\/\" tabindex=\"-1\" ><div class=\"elementor-post__thumbnail\"><img decoding=\"async\" width=\"768\" height=\"480\" src=\"https:\/\/rolloutdoors.com\/wp-content\/uploads\/2023\/04\/Rockmachine-Avalanche-e-fatbike-1322305-some-768x480.jpg\" class=\"attachment-medium_large size-medium_large wp-image-16169\" alt=\"what to do in Rovaniemi\" srcset=\"https:\/\/rolloutdoors.com\/wp-content\/uploads\/2023\/04\/Rockmachine-Avalanche-e-fatbike-1322305-some-768x480.jpg 768w, https:\/\/rolloutdoors.com\/wp-content\/uploads\/2023\/04\/Rockmachine-Avalanche-e-fatbike-1322305-some-300x188.jpg 300w, https:\/\/rolloutdoors.com\/wp-content\/uploads\/2023\/04\/Rockmachine-Avalanche-e-fatbike-1322305-some-1024x640.jpg 1024w, https:\/\/rolloutdoors.com\/wp-content\/uploads\/2023\/04\/Rockmachine-Avalanche-e-fatbike-1322305-some-1536x960.jpg 1536w, https:\/\/rolloutdoors.com\/wp-content\/uploads\/2023\/04\/Rockmachine-Avalanche-e-fatbike-1322305-some.jpg 1920w\" sizes=\"(max-width: 768px) 100vw, 768px\" \/><\/div><\/a>\n\t\t\t\t<div class=\"elementor-post__text\">\n\t\t\t\t<h3 class=\"elementor-post__title\">\n\t\t\t<a href=\"https:\/\/rolloutdoors.com\/en\/electric-bike-rental\/\" >\n\t\t\t\tElectric bike rental\t\t\t<\/a>\n\t\t<\/h3>\n\t\t\t\t<\/div>\n\t\t\t\t\t<\/div>\n\t\t<\/article>\n\t\t\t\t<article class=\"elementor-post elementor-grid-item post-18455 page type-page status-publish has-post-thumbnail hentry\" role=\"listitem\">\n\t\t\t<div class=\"elementor-post__card\">\n\t\t\t\t<a class=\"elementor-post__thumbnail__link\" href=\"https:\/\/rolloutdoors.com\/en\/saariselka\/guided-winter-electric-bike-tour-saariselka\/\" tabindex=\"-1\" ><div class=\"elementor-post__thumbnail\"><img decoding=\"async\" width=\"768\" height=\"576\" src=\"https:\/\/rolloutdoors.com\/wp-content\/uploads\/2023\/10\/Kiilopaa-pyoraretki-1233414-768x576.jpg\" class=\"attachment-medium_large size-medium_large wp-image-18405\" alt=\"Guided electric bike tour fat bike tour Saariselk\u00e4\" srcset=\"https:\/\/rolloutdoors.com\/wp-content\/uploads\/2023\/10\/Kiilopaa-pyoraretki-1233414-768x576.jpg 768w, https:\/\/rolloutdoors.com\/wp-content\/uploads\/2023\/10\/Kiilopaa-pyoraretki-1233414-300x225.jpg 300w, https:\/\/rolloutdoors.com\/wp-content\/uploads\/2023\/10\/Kiilopaa-pyoraretki-1233414-1024x768.jpg 1024w, https:\/\/rolloutdoors.com\/wp-content\/uploads\/2023\/10\/Kiilopaa-pyoraretki-1233414-1536x1152.jpg 1536w, https:\/\/rolloutdoors.com\/wp-content\/uploads\/2023\/10\/Kiilopaa-pyoraretki-1233414-2048x1536.jpg 2048w\" sizes=\"(max-width: 768px) 100vw, 768px\" \/><\/div><\/a>\n\t\t\t\t<div class=\"elementor-post__text\">\n\t\t\t\t<h3 class=\"elementor-post__title\">\n\t\t\t<a href=\"https:\/\/rolloutdoors.com\/en\/saariselka\/guided-winter-electric-bike-tour-saariselka\/\" >\n\t\t\t\tGuided winter electric bike tour Saariselk\u00e4\t\t\t<\/a>\n\t\t<\/h3>\n\t\t\t\t<\/div>\n\t\t\t\t\t<\/div>\n\t\t<\/article>\n\t\t\t\t<\/div>\n\t\t\n\t\t\t\t\t\t<\/div>\n\t\t\t\t<\/div>\n\t\t\t\t\t<\/div>\n\t\t<\/div>\n\t\t\t\t\t<\/div>\n\t\t<\/section>\n\t\t\t\t<section class=\"elementor-section elementor-top-section elementor-element elementor-element-5ee6340 elementor-section-boxed elementor-section-height-default elementor-section-height-default\" data-id=\"5ee6340\" data-element_type=\"section\">\n\t\t\t\t\t\t<div class=\"elementor-container elementor-column-gap-default\">\n\t\t\t\t\t<div class=\"elementor-column elementor-col-100 elementor-top-column elementor-element elementor-element-4160cc3f\" data-id=\"4160cc3f\" data-element_type=\"column\">\n\t\t\t<div class=\"elementor-widget-wrap elementor-element-populated\">\n\t\t\t\t\t\t<div class=\"elementor-element elementor-element-4cfe3ab8 elementor-widget elementor-widget-heading\" data-id=\"4cfe3ab8\" data-element_type=\"widget\" data-widget_type=\"heading.default\">\n\t\t\t\t<div class=\"elementor-widget-container\">\n\t\t\t\t\t<h2 class=\"elementor-heading-title elementor-size-default\">Can we help you?<\/h2>\t\t\t\t<\/div>\n\t\t\t\t<\/div>\n\t\t\t\t<div class=\"elementor-element elementor-element-4d4471e5 elementor-widget elementor-widget-text-editor\" data-id=\"4d4471e5\" data-element_type=\"widget\" data-widget_type=\"text-editor.default\">\n\t\t\t\t<div class=\"elementor-widget-container\">\n\t\t\t\t\t\t\t\t\t<p>J\u00e4ik\u00f6 sinulle kysytt\u00e4v\u00e4\u00e4 py\u00f6r\u00e4nvuokrauksesta Saarisel\u00e4ll\u00e4 tai opastetuista retkist\u00e4mme? Kaipaatko kenties lis\u00e4\u00e4 tietoa fatbikeist\u00e4 tai maastopy\u00f6rist\u00e4mme? Ota yhteytt\u00e4, niin autamme mielell\u00e4mme kaikissa py\u00f6r\u00e4n vuokraukseen liittyviss\u00e4 asioissa.<\/p><p>Puhelin: <a href=\"tel:00358400188261\">0400 188 261<\/a><br \/>S\u00e4hk\u00f6posti: <a href=\"mailto:saariselka@rolloutdoors.com\">saariselka@rolloutdoors.com<\/a><\/p>\t\t\t\t\t\t\t\t<\/div>\n\t\t\t\t<\/div>\n\t\t\t\t<div class=\"elementor-element elementor-element-1846ee08 elementor-button-align-stretch elementor-widget elementor-widget-form\" data-id=\"1846ee08\" data-element_type=\"widget\" data-settings=\"{&quot;step_next_label&quot;:&quot;Next&quot;,&quot;step_previous_label&quot;:&quot;Previous&quot;,&quot;button_width&quot;:&quot;100&quot;,&quot;step_type&quot;:&quot;number_text&quot;,&quot;step_icon_shape&quot;:&quot;circle&quot;}\" data-widget_type=\"form.default\">\n\t\t\t\t<div class=\"elementor-widget-container\">\n\t\t\t\t\t\t\t<form class=\"elementor-form\" method=\"post\" id=\"kiilopaa_FI\" name=\"Yhteydenotto Kiilop\u00e4\u00e4\" aria-label=\"Yhteydenotto Kiilop\u00e4\u00e4\">\n\t\t\t<input type=\"hidden\" name=\"post_id\" value=\"18501\"\/>\n\t\t\t<input type=\"hidden\" name=\"form_id\" value=\"1846ee08\"\/>\n\t\t\t<input type=\"hidden\" name=\"referer_title\" value=\"Roll Outdoors\" \/>\n\n\t\t\t\n\t\t\t<div class=\"elementor-form-fields-wrapper elementor-labels-above\">\n\t\t\t\t\t\t\t\t<div class=\"elementor-field-type-text elementor-field-group elementor-column elementor-field-group-field_fa00949 elementor-col-100\">\n\t\t\t\t\t\t\t\t\t\t\t\t<label for=\"form-field-field_fa00949\" class=\"elementor-field-label\">\n\t\t\t\t\t\t\t\tNimi\t\t\t\t\t\t\t<\/label>\n\t\t\t\t\t\t\t\t\t\t\t\t\t\t<input size=\"1\" type=\"text\" name=\"form_fields[field_fa00949]\" id=\"form-field-field_fa00949\" class=\"elementor-field elementor-size-sm  elementor-field-textual\" placeholder=\"Nimi\">\n\t\t\t\t\t\t\t\t\t\t\t<\/div>\n\t\t\t\t\t\t\t\t<div class=\"elementor-field-type-email elementor-field-group elementor-column elementor-field-group-email elementor-col-100 elementor-field-required\">\n\t\t\t\t\t\t\t\t\t\t\t\t<label for=\"form-field-email\" class=\"elementor-field-label\">\n\t\t\t\t\t\t\t\tS\u00e4hk\u00f6posti\t\t\t\t\t\t\t<\/label>\n\t\t\t\t\t\t\t\t\t\t\t\t\t\t<input size=\"1\" type=\"email\" name=\"form_fields[email]\" id=\"form-field-email\" class=\"elementor-field elementor-size-sm  elementor-field-textual\" placeholder=\"S\u00e4hk\u00f6posti\" required=\"required\">\n\t\t\t\t\t\t\t\t\t\t\t<\/div>\n\t\t\t\t\t\t\t\t<div class=\"elementor-field-type-textarea elementor-field-group elementor-column elementor-field-group-message elementor-col-100\">\n\t\t\t\t\t\t\t\t\t\t\t\t<label for=\"form-field-message\" class=\"elementor-field-label\">\n\t\t\t\t\t\t\t\tViesti\t\t\t\t\t\t\t<\/label>\n\t\t\t\t\t\t<textarea class=\"elementor-field-textual elementor-field  elementor-size-sm\" name=\"form_fields[message]\" id=\"form-field-message\" rows=\"4\" placeholder=\"Viestisi t\u00e4h\u00e4n\"><\/textarea>\t\t\t\t<\/div>\n\t\t\t\t\t\t\t\t<div class=\"elementor-field-group elementor-column elementor-field-type-submit elementor-col-100 e-form__buttons\">\n\t\t\t\t\t<button class=\"elementor-button elementor-size-sm\" type=\"submit\">\n\t\t\t\t\t\t<span class=\"elementor-button-content-wrapper\">\n\t\t\t\t\t\t\t\t\t\t\t\t\t\t\t\t\t\t\t\t\t\t<span class=\"elementor-button-text\">L\u00e4het\u00e4<\/span>\n\t\t\t\t\t\t\t\t\t\t\t\t\t<\/span>\n\t\t\t\t\t<\/button>\n\t\t\t\t<\/div>\n\t\t\t<\/div>\n\t\t<\/form>\n\t\t\t\t\t\t<\/div>\n\t\t\t\t<\/div>\n\t\t\t\t\t<\/div>\n\t\t<\/div>\n\t\t\t\t\t<\/div>\n\t\t<\/section>\n\t\t\t\t<\/div>\n\t\t","protected":false},"excerpt":{"rendered":"<p>Programme services for those staying in the Kiilop\u00e4\u00e4 Villas Are you staying at Kiilop\u00e4\u00e4 Villas and need something to do on your<\/p>\n","protected":false},"author":3,"featured_media":12392,"parent":12690,"menu_order":0,"comment_status":"closed","ping_status":"closed","template":"","meta":{"_acf_changed":false,"footnotes":""},"class_list":["post-18501","page","type-page","status-publish","has-post-thumbnail","hentry"],"acf":[],"yoast_head":"<title>Kiilop\u00e4\u00e4 Villas - Roll Outdoors<\/title>\n<meta name=\"description\" content=\"Are you staying at Kiilop\u00e4\u00e4 Villas? Here&#039;s the best programme services for you during your stay!\" \/>\n<meta name=\"robots\" content=\"index, follow, max-snippet:-1, max-image-preview:large, max-video-preview:-1\" \/>\n<link rel=\"canonical\" href=\"https:\/\/rolloutdoors.com\/en\/saariselka\/kiilopaa-villas\/\" \/>\n<meta property=\"og:locale\" content=\"en_US\" \/>\n<meta property=\"og:type\" content=\"article\" \/>\n<meta property=\"og:title\" content=\"Kiilop\u00e4\u00e4 Villas - Roll Outdoors\" \/>\n<meta property=\"og:description\" content=\"Are you staying at Kiilop\u00e4\u00e4 Villas? Here&#039;s the best programme services for you during your stay!\" \/>\n<meta property=\"og:url\" content=\"https:\/\/rolloutdoors.com\/en\/saariselka\/kiilopaa-villas\/\" \/>\n<meta property=\"og:site_name\" content=\"Roll Outdoors\" \/>\n<meta property=\"article:modified_time\" content=\"2023-11-03T10:36:47+00:00\" \/>\n<meta property=\"og:image\" content=\"https:\/\/rolloutdoors.com\/wp-content\/uploads\/2023\/02\/Kiilopaa-pyoraretki-1030071.jpg\" \/>\n\t<meta property=\"og:image:width\" content=\"2560\" \/>\n\t<meta property=\"og:image:height\" content=\"1922\" \/>\n\t<meta property=\"og:image:type\" content=\"image\/jpeg\" \/>\n<meta name=\"twitter:card\" content=\"summary_large_image\" \/>\n<meta name=\"twitter:label1\" content=\"Est. reading time\" \/>\n\t<meta name=\"twitter:data1\" content=\"1 minute\" \/>\n<script type=\"application\/ld+json\" class=\"yoast-schema-graph\">{\"@context\":\"https:\/\/schema.org\",\"@graph\":[{\"@type\":\"WebPage\",\"@id\":\"https:\/\/rolloutdoors.com\/en\/saariselka\/kiilopaa-villas\/\",\"url\":\"https:\/\/rolloutdoors.com\/en\/saariselka\/kiilopaa-villas\/\",\"name\":\"Kiilop\u00e4\u00e4 Villas - Roll Outdoors\",\"isPartOf\":{\"@id\":\"https:\/\/rolloutdoors.com\/en\/#website\"},\"primaryImageOfPage\":{\"@id\":\"https:\/\/rolloutdoors.com\/en\/saariselka\/kiilopaa-villas\/#primaryimage\"},\"image\":{\"@id\":\"https:\/\/rolloutdoors.com\/en\/saariselka\/kiilopaa-villas\/#primaryimage\"},\"thumbnailUrl\":\"https:\/\/rolloutdoors.com\/wp-content\/uploads\/2023\/02\/Kiilopaa-pyoraretki-1030071.jpg\",\"datePublished\":\"2023-11-03T10:35:37+00:00\",\"dateModified\":\"2023-11-03T10:36:47+00:00\",\"description\":\"Are you staying at Kiilop\u00e4\u00e4 Villas? Here's the best programme services for you during your stay!\",\"breadcrumb\":{\"@id\":\"https:\/\/rolloutdoors.com\/en\/saariselka\/kiilopaa-villas\/#breadcrumb\"},\"inLanguage\":\"en-US\",\"potentialAction\":[{\"@type\":\"ReadAction\",\"target\":[\"https:\/\/rolloutdoors.com\/en\/saariselka\/kiilopaa-villas\/\"]}]},{\"@type\":\"ImageObject\",\"inLanguage\":\"en-US\",\"@id\":\"https:\/\/rolloutdoors.com\/en\/saariselka\/kiilopaa-villas\/#primaryimage\",\"url\":\"https:\/\/rolloutdoors.com\/wp-content\/uploads\/2023\/02\/Kiilopaa-pyoraretki-1030071.jpg\",\"contentUrl\":\"https:\/\/rolloutdoors.com\/wp-content\/uploads\/2023\/02\/Kiilopaa-pyoraretki-1030071.jpg\",\"width\":2560,\"height\":1922,\"caption\":\"bike tour mountain bike tour fat bike fat bike fat bike fat bike efatbike mountain bike route winter route route\"},{\"@type\":\"BreadcrumbList\",\"@id\":\"https:\/\/rolloutdoors.com\/en\/saariselka\/kiilopaa-villas\/#breadcrumb\",\"itemListElement\":[{\"@type\":\"ListItem\",\"position\":1,\"name\":\"Frontpage\",\"item\":\"https:\/\/rolloutdoors.com\/en\/\"},{\"@type\":\"ListItem\",\"position\":2,\"name\":\"Saariselk\u00e4\",\"item\":\"https:\/\/rolloutdoors.com\/en\/saariselka\/\"},{\"@type\":\"ListItem\",\"position\":3,\"name\":\"Kiilop\u00e4\u00e4 Villas\"}]},{\"@type\":\"WebSite\",\"@id\":\"https:\/\/rolloutdoors.com\/en\/#website\",\"url\":\"https:\/\/rolloutdoors.com\/en\/\",\"name\":\"Roll Outdoors\",\"description\":\"Bike tours and rentals\",\"publisher\":{\"@id\":\"https:\/\/rolloutdoors.com\/en\/#organization\"},\"potentialAction\":[{\"@type\":\"SearchAction\",\"target\":{\"@type\":\"EntryPoint\",\"urlTemplate\":\"https:\/\/rolloutdoors.com\/en\/?s={search_term_string}\"},\"query-input\":{\"@type\":\"PropertyValueSpecification\",\"valueRequired\":true,\"valueName\":\"search_term_string\"}}],\"inLanguage\":\"en-US\"},{\"@type\":\"Organization\",\"@id\":\"https:\/\/rolloutdoors.com\/en\/#organization\",\"name\":\"Roll Outdoors\",\"url\":\"https:\/\/rolloutdoors.com\/en\/\",\"logo\":{\"@type\":\"ImageObject\",\"inLanguage\":\"en-US\",\"@id\":\"https:\/\/rolloutdoors.com\/en\/#\/schema\/logo\/image\/\",\"url\":\"https:\/\/rolloutdoors.com\/wp-content\/uploads\/2022\/03\/Roll-Outdoors-logo-newlabel-800px.png\",\"contentUrl\":\"https:\/\/rolloutdoors.com\/wp-content\/uploads\/2022\/03\/Roll-Outdoors-logo-newlabel-800px.png\",\"width\":800,\"height\":639,\"caption\":\"Roll Outdoors\"},\"image\":{\"@id\":\"https:\/\/rolloutdoors.com\/en\/#\/schema\/logo\/image\/\"}}]}<\/script>","yoast_head_json":{"title":"Kiilop\u00e4\u00e4 Villas - Roll Outdoors","description":"Are you staying at Kiilop\u00e4\u00e4 Villas? Here's the best programme services for you during your stay!","robots":{"index":"index","follow":"follow","max-snippet":"max-snippet:-1","max-image-preview":"max-image-preview:large","max-video-preview":"max-video-preview:-1"},"canonical":"https:\/\/rolloutdoors.com\/en\/saariselka\/kiilopaa-villas\/","og_locale":"en_US","og_type":"article","og_title":"Kiilop\u00e4\u00e4 Villas - Roll Outdoors","og_description":"Are you staying at Kiilop\u00e4\u00e4 Villas? Here's the best programme services for you during your stay!","og_url":"https:\/\/rolloutdoors.com\/en\/saariselka\/kiilopaa-villas\/","og_site_name":"Roll Outdoors","article_modified_time":"2023-11-03T10:36:47+00:00","og_image":[{"width":2560,"height":1922,"url":"https:\/\/rolloutdoors.com\/wp-content\/uploads\/2023\/02\/Kiilopaa-pyoraretki-1030071.jpg","type":"image\/jpeg"}],"twitter_card":"summary_large_image","twitter_misc":{"Est. reading time":"1 minute"},"schema":{"@context":"https:\/\/schema.org","@graph":[{"@type":"WebPage","@id":"https:\/\/rolloutdoors.com\/en\/saariselka\/kiilopaa-villas\/","url":"https:\/\/rolloutdoors.com\/en\/saariselka\/kiilopaa-villas\/","name":"Kiilop\u00e4\u00e4 Villas - Roll Outdoors","isPartOf":{"@id":"https:\/\/rolloutdoors.com\/en\/#website"},"primaryImageOfPage":{"@id":"https:\/\/rolloutdoors.com\/en\/saariselka\/kiilopaa-villas\/#primaryimage"},"image":{"@id":"https:\/\/rolloutdoors.com\/en\/saariselka\/kiilopaa-villas\/#primaryimage"},"thumbnailUrl":"https:\/\/rolloutdoors.com\/wp-content\/uploads\/2023\/02\/Kiilopaa-pyoraretki-1030071.jpg","datePublished":"2023-11-03T10:35:37+00:00","dateModified":"2023-11-03T10:36:47+00:00","description":"Are you staying at Kiilop\u00e4\u00e4 Villas? Here's the best programme services for you during your stay!","breadcrumb":{"@id":"https:\/\/rolloutdoors.com\/en\/saariselka\/kiilopaa-villas\/#breadcrumb"},"inLanguage":"en-US","potentialAction":[{"@type":"ReadAction","target":["https:\/\/rolloutdoors.com\/en\/saariselka\/kiilopaa-villas\/"]}]},{"@type":"ImageObject","inLanguage":"en-US","@id":"https:\/\/rolloutdoors.com\/en\/saariselka\/kiilopaa-villas\/#primaryimage","url":"https:\/\/rolloutdoors.com\/wp-content\/uploads\/2023\/02\/Kiilopaa-pyoraretki-1030071.jpg","contentUrl":"https:\/\/rolloutdoors.com\/wp-content\/uploads\/2023\/02\/Kiilopaa-pyoraretki-1030071.jpg","width":2560,"height":1922,"caption":"bike tour mountain bike tour fat bike fat bike fat bike fat bike efatbike mountain bike route winter route route"},{"@type":"BreadcrumbList","@id":"https:\/\/rolloutdoors.com\/en\/saariselka\/kiilopaa-villas\/#breadcrumb","itemListElement":[{"@type":"ListItem","position":1,"name":"Frontpage","item":"https:\/\/rolloutdoors.com\/en\/"},{"@type":"ListItem","position":2,"name":"Saariselk\u00e4","item":"https:\/\/rolloutdoors.com\/en\/saariselka\/"},{"@type":"ListItem","position":3,"name":"Kiilop\u00e4\u00e4 Villas"}]},{"@type":"WebSite","@id":"https:\/\/rolloutdoors.com\/en\/#website","url":"https:\/\/rolloutdoors.com\/en\/","name":"Roll Outdoors","description":"Bike tours and rentals","publisher":{"@id":"https:\/\/rolloutdoors.com\/en\/#organization"},"potentialAction":[{"@type":"SearchAction","target":{"@type":"EntryPoint","urlTemplate":"https:\/\/rolloutdoors.com\/en\/?s={search_term_string}"},"query-input":{"@type":"PropertyValueSpecification","valueRequired":true,"valueName":"search_term_string"}}],"inLanguage":"en-US"},{"@type":"Organization","@id":"https:\/\/rolloutdoors.com\/en\/#organization","name":"Roll Outdoors","url":"https:\/\/rolloutdoors.com\/en\/","logo":{"@type":"ImageObject","inLanguage":"en-US","@id":"https:\/\/rolloutdoors.com\/en\/#\/schema\/logo\/image\/","url":"https:\/\/rolloutdoors.com\/wp-content\/uploads\/2022\/03\/Roll-Outdoors-logo-newlabel-800px.png","contentUrl":"https:\/\/rolloutdoors.com\/wp-content\/uploads\/2022\/03\/Roll-Outdoors-logo-newlabel-800px.png","width":800,"height":639,"caption":"Roll Outdoors"},"image":{"@id":"https:\/\/rolloutdoors.com\/en\/#\/schema\/logo\/image\/"}}]}},"_links":{"self":[{"href":"https:\/\/rolloutdoors.com\/en\/wp-json\/wp\/v2\/pages\/18501","targetHints":{"allow":["GET"]}}],"collection":[{"href":"https:\/\/rolloutdoors.com\/en\/wp-json\/wp\/v2\/pages"}],"about":[{"href":"https:\/\/rolloutdoors.com\/en\/wp-json\/wp\/v2\/types\/page"}],"author":[{"embeddable":true,"href":"https:\/\/rolloutdoors.com\/en\/wp-json\/wp\/v2\/users\/3"}],"replies":[{"embeddable":true,"href":"https:\/\/rolloutdoors.com\/en\/wp-json\/wp\/v2\/comments?post=18501"}],"version-history":[{"count":0,"href":"https:\/\/rolloutdoors.com\/en\/wp-json\/wp\/v2\/pages\/18501\/revisions"}],"up":[{"embeddable":true,"href":"https:\/\/rolloutdoors.com\/en\/wp-json\/wp\/v2\/pages\/12690"}],"wp:featuredmedia":[{"embeddable":true,"href":"https:\/\/rolloutdoors.com\/en\/wp-json\/wp\/v2\/media\/12392"}],"wp:attachment":[{"href":"https:\/\/rolloutdoors.com\/en\/wp-json\/wp\/v2\/media?parent=18501"}],"curies":[{"name":"wp","href":"https:\/\/api.w.org\/{rel}","templated":true}]}}