{"id":16354,"date":"2023-05-10T07:27:58","date_gmt":"2023-05-10T07:27:58","guid":{"rendered":"https:\/\/rolloutdoors.com\/saariselka-kiilopaa\/guided-bike-tours-saariselka\/easy-bike-tour-saariselka\/"},"modified":"2023-06-07T12:45:28","modified_gmt":"2023-06-07T12:45:28","slug":"easy-group-ride","status":"publish","type":"page","link":"https:\/\/rolloutdoors.com\/en\/saariselka\/guided-bike-tours-saariselka\/easy-group-ride\/","title":{"rendered":"Mountain biking appetizer &#8211; easy group ride &#8211; Saariselk\u00e4 Kiilop\u00e4\u00e4"},"content":{"rendered":"\t\t<div data-elementor-type=\"wp-page\" data-elementor-id=\"16354\" class=\"elementor elementor-16354 elementor-16332\" data-elementor-post-type=\"page\">\n\t\t\t\t\t\t<section class=\"elementor-section elementor-top-section elementor-element elementor-element-1ebd4d46 elementor-section-boxed elementor-section-height-default elementor-section-height-default\" data-id=\"1ebd4d46\" data-element_type=\"section\">\n\t\t\t\t\t\t<div class=\"elementor-container elementor-column-gap-default\">\n\t\t\t\t\t<div class=\"elementor-column elementor-col-100 elementor-top-column elementor-element elementor-element-59fc093\" data-id=\"59fc093\" data-element_type=\"column\">\n\t\t\t<div class=\"elementor-widget-wrap elementor-element-populated\">\n\t\t\t\t\t\t<div class=\"elementor-element elementor-element-b1b0f71 elementor-widget elementor-widget-heading\" data-id=\"b1b0f71\" data-element_type=\"widget\" data-widget_type=\"heading.default\">\n\t\t\t\t<div class=\"elementor-widget-container\">\n\t\t\t\t\t<h2 class=\"elementor-heading-title elementor-size-default\">An easy bike tour at Saariselk\u00e4 Kiilop\u00e4\u00e4<\/h2>\t\t\t\t<\/div>\n\t\t\t\t<\/div>\n\t\t\t\t<div class=\"elementor-element elementor-element-e234e4e elementor-widget elementor-widget-text-editor\" data-id=\"e234e4e\" data-element_type=\"widget\" data-widget_type=\"text-editor.default\">\n\t\t\t\t<div class=\"elementor-widget-container\">\n\t\t\t\t\t\t\t\t\t<p>This is an easy bike ride in the Saariselk\u00e4 area. Join us for a ride together with other people interested in mountain biking in the beautiful landscapes of Kiilop\u00e4\u00e4.<\/p>\n\t\t\t\t\t\t\t\t<\/div>\n\t\t\t\t<\/div>\n\t\t\t\t<div class=\"elementor-element elementor-element-27a6923b elementor-widget elementor-widget-shortcode\" data-id=\"27a6923b\" data-element_type=\"widget\" data-widget_type=\"shortcode.default\">\n\t\t\t\t<div class=\"elementor-widget-container\">\n\t\t\t\t\t\t\t<div class=\"elementor-shortcode\">\t\t<div class=\"wp-block-embed-rentle-shop-block medium-padding\">\n\t\t\t\t\t\t\t<rentle-store  shop=\"rolloutdoors\" store=\"rolloutdoorskiilopaa\" product=\"3aAKuz2sWAv00ObTQPXX?lang=eng\" lang=\"en\" \/>\n\t\t\t\t\t\t<\/div>\n\t\t<\/div>\n\t\t\t\t\t\t<\/div>\n\t\t\t\t<\/div>\n\t\t\t\t<div class=\"elementor-element elementor-element-f057ac7 elementor-widget elementor-widget-global elementor-global-16653 elementor-global-16626 elementor-widget-text-editor\" data-id=\"f057ac7\" data-element_type=\"widget\" data-widget_type=\"text-editor.default\">\n\t\t\t\t<div class=\"elementor-widget-container\">\n\t\t\t\t\t\t\t\t\t<p><strong>Isn&#8217;t there an online shop above this text? Cookies must be accepted in order to view the online shop. You can also access the online shop by clicking <a href=\"http:\/\/book.rolloutdoors.com\">HERE<\/a>.<\/strong><\/p>\n\t\t\t\t\t\t\t\t<\/div>\n\t\t\t\t<\/div>\n\t\t\t\t\t<\/div>\n\t\t<\/div>\n\t\t\t\t\t<\/div>\n\t\t<\/section>\n\t\t\t\t<section class=\"elementor-section elementor-top-section elementor-element elementor-element-61d0e12a elementor-section-boxed elementor-section-height-default elementor-section-height-default\" data-id=\"61d0e12a\" data-element_type=\"section\">\n\t\t\t\t\t\t<div class=\"elementor-container elementor-column-gap-default\">\n\t\t\t\t\t<div class=\"elementor-column elementor-col-100 elementor-top-column elementor-element elementor-element-54bb8436\" data-id=\"54bb8436\" data-element_type=\"column\">\n\t\t\t<div class=\"elementor-widget-wrap elementor-element-populated\">\n\t\t\t\t\t\t<div class=\"elementor-element elementor-element-f6039aa elementor-widget elementor-widget-heading\" data-id=\"f6039aa\" data-element_type=\"widget\" data-widget_type=\"heading.default\">\n\t\t\t\t<div class=\"elementor-widget-container\">\n\t\t\t\t\t<h2 class=\"elementor-heading-title elementor-size-default\">Can we help you?<\/h2>\t\t\t\t<\/div>\n\t\t\t\t<\/div>\n\t\t\t\t<div class=\"elementor-element elementor-element-7b43756f elementor-widget elementor-widget-text-editor\" data-id=\"7b43756f\" data-element_type=\"widget\" data-widget_type=\"text-editor.default\">\n\t\t\t\t<div class=\"elementor-widget-container\">\n\t\t\t\t\t\t\t\t\t<p>Do you have any questions about bike rental in Saariselk\u00e4 or our guided tours? Perhaps you need more information about fatbikes or our mountain bikes? Contact us and we will be happy to help you with all your bike rental needs.<\/p>\n<p>Telephone: <a href=\"tel:00358400188261\">0400188 261<\/a><br \/>Email: <a href=\"mailto:kiilopaa@rolloutdoors.com\">kiilopaa@rolloutdoors.com<\/a><\/p>\n\t\t\t\t\t\t\t\t<\/div>\n\t\t\t\t<\/div>\n\t\t\t\t<div class=\"elementor-element elementor-element-c7341e8 elementor-button-align-stretch elementor-widget elementor-widget-form\" data-id=\"c7341e8\" data-element_type=\"widget\" data-settings=\"{&quot;step_next_label&quot;:&quot;Next&quot;,&quot;step_previous_label&quot;:&quot;Previous&quot;,&quot;button_width&quot;:&quot;100&quot;,&quot;step_type&quot;:&quot;number_text&quot;,&quot;step_icon_shape&quot;:&quot;circle&quot;}\" data-widget_type=\"form.default\">\n\t\t\t\t<div class=\"elementor-widget-container\">\n\t\t\t\t\t\t\t<form class=\"elementor-form\" method=\"post\" id=\"Porukkalenkki_Kiilopaa\" name=\"A fun group walk\" aria-label=\"A fun group walk\">\n\t\t\t<input type=\"hidden\" name=\"post_id\" value=\"16354\"\/>\n\t\t\t<input type=\"hidden\" name=\"form_id\" value=\"c7341e8\"\/>\n\t\t\t<input type=\"hidden\" name=\"referer_title\" value=\"Mountain biking appetizer - easy group ride Saariselk\u00e4\" \/>\n\n\t\t\t\t\t\t\t<input type=\"hidden\" name=\"queried_id\" value=\"16354\"\/>\n\t\t\t\n\t\t\t<div class=\"elementor-form-fields-wrapper elementor-labels-above\">\n\t\t\t\t\t\t\t\t<div class=\"elementor-field-type-text elementor-field-group elementor-column elementor-field-group-name elementor-col-100\">\n\t\t\t\t\t\t\t\t\t\t\t\t<label for=\"form-field-name\" class=\"elementor-field-label\">\n\t\t\t\t\t\t\t\tName\t\t\t\t\t\t\t<\/label>\n\t\t\t\t\t\t\t\t\t\t\t\t\t\t<input size=\"1\" type=\"text\" name=\"form_fields[name]\" id=\"form-field-name\" class=\"elementor-field elementor-size-sm  elementor-field-textual\" placeholder=\"Name\">\n\t\t\t\t\t\t\t\t\t\t\t<\/div>\n\t\t\t\t\t\t\t\t<div class=\"elementor-field-type-email elementor-field-group elementor-column elementor-field-group-email elementor-col-100 elementor-field-required\">\n\t\t\t\t\t\t\t\t\t\t\t\t<label for=\"form-field-email\" class=\"elementor-field-label\">\n\t\t\t\t\t\t\t\tEmail\t\t\t\t\t\t\t<\/label>\n\t\t\t\t\t\t\t\t\t\t\t\t\t\t<input size=\"1\" type=\"email\" name=\"form_fields[email]\" id=\"form-field-email\" class=\"elementor-field elementor-size-sm  elementor-field-textual\" placeholder=\"Email\" required=\"required\">\n\t\t\t\t\t\t\t\t\t\t\t<\/div>\n\t\t\t\t\t\t\t\t<div class=\"elementor-field-type-textarea elementor-field-group elementor-column elementor-field-group-message elementor-col-100\">\n\t\t\t\t\t\t\t\t\t\t\t\t<label for=\"form-field-message\" class=\"elementor-field-label\">\n\t\t\t\t\t\t\t\tMessage to\t\t\t\t\t\t\t<\/label>\n\t\t\t\t\t\t<textarea class=\"elementor-field-textual elementor-field  elementor-size-sm\" name=\"form_fields[message]\" id=\"form-field-message\" rows=\"4\" placeholder=\"Write your message here.\"><\/textarea>\t\t\t\t<\/div>\n\t\t\t\t\t\t\t\t<div class=\"elementor-field-group elementor-column elementor-field-type-submit elementor-col-100 e-form__buttons\">\n\t\t\t\t\t<button class=\"elementor-button elementor-size-sm\" type=\"submit\">\n\t\t\t\t\t\t<span class=\"elementor-button-content-wrapper\">\n\t\t\t\t\t\t\t\t\t\t\t\t\t\t\t\t\t\t\t\t\t\t<span class=\"elementor-button-text\">Send<\/span>\n\t\t\t\t\t\t\t\t\t\t\t\t\t<\/span>\n\t\t\t\t\t<\/button>\n\t\t\t\t<\/div>\n\t\t\t<\/div>\n\t\t<\/form>\n\t\t\t\t\t\t<\/div>\n\t\t\t\t<\/div>\n\t\t\t\t\t<\/div>\n\t\t<\/div>\n\t\t\t\t\t<\/div>\n\t\t<\/section>\n\t\t\t\t<section class=\"elementor-section elementor-top-section elementor-element elementor-element-7d936417 elementor-section-boxed elementor-section-height-default elementor-section-height-default\" data-id=\"7d936417\" data-element_type=\"section\">\n\t\t\t\t\t\t<div class=\"elementor-container elementor-column-gap-default\">\n\t\t\t\t\t<div class=\"elementor-column elementor-col-100 elementor-top-column elementor-element elementor-element-6fcf0ed9\" data-id=\"6fcf0ed9\" data-element_type=\"column\">\n\t\t\t<div class=\"elementor-widget-wrap\">\n\t\t\t\t\t\t\t<\/div>\n\t\t<\/div>\n\t\t\t\t\t<\/div>\n\t\t<\/section>\n\t\t\t\t<\/div>\n\t\t","protected":false},"excerpt":{"rendered":"<p>An easy bike tour at Saariselk\u00e4 Kiilop\u00e4\u00e4 This is an easy bike ride in the Saariselk\u00e4 area. Join us for a ride together with other people interested in mountain biking in the beautiful landscapes of Kiilop\u00e4\u00e4. Isn&#8217;t there an online shop above this text? Cookies must be accepted in order to view the online shop. [&hellip;]<\/p>\n","protected":false},"author":3,"featured_media":16334,"parent":12738,"menu_order":0,"comment_status":"closed","ping_status":"closed","template":"","meta":{"_acf_changed":false,"footnotes":""},"class_list":["post-16354","page","type-page","status-publish","has-post-thumbnail","hentry"],"acf":[],"yoast_head":"<title>Mountain biking appetizer - easy group ride Saariselk\u00e4<\/title>\n<meta name=\"description\" content=\"Fall in love with mountain biking with an easy ride in the stunning surroundings of Kiilop\u00e4\u00e4. Read more and book the ride here.\" \/>\n<meta name=\"robots\" content=\"index, follow, max-snippet:-1, max-image-preview:large, max-video-preview:-1\" \/>\n<link rel=\"canonical\" href=\"https:\/\/rolloutdoors.com\/en\/saariselka\/guided-bike-tours-saariselka\/easy-group-ride\/\" \/>\n<meta property=\"og:locale\" content=\"en_US\" \/>\n<meta property=\"og:type\" content=\"article\" \/>\n<meta property=\"og:title\" content=\"Mountain biking appetizer - easy group ride Saariselk\u00e4\" \/>\n<meta property=\"og:description\" content=\"Fall in love with mountain biking with an easy ride in the stunning surroundings of Kiilop\u00e4\u00e4. Read more and book the ride here.\" \/>\n<meta property=\"og:url\" content=\"https:\/\/rolloutdoors.com\/en\/saariselka\/guided-bike-tours-saariselka\/easy-group-ride\/\" \/>\n<meta property=\"og:site_name\" content=\"Roll Outdoors\" \/>\n<meta property=\"article:modified_time\" content=\"2023-06-07T12:45:28+00:00\" \/>\n<meta property=\"og:image\" content=\"https:\/\/rolloutdoors.com\/wp-content\/uploads\/2023\/05\/Kiilopaa-mountain-biking-Roll-Outdoors-2.jpg\" \/>\n\t<meta property=\"og:image:width\" content=\"2560\" \/>\n\t<meta property=\"og:image:height\" content=\"1920\" \/>\n\t<meta property=\"og:image:type\" content=\"image\/jpeg\" \/>\n<meta name=\"twitter:card\" content=\"summary_large_image\" \/>\n<meta name=\"twitter:label1\" content=\"Est. reading time\" \/>\n\t<meta name=\"twitter:data1\" content=\"1 minute\" \/>\n<script type=\"application\/ld+json\" class=\"yoast-schema-graph\">{\"@context\":\"https:\/\/schema.org\",\"@graph\":[{\"@type\":\"WebPage\",\"@id\":\"https:\/\/rolloutdoors.com\/en\/saariselka\/guided-bike-tours-saariselka\/easy-group-ride\/\",\"url\":\"https:\/\/rolloutdoors.com\/en\/saariselka\/guided-bike-tours-saariselka\/easy-group-ride\/\",\"name\":\"Mountain biking appetizer - easy group ride Saariselk\u00e4\",\"isPartOf\":{\"@id\":\"https:\/\/rolloutdoors.com\/en\/#website\"},\"primaryImageOfPage\":{\"@id\":\"https:\/\/rolloutdoors.com\/en\/saariselka\/guided-bike-tours-saariselka\/easy-group-ride\/#primaryimage\"},\"image\":{\"@id\":\"https:\/\/rolloutdoors.com\/en\/saariselka\/guided-bike-tours-saariselka\/easy-group-ride\/#primaryimage\"},\"thumbnailUrl\":\"https:\/\/rolloutdoors.com\/wp-content\/uploads\/2023\/05\/Kiilopaa-mountain-biking-Roll-Outdoors-2.jpg\",\"datePublished\":\"2023-05-10T07:27:58+00:00\",\"dateModified\":\"2023-06-07T12:45:28+00:00\",\"description\":\"Fall in love with mountain biking with an easy ride in the stunning surroundings of Kiilop\u00e4\u00e4. Read more and book the ride here.\",\"breadcrumb\":{\"@id\":\"https:\/\/rolloutdoors.com\/en\/saariselka\/guided-bike-tours-saariselka\/easy-group-ride\/#breadcrumb\"},\"inLanguage\":\"en-US\",\"potentialAction\":[{\"@type\":\"ReadAction\",\"target\":[\"https:\/\/rolloutdoors.com\/en\/saariselka\/guided-bike-tours-saariselka\/easy-group-ride\/\"]}]},{\"@type\":\"ImageObject\",\"inLanguage\":\"en-US\",\"@id\":\"https:\/\/rolloutdoors.com\/en\/saariselka\/guided-bike-tours-saariselka\/easy-group-ride\/#primaryimage\",\"url\":\"https:\/\/rolloutdoors.com\/wp-content\/uploads\/2023\/05\/Kiilopaa-mountain-biking-Roll-Outdoors-2.jpg\",\"contentUrl\":\"https:\/\/rolloutdoors.com\/wp-content\/uploads\/2023\/05\/Kiilopaa-mountain-biking-Roll-Outdoors-2.jpg\",\"width\":2560,\"height\":1920},{\"@type\":\"BreadcrumbList\",\"@id\":\"https:\/\/rolloutdoors.com\/en\/saariselka\/guided-bike-tours-saariselka\/easy-group-ride\/#breadcrumb\",\"itemListElement\":[{\"@type\":\"ListItem\",\"position\":1,\"name\":\"Frontpage\",\"item\":\"https:\/\/rolloutdoors.com\/en\/\"},{\"@type\":\"ListItem\",\"position\":2,\"name\":\"Saariselk\u00e4\",\"item\":\"https:\/\/rolloutdoors.com\/en\/saariselka\/\"},{\"@type\":\"ListItem\",\"position\":3,\"name\":\"Guided tours &#8211; Saariselk\u00e4\",\"item\":\"https:\/\/rolloutdoors.com\/en\/saariselka\/guided-bike-tours-saariselka\/\"},{\"@type\":\"ListItem\",\"position\":4,\"name\":\"Mountain biking appetizer &#8211; easy group ride &#8211; Saariselk\u00e4 Kiilop\u00e4\u00e4\"}]},{\"@type\":\"WebSite\",\"@id\":\"https:\/\/rolloutdoors.com\/en\/#website\",\"url\":\"https:\/\/rolloutdoors.com\/en\/\",\"name\":\"Roll Outdoors\",\"description\":\"Bike tours and rentals\",\"publisher\":{\"@id\":\"https:\/\/rolloutdoors.com\/en\/#organization\"},\"potentialAction\":[{\"@type\":\"SearchAction\",\"target\":{\"@type\":\"EntryPoint\",\"urlTemplate\":\"https:\/\/rolloutdoors.com\/en\/?s={search_term_string}\"},\"query-input\":{\"@type\":\"PropertyValueSpecification\",\"valueRequired\":true,\"valueName\":\"search_term_string\"}}],\"inLanguage\":\"en-US\"},{\"@type\":\"Organization\",\"@id\":\"https:\/\/rolloutdoors.com\/en\/#organization\",\"name\":\"Roll Outdoors\",\"url\":\"https:\/\/rolloutdoors.com\/en\/\",\"logo\":{\"@type\":\"ImageObject\",\"inLanguage\":\"en-US\",\"@id\":\"https:\/\/rolloutdoors.com\/en\/#\/schema\/logo\/image\/\",\"url\":\"https:\/\/rolloutdoors.com\/wp-content\/uploads\/2022\/03\/Roll-Outdoors-logo-newlabel-800px.png\",\"contentUrl\":\"https:\/\/rolloutdoors.com\/wp-content\/uploads\/2022\/03\/Roll-Outdoors-logo-newlabel-800px.png\",\"width\":800,\"height\":639,\"caption\":\"Roll Outdoors\"},\"image\":{\"@id\":\"https:\/\/rolloutdoors.com\/en\/#\/schema\/logo\/image\/\"}}]}<\/script>","yoast_head_json":{"title":"Mountain biking appetizer - easy group ride Saariselk\u00e4","description":"Fall in love with mountain biking with an easy ride in the stunning surroundings of Kiilop\u00e4\u00e4. Read more and book the ride here.","robots":{"index":"index","follow":"follow","max-snippet":"max-snippet:-1","max-image-preview":"max-image-preview:large","max-video-preview":"max-video-preview:-1"},"canonical":"https:\/\/rolloutdoors.com\/en\/saariselka\/guided-bike-tours-saariselka\/easy-group-ride\/","og_locale":"en_US","og_type":"article","og_title":"Mountain biking appetizer - easy group ride Saariselk\u00e4","og_description":"Fall in love with mountain biking with an easy ride in the stunning surroundings of Kiilop\u00e4\u00e4. Read more and book the ride here.","og_url":"https:\/\/rolloutdoors.com\/en\/saariselka\/guided-bike-tours-saariselka\/easy-group-ride\/","og_site_name":"Roll Outdoors","article_modified_time":"2023-06-07T12:45:28+00:00","og_image":[{"width":2560,"height":1920,"url":"https:\/\/rolloutdoors.com\/wp-content\/uploads\/2023\/05\/Kiilopaa-mountain-biking-Roll-Outdoors-2.jpg","type":"image\/jpeg"}],"twitter_card":"summary_large_image","twitter_misc":{"Est. reading time":"1 minute"},"schema":{"@context":"https:\/\/schema.org","@graph":[{"@type":"WebPage","@id":"https:\/\/rolloutdoors.com\/en\/saariselka\/guided-bike-tours-saariselka\/easy-group-ride\/","url":"https:\/\/rolloutdoors.com\/en\/saariselka\/guided-bike-tours-saariselka\/easy-group-ride\/","name":"Mountain biking appetizer - easy group ride Saariselk\u00e4","isPartOf":{"@id":"https:\/\/rolloutdoors.com\/en\/#website"},"primaryImageOfPage":{"@id":"https:\/\/rolloutdoors.com\/en\/saariselka\/guided-bike-tours-saariselka\/easy-group-ride\/#primaryimage"},"image":{"@id":"https:\/\/rolloutdoors.com\/en\/saariselka\/guided-bike-tours-saariselka\/easy-group-ride\/#primaryimage"},"thumbnailUrl":"https:\/\/rolloutdoors.com\/wp-content\/uploads\/2023\/05\/Kiilopaa-mountain-biking-Roll-Outdoors-2.jpg","datePublished":"2023-05-10T07:27:58+00:00","dateModified":"2023-06-07T12:45:28+00:00","description":"Fall in love with mountain biking with an easy ride in the stunning surroundings of Kiilop\u00e4\u00e4. Read more and book the ride here.","breadcrumb":{"@id":"https:\/\/rolloutdoors.com\/en\/saariselka\/guided-bike-tours-saariselka\/easy-group-ride\/#breadcrumb"},"inLanguage":"en-US","potentialAction":[{"@type":"ReadAction","target":["https:\/\/rolloutdoors.com\/en\/saariselka\/guided-bike-tours-saariselka\/easy-group-ride\/"]}]},{"@type":"ImageObject","inLanguage":"en-US","@id":"https:\/\/rolloutdoors.com\/en\/saariselka\/guided-bike-tours-saariselka\/easy-group-ride\/#primaryimage","url":"https:\/\/rolloutdoors.com\/wp-content\/uploads\/2023\/05\/Kiilopaa-mountain-biking-Roll-Outdoors-2.jpg","contentUrl":"https:\/\/rolloutdoors.com\/wp-content\/uploads\/2023\/05\/Kiilopaa-mountain-biking-Roll-Outdoors-2.jpg","width":2560,"height":1920},{"@type":"BreadcrumbList","@id":"https:\/\/rolloutdoors.com\/en\/saariselka\/guided-bike-tours-saariselka\/easy-group-ride\/#breadcrumb","itemListElement":[{"@type":"ListItem","position":1,"name":"Frontpage","item":"https:\/\/rolloutdoors.com\/en\/"},{"@type":"ListItem","position":2,"name":"Saariselk\u00e4","item":"https:\/\/rolloutdoors.com\/en\/saariselka\/"},{"@type":"ListItem","position":3,"name":"Guided tours &#8211; Saariselk\u00e4","item":"https:\/\/rolloutdoors.com\/en\/saariselka\/guided-bike-tours-saariselka\/"},{"@type":"ListItem","position":4,"name":"Mountain biking appetizer &#8211; easy group ride &#8211; Saariselk\u00e4 Kiilop\u00e4\u00e4"}]},{"@type":"WebSite","@id":"https:\/\/rolloutdoors.com\/en\/#website","url":"https:\/\/rolloutdoors.com\/en\/","name":"Roll Outdoors","description":"Bike tours and rentals","publisher":{"@id":"https:\/\/rolloutdoors.com\/en\/#organization"},"potentialAction":[{"@type":"SearchAction","target":{"@type":"EntryPoint","urlTemplate":"https:\/\/rolloutdoors.com\/en\/?s={search_term_string}"},"query-input":{"@type":"PropertyValueSpecification","valueRequired":true,"valueName":"search_term_string"}}],"inLanguage":"en-US"},{"@type":"Organization","@id":"https:\/\/rolloutdoors.com\/en\/#organization","name":"Roll Outdoors","url":"https:\/\/rolloutdoors.com\/en\/","logo":{"@type":"ImageObject","inLanguage":"en-US","@id":"https:\/\/rolloutdoors.com\/en\/#\/schema\/logo\/image\/","url":"https:\/\/rolloutdoors.com\/wp-content\/uploads\/2022\/03\/Roll-Outdoors-logo-newlabel-800px.png","contentUrl":"https:\/\/rolloutdoors.com\/wp-content\/uploads\/2022\/03\/Roll-Outdoors-logo-newlabel-800px.png","width":800,"height":639,"caption":"Roll Outdoors"},"image":{"@id":"https:\/\/rolloutdoors.com\/en\/#\/schema\/logo\/image\/"}}]}},"_links":{"self":[{"href":"https:\/\/rolloutdoors.com\/en\/wp-json\/wp\/v2\/pages\/16354","targetHints":{"allow":["GET"]}}],"collection":[{"href":"https:\/\/rolloutdoors.com\/en\/wp-json\/wp\/v2\/pages"}],"about":[{"href":"https:\/\/rolloutdoors.com\/en\/wp-json\/wp\/v2\/types\/page"}],"author":[{"embeddable":true,"href":"https:\/\/rolloutdoors.com\/en\/wp-json\/wp\/v2\/users\/3"}],"replies":[{"embeddable":true,"href":"https:\/\/rolloutdoors.com\/en\/wp-json\/wp\/v2\/comments?post=16354"}],"version-history":[{"count":0,"href":"https:\/\/rolloutdoors.com\/en\/wp-json\/wp\/v2\/pages\/16354\/revisions"}],"up":[{"embeddable":true,"href":"https:\/\/rolloutdoors.com\/en\/wp-json\/wp\/v2\/pages\/12738"}],"wp:featuredmedia":[{"embeddable":true,"href":"https:\/\/rolloutdoors.com\/en\/wp-json\/wp\/v2\/media\/16334"}],"wp:attachment":[{"href":"https:\/\/rolloutdoors.com\/en\/wp-json\/wp\/v2\/media?parent=16354"}],"curies":[{"name":"wp","href":"https:\/\/api.w.org\/{rel}","templated":true}]}}