{"id":15998,"date":"2023-04-18T11:55:09","date_gmt":"2023-04-18T11:55:09","guid":{"rendered":"https:\/\/rolloutdoors.com\/what-if\/"},"modified":"2023-05-09T07:05:15","modified_gmt":"2023-05-09T07:05:15","slug":"what-if","status":"publish","type":"page","link":"https:\/\/rolloutdoors.com\/en\/what-if\/","title":{"rendered":"What if something happens?"},"content":{"rendered":"\t\t<div data-elementor-type=\"wp-page\" data-elementor-id=\"15998\" class=\"elementor elementor-15998 elementor-15955\" data-elementor-post-type=\"page\">\n\t\t\t\t\t\t<section class=\"elementor-section elementor-top-section elementor-element elementor-element-14da053 elementor-section-boxed elementor-section-height-default elementor-section-height-default\" data-id=\"14da053\" data-element_type=\"section\">\n\t\t\t\t\t\t<div class=\"elementor-container elementor-column-gap-default\">\n\t\t\t\t\t<div class=\"elementor-column elementor-col-100 elementor-top-column elementor-element elementor-element-6980093\" data-id=\"6980093\" data-element_type=\"column\">\n\t\t\t<div class=\"elementor-widget-wrap elementor-element-populated\">\n\t\t\t\t\t\t<div class=\"elementor-element elementor-element-6f2a21e elementor-widget elementor-widget-heading\" data-id=\"6f2a21e\" data-element_type=\"widget\" data-widget_type=\"heading.default\">\n\t\t\t\t<div class=\"elementor-widget-container\">\n\t\t\t\t\t<h2 class=\"elementor-heading-title elementor-size-default\">What if something happens while cycling?<\/h2>\t\t\t\t<\/div>\n\t\t\t\t<\/div>\n\t\t\t\t\t<\/div>\n\t\t<\/div>\n\t\t\t\t\t<\/div>\n\t\t<\/section>\n\t\t\t\t<section class=\"elementor-section elementor-top-section elementor-element elementor-element-cc780dc elementor-section-boxed elementor-section-height-default elementor-section-height-default\" data-id=\"cc780dc\" data-element_type=\"section\">\n\t\t\t\t\t\t<div class=\"elementor-container elementor-column-gap-default\">\n\t\t\t\t\t<div class=\"elementor-column elementor-col-100 elementor-top-column elementor-element elementor-element-baa3a31\" data-id=\"baa3a31\" data-element_type=\"column\">\n\t\t\t<div class=\"elementor-widget-wrap elementor-element-populated\">\n\t\t\t\t\t\t<div class=\"elementor-element elementor-element-dd3e9fe elementor-widget elementor-widget-text-editor\" data-id=\"dd3e9fe\" data-element_type=\"widget\" data-widget_type=\"text-editor.default\">\n\t\t\t\t<div class=\"elementor-widget-container\">\n\t\t\t\t\t\t\t\t\t<p><a href=\"https:\/\/rolloutdoors.com\/en\/what-if\/\">Translate to Finnish \/\/ K\u00e4\u00e4nn\u00e4 Suomeksi<\/a><\/p>\n<p>At its best, mountain biking is a fun and safe outdoor activity. Even if you are equipped and prepared for problems, all sorts of things can still happen. There may be injuries, accidents or equipment breakdowns. On this page you will find help with the most common problems you may encounter when riding a Roll Outdoors rental bike. <\/p>\n\t\t\t\t\t\t\t\t<\/div>\n\t\t\t\t<\/div>\n\t\t\t\t\t<\/div>\n\t\t<\/div>\n\t\t\t\t\t<\/div>\n\t\t<\/section>\n\t\t\t\t<section class=\"elementor-section elementor-top-section elementor-element elementor-element-555bc44 elementor-section-boxed elementor-section-height-default elementor-section-height-default\" data-id=\"555bc44\" data-element_type=\"section\">\n\t\t\t\t\t\t<div class=\"elementor-container elementor-column-gap-default\">\n\t\t\t\t\t<div class=\"elementor-column elementor-col-100 elementor-top-column elementor-element elementor-element-eaed4df\" data-id=\"eaed4df\" data-element_type=\"column\">\n\t\t\t<div class=\"elementor-widget-wrap elementor-element-populated\">\n\t\t\t\t\t\t<div class=\"elementor-element elementor-element-81e03d8 elementor-widget elementor-widget-accordion\" data-id=\"81e03d8\" data-element_type=\"widget\" data-widget_type=\"accordion.default\">\n\t\t\t\t<div class=\"elementor-widget-container\">\n\t\t\t\t\t\t\t<div class=\"elementor-accordion\">\n\t\t\t\t\t\t\t<div class=\"elementor-accordion-item\">\n\t\t\t\t\t<div id=\"elementor-tab-title-1361\" class=\"elementor-tab-title\" data-tab=\"1\" role=\"button\" aria-controls=\"elementor-tab-content-1361\" aria-expanded=\"false\">\n\t\t\t\t\t\t\t\t\t\t\t\t\t<span class=\"elementor-accordion-icon elementor-accordion-icon-left\" aria-hidden=\"true\">\n\t\t\t\t\t\t\t\t\t\t\t\t\t\t\t<span class=\"elementor-accordion-icon-closed\"><i class=\"fas fa-plus\"><\/i><\/span>\n\t\t\t\t\t\t\t\t<span class=\"elementor-accordion-icon-opened\"><i class=\"fas fa-minus\"><\/i><\/span>\n\t\t\t\t\t\t\t\t\t\t\t\t\t\t<\/span>\n\t\t\t\t\t\t\t\t\t\t\t\t<a class=\"elementor-accordion-title\" tabindex=\"0\">There is a technical fault with the bike!<\/a>\n\t\t\t\t\t<\/div>\n\t\t\t\t\t<div id=\"elementor-tab-content-1361\" class=\"elementor-tab-content elementor-clearfix\" data-tab=\"1\" role=\"region\" aria-labelledby=\"elementor-tab-title-1361\"><p>In case of technical problems, we recommend that you contact the rental company in the first instance. <br \/><a href=\"https:\/\/rolloutdoors.com\/en\/contact\/\">Link to the contact page<\/a><\/p>\n<\/div>\n\t\t\t\t<\/div>\n\t\t\t\t\t\t\t<div class=\"elementor-accordion-item\">\n\t\t\t\t\t<div id=\"elementor-tab-title-1362\" class=\"elementor-tab-title\" data-tab=\"2\" role=\"button\" aria-controls=\"elementor-tab-content-1362\" aria-expanded=\"false\">\n\t\t\t\t\t\t\t\t\t\t\t\t\t<span class=\"elementor-accordion-icon elementor-accordion-icon-left\" aria-hidden=\"true\">\n\t\t\t\t\t\t\t\t\t\t\t\t\t\t\t<span class=\"elementor-accordion-icon-closed\"><i class=\"fas fa-plus\"><\/i><\/span>\n\t\t\t\t\t\t\t\t<span class=\"elementor-accordion-icon-opened\"><i class=\"fas fa-minus\"><\/i><\/span>\n\t\t\t\t\t\t\t\t\t\t\t\t\t\t<\/span>\n\t\t\t\t\t\t\t\t\t\t\t\t<a class=\"elementor-accordion-title\" tabindex=\"0\">I need route tips<\/a>\n\t\t\t\t\t<\/div>\n\t\t\t\t\t<div id=\"elementor-tab-content-1362\" class=\"elementor-tab-content elementor-clearfix\" data-tab=\"2\" role=\"region\" aria-labelledby=\"elementor-tab-title-1362\"><p>Here are some travel tips:<\/p>\n<p><a href=\"https:\/\/rolloutdoors.com\/en\/rovaniemi\/ounasvaara-mountain-biking-trails-rovaniemi\/\">Rovaniemi summer trails<\/a><\/p>\n<p><a href=\"https:\/\/rolloutdoors.com\/en\/rovaniemi\/ounasvaara-winter-cycling-route-rovaniemi\/\">Rovaniemi winter trails<\/a><\/p>\n<p><a href=\"https:\/\/rolloutdoors.com\/en\/saariselka-kiilopaa\/saariselka-mountain-bike-trails\/\">Kiilop\u00e4\u00e4-Saariselk\u00e4 summer trails<\/a><\/p>\n<p><a href=\"https:\/\/rolloutdoors.com\/en\/saariselka-kiilopaa\/kiilopaa-saariselka-winter-biking-trail\/\">Kiilop\u00e4\u00e4-Saariselk\u00e4 winter trails<\/a><\/p>\n<p><a href=\"https:\/\/rolloutdoors.com\/en\/helsinki\/central-park-mtb-route-helsinki\/\">Helsinki Central Park MTB trail<\/a><\/p>\n<\/div>\n\t\t\t\t<\/div>\n\t\t\t\t\t\t\t<div class=\"elementor-accordion-item\">\n\t\t\t\t\t<div id=\"elementor-tab-title-1363\" class=\"elementor-tab-title\" data-tab=\"3\" role=\"button\" aria-controls=\"elementor-tab-content-1363\" aria-expanded=\"false\">\n\t\t\t\t\t\t\t\t\t\t\t\t\t<span class=\"elementor-accordion-icon elementor-accordion-icon-left\" aria-hidden=\"true\">\n\t\t\t\t\t\t\t\t\t\t\t\t\t\t\t<span class=\"elementor-accordion-icon-closed\"><i class=\"fas fa-plus\"><\/i><\/span>\n\t\t\t\t\t\t\t\t<span class=\"elementor-accordion-icon-opened\"><i class=\"fas fa-minus\"><\/i><\/span>\n\t\t\t\t\t\t\t\t\t\t\t\t\t\t<\/span>\n\t\t\t\t\t\t\t\t\t\t\t\t<a class=\"elementor-accordion-title\" tabindex=\"0\">I am lost!<\/a>\n\t\t\t\t\t<\/div>\n\t\t\t\t\t<div id=\"elementor-tab-content-1363\" class=\"elementor-tab-content elementor-clearfix\" data-tab=\"3\" role=\"region\" aria-labelledby=\"elementor-tab-title-1363\"><p>Lost your way and can&#8217;t find other people to ask for advice? <\/p>\n<ol>\n<li>\n<p><strong>First, stop and stay calm<br \/><\/strong>If you find yourself lost, stop and try to stay calm. Don&#8217;t panic or try to move on, as you could just get even more lost.<\/p>\n<\/li>\n<li>\n<p><strong>Try to locate yourself.<\/strong><br \/>If you have a navigator or map, use it to find your way around and find out where you are. If you don&#8217;t have a navigator or a map, try to find landmarks that you could use for navigation. A mountain or a river, for example, can help you find out where you are. <\/p>\n<p>If you have a phone, you can use it as a navigator or call someone who can help you find your way back. You can also use a compass or GPS device if you have one with you.<\/p>\n<p>Below are a couple of links to map services:<\/p>\n<p><a href=\"https:\/\/trailmap.fi\/\">Link to trailmap.fi service<\/a><br \/><a href=\"https:\/\/www.retkikartta.fi\/\">Link to the retkikartta.fi service<\/a><\/p>\n<\/li>\n<li style=\"font-size: 16px;\">\n<p><strong style=\"background-color: transparent; font-family: -apple-system, BlinkMacSystemFont, 'Segoe UI', Roboto, 'Helvetica Neue', Arial, 'Noto Sans', sans-serif, 'Apple Color Emoji', 'Segoe UI Emoji', 'Segoe UI Symbol', 'Noto Color Emoji';\">Follow the tracks.<\/strong><\/p>\n<\/li>\n<li>\n<p>If you&#8217;re not sure which way you should go, look for a path or tracks in the terrain and follow them. Mountain bikers usually leave tracks on the trails, so they can help you find your way back.<\/p>\n<\/li>\n<li>\n<p><strong style=\"background-color: transparent; font-family: -apple-system, BlinkMacSystemFont, 'Segoe UI', Roboto, 'Helvetica Neue', Arial, 'Noto Sans', sans-serif, 'Apple Color Emoji', 'Segoe UI Emoji', 'Segoe UI Symbol', 'Noto Color Emoji';\">Get help.<br \/><\/strong><span style=\"background-color: transparent; font-family: -apple-system, BlinkMacSystemFont, 'Segoe UI', Roboto, 'Helvetica Neue', Arial, 'Noto Sans', sans-serif, 'Apple Color Emoji', 'Segoe UI Emoji', 'Segoe UI Symbol', 'Noto Color Emoji';\">If you can&#8217;t find your way back, try to find other people who can help you. If you are in the countryside, you can try to find other mountain bikers or hikers. If you are close to the road, you can try to stop passers-by and ask for help.<\/span><\/p>\n<\/li>\n<\/ol>\n<p>It&#8217;s important to stay calm and make sensible decisions if you get lost while mountain biking. Try to avoid risky situations and don&#8217;t wander too far if you&#8217;re not sure where you are.<\/p>\n<\/div>\n\t\t\t\t<\/div>\n\t\t\t\t\t\t\t<div class=\"elementor-accordion-item\">\n\t\t\t\t\t<div id=\"elementor-tab-title-1364\" class=\"elementor-tab-title\" data-tab=\"4\" role=\"button\" aria-controls=\"elementor-tab-content-1364\" aria-expanded=\"false\">\n\t\t\t\t\t\t\t\t\t\t\t\t\t<span class=\"elementor-accordion-icon elementor-accordion-icon-left\" aria-hidden=\"true\">\n\t\t\t\t\t\t\t\t\t\t\t\t\t\t\t<span class=\"elementor-accordion-icon-closed\"><i class=\"fas fa-plus\"><\/i><\/span>\n\t\t\t\t\t\t\t\t<span class=\"elementor-accordion-icon-opened\"><i class=\"fas fa-minus\"><\/i><\/span>\n\t\t\t\t\t\t\t\t\t\t\t\t\t\t<\/span>\n\t\t\t\t\t\t\t\t\t\t\t\t<a class=\"elementor-accordion-title\" tabindex=\"0\">There has been an accident!<\/a>\n\t\t\t\t\t<\/div>\n\t\t\t\t\t<div id=\"elementor-tab-content-1364\" class=\"elementor-tab-content elementor-clearfix\" data-tab=\"4\" role=\"region\" aria-labelledby=\"elementor-tab-title-1364\"><p>If you or your cycling companion have an accident or arrive at the scene of an accident while mountain biking, you should do the following:<\/p>\n<ol>\n<li>Check your own safety: if you are still cycling, slow down and make sure you park your bike safely off the road. If the accident has happened on a steep slope or other dangerous area, make sure you stay safe.<\/li>\n<li>Quickly assess the situation and check if anyone is injured. If someone is injured, give first aid if necessary. If an accident requires professional help, <a href=\"http:\/\/tel:112\" target=\"_blank\" rel=\"noopener\">call emergency number 112<\/a> and report the situation.<\/li>\n<li>If possible, collect information about the accident, such as the exact location of the accident, the number of people injured and the type of injuries. If someone has seen the accident, ask them for information too.<\/li>\n<li>If an accident affects your ability to return the bike to the rental company on time, for example, or if the bike you have rented is broken, please contact your rental company as soon as possible. <a href=\"https:\/\/rolloutdoors.com\/en\/contact\/\">Link to the contact page<\/a><\/li>\n<li>Continue your journey: once you have done what you need to do, you can continue your journey, but be careful. Make sure your bike and equipment are in good condition and, if necessary, choose a new route if the accident site is dangerous.<\/li>\n<\/ol>\n<p>It is important that you act calmly and rationally at the scene of an accident. Helping the injured and assessing the situation are of paramount importance, so focus on these tasks.<\/p>\n<\/div>\n\t\t\t\t<\/div>\n\t\t\t\t\t\t\t<div class=\"elementor-accordion-item\">\n\t\t\t\t\t<div id=\"elementor-tab-title-1365\" class=\"elementor-tab-title\" data-tab=\"5\" role=\"button\" aria-controls=\"elementor-tab-content-1365\" aria-expanded=\"false\">\n\t\t\t\t\t\t\t\t\t\t\t\t\t<span class=\"elementor-accordion-icon elementor-accordion-icon-left\" aria-hidden=\"true\">\n\t\t\t\t\t\t\t\t\t\t\t\t\t\t\t<span class=\"elementor-accordion-icon-closed\"><i class=\"fas fa-plus\"><\/i><\/span>\n\t\t\t\t\t\t\t\t<span class=\"elementor-accordion-icon-opened\"><i class=\"fas fa-minus\"><\/i><\/span>\n\t\t\t\t\t\t\t\t\t\t\t\t\t\t<\/span>\n\t\t\t\t\t\t\t\t\t\t\t\t<a class=\"elementor-accordion-title\" tabindex=\"0\">I need other help<\/a>\n\t\t\t\t\t<\/div>\n\t\t\t\t\t<div id=\"elementor-tab-content-1365\" class=\"elementor-tab-content elementor-clearfix\" data-tab=\"5\" role=\"region\" aria-labelledby=\"elementor-tab-title-1365\"><p>In the first instance, please contact the rental company staff. Phone numbers can be found <a href=\"https:\/\/rolloutdoors.com\/en\/contact\/\">on the Contact page<\/a> <\/p>\n<\/div>\n\t\t\t\t<\/div>\n\t\t\t\t\t\t\t\t<\/div>\n\t\t\t\t\t\t<\/div>\n\t\t\t\t<\/div>\n\t\t\t\t\t<\/div>\n\t\t<\/div>\n\t\t\t\t\t<\/div>\n\t\t<\/section>\n\t\t\t\t<\/div>\n\t\t","protected":false},"excerpt":{"rendered":"<p>What if something happens while cycling? Translate to Finnish \/\/ K\u00e4\u00e4nn\u00e4 Suomeksi At its best, mountain biking is a fun and safe outdoor activity. Even if you are equipped and prepared for problems, all sorts of things can still happen. There may be injuries, accidents or equipment breakdowns. On this page you will find help [&hellip;]<\/p>\n","protected":false},"author":2,"featured_media":15330,"parent":0,"menu_order":0,"comment_status":"closed","ping_status":"closed","template":"","meta":{"_acf_changed":false,"footnotes":""},"class_list":["post-15998","page","type-page","status-publish","has-post-thumbnail","hentry"],"acf":[],"yoast_head":"<title>What if something happens? - Roll Outdoors<\/title>\n<meta name=\"description\" content=\"All sorts of things can happen when mountain biking. Here you will find help for a wide range of problems. Contact information - Routes - How to find us\" \/>\n<meta name=\"robots\" content=\"index, follow, max-snippet:-1, max-image-preview:large, max-video-preview:-1\" \/>\n<link rel=\"canonical\" href=\"https:\/\/rolloutdoors.com\/en\/what-if\/\" \/>\n<meta property=\"og:locale\" content=\"en_US\" \/>\n<meta property=\"og:type\" content=\"article\" \/>\n<meta property=\"og:title\" content=\"What if something happens? - Roll Outdoors\" \/>\n<meta property=\"og:description\" content=\"All sorts of things can happen when mountain biking. Here you will find help for a wide range of problems. Contact information - Routes - How to find us\" \/>\n<meta property=\"og:url\" content=\"https:\/\/rolloutdoors.com\/en\/what-if\/\" \/>\n<meta property=\"og:site_name\" content=\"Roll Outdoors\" \/>\n<meta property=\"article:modified_time\" content=\"2023-05-09T07:05:15+00:00\" \/>\n<meta property=\"og:image\" content=\"https:\/\/rolloutdoors.com\/wp-content\/uploads\/2023\/03\/P1188817.jpg\" \/>\n\t<meta property=\"og:image:width\" content=\"2560\" \/>\n\t<meta property=\"og:image:height\" content=\"1920\" \/>\n\t<meta property=\"og:image:type\" content=\"image\/jpeg\" \/>\n<meta name=\"twitter:card\" content=\"summary_large_image\" \/>\n<meta name=\"twitter:label1\" content=\"Est. reading time\" \/>\n\t<meta name=\"twitter:data1\" content=\"3 minutes\" \/>\n<script type=\"application\/ld+json\" class=\"yoast-schema-graph\">{\"@context\":\"https:\/\/schema.org\",\"@graph\":[{\"@type\":\"WebPage\",\"@id\":\"https:\/\/rolloutdoors.com\/en\/what-if\/\",\"url\":\"https:\/\/rolloutdoors.com\/en\/what-if\/\",\"name\":\"What if something happens? - Roll Outdoors\",\"isPartOf\":{\"@id\":\"https:\/\/rolloutdoors.com\/en\/#website\"},\"primaryImageOfPage\":{\"@id\":\"https:\/\/rolloutdoors.com\/en\/what-if\/#primaryimage\"},\"image\":{\"@id\":\"https:\/\/rolloutdoors.com\/en\/what-if\/#primaryimage\"},\"thumbnailUrl\":\"https:\/\/rolloutdoors.com\/wp-content\/uploads\/2023\/03\/P1188817.jpg\",\"datePublished\":\"2023-04-18T11:55:09+00:00\",\"dateModified\":\"2023-05-09T07:05:15+00:00\",\"description\":\"All sorts of things can happen when mountain biking. Here you will find help for a wide range of problems. Contact information - Routes - How to find us\",\"breadcrumb\":{\"@id\":\"https:\/\/rolloutdoors.com\/en\/what-if\/#breadcrumb\"},\"inLanguage\":\"en-US\",\"potentialAction\":[{\"@type\":\"ReadAction\",\"target\":[\"https:\/\/rolloutdoors.com\/en\/what-if\/\"]}]},{\"@type\":\"ImageObject\",\"inLanguage\":\"en-US\",\"@id\":\"https:\/\/rolloutdoors.com\/en\/what-if\/#primaryimage\",\"url\":\"https:\/\/rolloutdoors.com\/wp-content\/uploads\/2023\/03\/P1188817.jpg\",\"contentUrl\":\"https:\/\/rolloutdoors.com\/wp-content\/uploads\/2023\/03\/P1188817.jpg\",\"width\":2560,\"height\":1920},{\"@type\":\"BreadcrumbList\",\"@id\":\"https:\/\/rolloutdoors.com\/en\/what-if\/#breadcrumb\",\"itemListElement\":[{\"@type\":\"ListItem\",\"position\":1,\"name\":\"Frontpage\",\"item\":\"https:\/\/rolloutdoors.com\/en\/\"},{\"@type\":\"ListItem\",\"position\":2,\"name\":\"What if something happens?\"}]},{\"@type\":\"WebSite\",\"@id\":\"https:\/\/rolloutdoors.com\/en\/#website\",\"url\":\"https:\/\/rolloutdoors.com\/en\/\",\"name\":\"Roll Outdoors\",\"description\":\"Bike tours and rentals\",\"publisher\":{\"@id\":\"https:\/\/rolloutdoors.com\/en\/#organization\"},\"potentialAction\":[{\"@type\":\"SearchAction\",\"target\":{\"@type\":\"EntryPoint\",\"urlTemplate\":\"https:\/\/rolloutdoors.com\/en\/?s={search_term_string}\"},\"query-input\":{\"@type\":\"PropertyValueSpecification\",\"valueRequired\":true,\"valueName\":\"search_term_string\"}}],\"inLanguage\":\"en-US\"},{\"@type\":\"Organization\",\"@id\":\"https:\/\/rolloutdoors.com\/en\/#organization\",\"name\":\"Roll Outdoors\",\"url\":\"https:\/\/rolloutdoors.com\/en\/\",\"logo\":{\"@type\":\"ImageObject\",\"inLanguage\":\"en-US\",\"@id\":\"https:\/\/rolloutdoors.com\/en\/#\/schema\/logo\/image\/\",\"url\":\"https:\/\/rolloutdoors.com\/wp-content\/uploads\/2022\/03\/Roll-Outdoors-logo-newlabel-800px.png\",\"contentUrl\":\"https:\/\/rolloutdoors.com\/wp-content\/uploads\/2022\/03\/Roll-Outdoors-logo-newlabel-800px.png\",\"width\":800,\"height\":639,\"caption\":\"Roll Outdoors\"},\"image\":{\"@id\":\"https:\/\/rolloutdoors.com\/en\/#\/schema\/logo\/image\/\"}}]}<\/script>","yoast_head_json":{"title":"What if something happens? - Roll Outdoors","description":"All sorts of things can happen when mountain biking. Here you will find help for a wide range of problems. Contact information - Routes - How to find us","robots":{"index":"index","follow":"follow","max-snippet":"max-snippet:-1","max-image-preview":"max-image-preview:large","max-video-preview":"max-video-preview:-1"},"canonical":"https:\/\/rolloutdoors.com\/en\/what-if\/","og_locale":"en_US","og_type":"article","og_title":"What if something happens? - Roll Outdoors","og_description":"All sorts of things can happen when mountain biking. Here you will find help for a wide range of problems. Contact information - Routes - How to find us","og_url":"https:\/\/rolloutdoors.com\/en\/what-if\/","og_site_name":"Roll Outdoors","article_modified_time":"2023-05-09T07:05:15+00:00","og_image":[{"width":2560,"height":1920,"url":"https:\/\/rolloutdoors.com\/wp-content\/uploads\/2023\/03\/P1188817.jpg","type":"image\/jpeg"}],"twitter_card":"summary_large_image","twitter_misc":{"Est. reading time":"3 minutes"},"schema":{"@context":"https:\/\/schema.org","@graph":[{"@type":"WebPage","@id":"https:\/\/rolloutdoors.com\/en\/what-if\/","url":"https:\/\/rolloutdoors.com\/en\/what-if\/","name":"What if something happens? - Roll Outdoors","isPartOf":{"@id":"https:\/\/rolloutdoors.com\/en\/#website"},"primaryImageOfPage":{"@id":"https:\/\/rolloutdoors.com\/en\/what-if\/#primaryimage"},"image":{"@id":"https:\/\/rolloutdoors.com\/en\/what-if\/#primaryimage"},"thumbnailUrl":"https:\/\/rolloutdoors.com\/wp-content\/uploads\/2023\/03\/P1188817.jpg","datePublished":"2023-04-18T11:55:09+00:00","dateModified":"2023-05-09T07:05:15+00:00","description":"All sorts of things can happen when mountain biking. Here you will find help for a wide range of problems. Contact information - Routes - How to find us","breadcrumb":{"@id":"https:\/\/rolloutdoors.com\/en\/what-if\/#breadcrumb"},"inLanguage":"en-US","potentialAction":[{"@type":"ReadAction","target":["https:\/\/rolloutdoors.com\/en\/what-if\/"]}]},{"@type":"ImageObject","inLanguage":"en-US","@id":"https:\/\/rolloutdoors.com\/en\/what-if\/#primaryimage","url":"https:\/\/rolloutdoors.com\/wp-content\/uploads\/2023\/03\/P1188817.jpg","contentUrl":"https:\/\/rolloutdoors.com\/wp-content\/uploads\/2023\/03\/P1188817.jpg","width":2560,"height":1920},{"@type":"BreadcrumbList","@id":"https:\/\/rolloutdoors.com\/en\/what-if\/#breadcrumb","itemListElement":[{"@type":"ListItem","position":1,"name":"Frontpage","item":"https:\/\/rolloutdoors.com\/en\/"},{"@type":"ListItem","position":2,"name":"What if something happens?"}]},{"@type":"WebSite","@id":"https:\/\/rolloutdoors.com\/en\/#website","url":"https:\/\/rolloutdoors.com\/en\/","name":"Roll Outdoors","description":"Bike tours and rentals","publisher":{"@id":"https:\/\/rolloutdoors.com\/en\/#organization"},"potentialAction":[{"@type":"SearchAction","target":{"@type":"EntryPoint","urlTemplate":"https:\/\/rolloutdoors.com\/en\/?s={search_term_string}"},"query-input":{"@type":"PropertyValueSpecification","valueRequired":true,"valueName":"search_term_string"}}],"inLanguage":"en-US"},{"@type":"Organization","@id":"https:\/\/rolloutdoors.com\/en\/#organization","name":"Roll Outdoors","url":"https:\/\/rolloutdoors.com\/en\/","logo":{"@type":"ImageObject","inLanguage":"en-US","@id":"https:\/\/rolloutdoors.com\/en\/#\/schema\/logo\/image\/","url":"https:\/\/rolloutdoors.com\/wp-content\/uploads\/2022\/03\/Roll-Outdoors-logo-newlabel-800px.png","contentUrl":"https:\/\/rolloutdoors.com\/wp-content\/uploads\/2022\/03\/Roll-Outdoors-logo-newlabel-800px.png","width":800,"height":639,"caption":"Roll Outdoors"},"image":{"@id":"https:\/\/rolloutdoors.com\/en\/#\/schema\/logo\/image\/"}}]}},"_links":{"self":[{"href":"https:\/\/rolloutdoors.com\/en\/wp-json\/wp\/v2\/pages\/15998","targetHints":{"allow":["GET"]}}],"collection":[{"href":"https:\/\/rolloutdoors.com\/en\/wp-json\/wp\/v2\/pages"}],"about":[{"href":"https:\/\/rolloutdoors.com\/en\/wp-json\/wp\/v2\/types\/page"}],"author":[{"embeddable":true,"href":"https:\/\/rolloutdoors.com\/en\/wp-json\/wp\/v2\/users\/2"}],"replies":[{"embeddable":true,"href":"https:\/\/rolloutdoors.com\/en\/wp-json\/wp\/v2\/comments?post=15998"}],"version-history":[{"count":0,"href":"https:\/\/rolloutdoors.com\/en\/wp-json\/wp\/v2\/pages\/15998\/revisions"}],"wp:featuredmedia":[{"embeddable":true,"href":"https:\/\/rolloutdoors.com\/en\/wp-json\/wp\/v2\/media\/15330"}],"wp:attachment":[{"href":"https:\/\/rolloutdoors.com\/en\/wp-json\/wp\/v2\/media?parent=15998"}],"curies":[{"name":"wp","href":"https:\/\/api.w.org\/{rel}","templated":true}]}}