{"id":15118,"date":"2023-03-24T07:28:17","date_gmt":"2023-03-24T07:28:17","guid":{"rendered":"https:\/\/rolloutdoors.com\/rovaniemi\/cycling-rovaniemi\/"},"modified":"2023-03-24T08:43:39","modified_gmt":"2023-03-24T08:43:39","slug":"bicycle-touring-rovaniemi","status":"publish","type":"page","link":"https:\/\/rolloutdoors.com\/en\/rovaniemi\/bicycle-touring-rovaniemi\/","title":{"rendered":"bicycle touring &#8211; Rovaniemi"},"content":{"rendered":"\t\t<div data-elementor-type=\"wp-page\" data-elementor-id=\"15118\" class=\"elementor elementor-15118 elementor-15106\" data-elementor-post-type=\"page\">\n\t\t\t\t\t\t<section class=\"elementor-section elementor-top-section elementor-element elementor-element-e611a01 elementor-section-boxed elementor-section-height-default elementor-section-height-default\" data-id=\"e611a01\" data-element_type=\"section\">\n\t\t\t\t\t\t<div class=\"elementor-container elementor-column-gap-default\">\n\t\t\t\t\t<div class=\"elementor-column elementor-col-100 elementor-top-column elementor-element elementor-element-66cdee6\" data-id=\"66cdee6\" data-element_type=\"column\">\n\t\t\t<div class=\"elementor-widget-wrap elementor-element-populated\">\n\t\t\t\t\t\t<div class=\"elementor-element elementor-element-d22d03c elementor-widget elementor-widget-heading\" data-id=\"d22d03c\" data-element_type=\"widget\" data-widget_type=\"heading.default\">\n\t\t\t\t<div class=\"elementor-widget-container\">\n\t\t\t\t\t<h1 class=\"elementor-heading-title elementor-size-default\">bicycle touring - Rovaniemi<\/h1>\t\t\t\t<\/div>\n\t\t\t\t<\/div>\n\t\t\t\t<div class=\"elementor-element elementor-element-ad08126 elementor-widget elementor-widget-text-editor\" data-id=\"ad08126\" data-element_type=\"widget\" data-widget_type=\"text-editor.default\">\n\t\t\t\t<div class=\"elementor-widget-container\">\n\t\t\t\t\t\t\t\t\t<div class=\"group w-full text-gray-800 dark:text-gray-100 border-b border-black\/10 dark:border-gray-900\/50 bg-gray-50 dark:bg-[#444654]\">\n<div class=\"text-base gap-4 md:gap-6 md:max-w-2xl lg:max-w-2xl xl:max-w-3xl p-4 md:py-6 flex lg:px-0 m-auto\">\n<div class=\"relative flex w-[calc(100%-50px)] flex-col gap-1 md:gap-3 lg:w-[calc(100%-115px)]\">\n<div class=\"flex flex-grow flex-col gap-3\">\n<div class=\"min-h-[20px] flex flex-col items-start gap-4 whitespace-pre-wrap\">\n<div class=\"markdown prose w-full break-words dark:prose-invert light\">\n<p>Discover the Magic of Rovaniemi&#8217;s Adventure Cycling! Unearth a world of unforgettable cycling experiences in the breathtaking landscapes of Rovaniemi, Lapland&#8217;s vibrant capital. Our website features inspiring articles, expert advice, and captivating stories about Rovaniemi&#8217;s picturesque trails, mesmerizing sights, and fascinating local culture.<\/p>\n<p>Click through to uncover hidden gems and plan the perfect adventure cycling trip tailored to your desires. Don&#8217;t have a bike? No worries \u2013 we&#8217;ve got you covered! Rent top-quality bikes from us and embark on your own unforgettable journey amidst Rovaniemi&#8217;s enchanting beauty.<\/p>\n<p>Begin your adventure now by exploring our captivating articles and let Rovaniemi&#8217;s charm sweep you away!<\/p>\n<\/div>\n<\/div>\n<\/div>\n<div class=\"flex justify-between\">\n<div class=\"text-gray-400 flex self-end lg:self-center justify-center mt-2 gap-3 md:gap-4 lg:gap-1 lg:absolute lg:top-0 lg:translate-x-full lg:right-0 lg:mt-0 lg:pl-2 visible\"> <\/div>\n<\/div>\n<\/div>\n<\/div>\n<\/div>\n\t\t\t\t\t\t\t\t<\/div>\n\t\t\t\t<\/div>\n\t\t\t\t<div class=\"elementor-element elementor-element-0ad0428 elementor-align-center elementor-widget elementor-widget-button\" data-id=\"0ad0428\" data-element_type=\"widget\" data-widget_type=\"button.default\">\n\t\t\t\t<div class=\"elementor-widget-container\">\n\t\t\t\t\t\t\t\t\t<div class=\"elementor-button-wrapper\">\n\t\t\t\t\t<a class=\"elementor-button elementor-button-link elementor-size-sm\" href=\"https:\/\/rolloutdoors.com\/en\/online-reservations\/\">\n\t\t\t\t\t\t<span class=\"elementor-button-content-wrapper\">\n\t\t\t\t\t\t\t\t\t<span class=\"elementor-button-text\">Book a bike<\/span>\n\t\t\t\t\t<\/span>\n\t\t\t\t\t<\/a>\n\t\t\t\t<\/div>\n\t\t\t\t\t\t\t\t<\/div>\n\t\t\t\t<\/div>\n\t\t\t\t\t<\/div>\n\t\t<\/div>\n\t\t\t\t\t<\/div>\n\t\t<\/section>\n\t\t\t\t<section class=\"elementor-section elementor-top-section elementor-element elementor-element-663309f elementor-section-boxed elementor-section-height-default elementor-section-height-default\" data-id=\"663309f\" data-element_type=\"section\">\n\t\t\t\t\t\t<div class=\"elementor-container elementor-column-gap-default\">\n\t\t\t\t\t<div class=\"elementor-column elementor-col-100 elementor-top-column elementor-element elementor-element-b3f36c1\" data-id=\"b3f36c1\" data-element_type=\"column\">\n\t\t\t<div class=\"elementor-widget-wrap elementor-element-populated\">\n\t\t\t\t\t\t<div class=\"elementor-element elementor-element-859e938 elementor-posts__hover-none elementor-posts--align-center elementor-grid-tablet-3 elementor-grid-mobile-2 elementor-grid-3 elementor-posts--thumbnail-top elementor-widget elementor-widget-posts\" data-id=\"859e938\" data-element_type=\"widget\" data-settings=\"{&quot;cards_row_gap&quot;:{&quot;unit&quot;:&quot;px&quot;,&quot;size&quot;:&quot;30&quot;,&quot;sizes&quot;:[]},&quot;cards_columns_tablet&quot;:&quot;3&quot;,&quot;cards_columns_mobile&quot;:&quot;2&quot;,&quot;cards_row_gap_mobile&quot;:{&quot;unit&quot;:&quot;px&quot;,&quot;size&quot;:&quot;12&quot;,&quot;sizes&quot;:[]},&quot;cards_columns&quot;:&quot;3&quot;,&quot;cards_row_gap_tablet&quot;:{&quot;unit&quot;:&quot;px&quot;,&quot;size&quot;:&quot;&quot;,&quot;sizes&quot;:[]}}\" data-widget_type=\"posts.cards\">\n\t\t\t\t<div class=\"elementor-widget-container\">\n\t\t\t\t\t\t\t<div class=\"elementor-posts-container elementor-posts elementor-posts--skin-cards elementor-grid\" role=\"list\">\n\t\t\t\t<article class=\"elementor-post elementor-grid-item post-15097 post type-post status-publish format-standard has-post-thumbnail hentry category-uncategorized\" role=\"listitem\">\n\t\t\t<div class=\"elementor-post__card\">\n\t\t\t\t<a class=\"elementor-post__thumbnail__link\" href=\"https:\/\/rolloutdoors.com\/en\/10-best-tips-for-mountain-biking-in-lapland\/\" tabindex=\"-1\" ><div class=\"elementor-post__thumbnail\"><img fetchpriority=\"high\" decoding=\"async\" width=\"768\" height=\"480\" src=\"https:\/\/rolloutdoors.com\/wp-content\/uploads\/2023\/03\/Kiilopaa-mountain-biking-Roll-Outdoors-1200535-768x480.jpg\" class=\"attachment-medium_large size-medium_large wp-image-15088\" alt=\"mountain bike electric bike Lapland Saariselk\u00e4 Kiilop\u00e4\u00e4\" srcset=\"https:\/\/rolloutdoors.com\/wp-content\/uploads\/2023\/03\/Kiilopaa-mountain-biking-Roll-Outdoors-1200535-768x480.jpg 768w, https:\/\/rolloutdoors.com\/wp-content\/uploads\/2023\/03\/Kiilopaa-mountain-biking-Roll-Outdoors-1200535-300x188.jpg 300w, https:\/\/rolloutdoors.com\/wp-content\/uploads\/2023\/03\/Kiilopaa-mountain-biking-Roll-Outdoors-1200535-1024x640.jpg 1024w, https:\/\/rolloutdoors.com\/wp-content\/uploads\/2023\/03\/Kiilopaa-mountain-biking-Roll-Outdoors-1200535-1536x960.jpg 1536w, https:\/\/rolloutdoors.com\/wp-content\/uploads\/2023\/03\/Kiilopaa-mountain-biking-Roll-Outdoors-1200535-2048x1280.jpg 2048w\" sizes=\"(max-width: 768px) 100vw, 768px\" \/><\/div><\/a>\n\t\t\t\t<div class=\"elementor-post__text\">\n\t\t\t\t<h3 class=\"elementor-post__title\">\n\t\t\t<a href=\"https:\/\/rolloutdoors.com\/en\/10-best-tips-for-mountain-biking-in-lapland\/\" >\n\t\t\t\t10 best tips for mountain biking in Lapland\t\t\t<\/a>\n\t\t<\/h3>\n\t\t\t\t<\/div>\n\t\t\t\t\t<\/div>\n\t\t<\/article>\n\t\t\t\t<\/div>\n\t\t\n\t\t\t\t\t\t<\/div>\n\t\t\t\t<\/div>\n\t\t\t\t\t<\/div>\n\t\t<\/div>\n\t\t\t\t\t<\/div>\n\t\t<\/section>\n\t\t\t\t<section class=\"elementor-section elementor-top-section elementor-element elementor-element-581075b elementor-section-boxed elementor-section-height-default elementor-section-height-default\" data-id=\"581075b\" data-element_type=\"section\">\n\t\t\t\t\t\t<div class=\"elementor-container elementor-column-gap-default\">\n\t\t\t\t\t<div class=\"elementor-column elementor-col-100 elementor-top-column elementor-element elementor-element-5e14a6a\" data-id=\"5e14a6a\" data-element_type=\"column\">\n\t\t\t<div class=\"elementor-widget-wrap elementor-element-populated\">\n\t\t\t\t\t\t<div class=\"elementor-element elementor-element-47e72a7 elementor-widget elementor-widget-heading\" data-id=\"47e72a7\" data-element_type=\"widget\" data-widget_type=\"heading.default\">\n\t\t\t\t<div class=\"elementor-widget-container\">\n\t\t\t\t\t<h2 class=\"elementor-heading-title elementor-size-default\">See also what Rovaniemi office offers<\/h2>\t\t\t\t<\/div>\n\t\t\t\t<\/div>\n\t\t\t\t<div class=\"elementor-element elementor-element-dc3d4fa elementor-posts__hover-none elementor-posts--align-center elementor-grid-tablet-3 elementor-grid-mobile-2 elementor-grid-4 elementor-posts--thumbnail-top elementor-widget elementor-widget-posts\" data-id=\"dc3d4fa\" data-element_type=\"widget\" data-settings=\"{&quot;cards_row_gap&quot;:{&quot;unit&quot;:&quot;px&quot;,&quot;size&quot;:&quot;30&quot;,&quot;sizes&quot;:[]},&quot;cards_columns_tablet&quot;:&quot;3&quot;,&quot;cards_columns_mobile&quot;:&quot;2&quot;,&quot;cards_row_gap_mobile&quot;:{&quot;unit&quot;:&quot;px&quot;,&quot;size&quot;:&quot;12&quot;,&quot;sizes&quot;:[]},&quot;cards_columns&quot;:&quot;4&quot;,&quot;cards_row_gap_tablet&quot;:{&quot;unit&quot;:&quot;px&quot;,&quot;size&quot;:&quot;&quot;,&quot;sizes&quot;:[]}}\" data-widget_type=\"posts.cards\">\n\t\t\t\t<div class=\"elementor-widget-container\">\n\t\t\t\t\t\t\t<div class=\"elementor-posts-container elementor-posts elementor-posts--skin-cards elementor-grid\" role=\"list\">\n\t\t\t\t<article class=\"elementor-post elementor-grid-item post-12618 page type-page status-publish has-post-thumbnail hentry\" role=\"listitem\">\n\t\t\t<div class=\"elementor-post__card\">\n\t\t\t\t<a class=\"elementor-post__thumbnail__link\" href=\"https:\/\/rolloutdoors.com\/en\/rovaniemi\/\" tabindex=\"-1\" ><div class=\"elementor-post__thumbnail\"><img decoding=\"async\" width=\"768\" height=\"512\" src=\"https:\/\/rolloutdoors.com\/wp-content\/uploads\/2023\/02\/Winter-biking-Rovaniemi-finland-0985-768x512.jpg\" class=\"attachment-medium_large size-medium_large wp-image-12242\" alt=\"fat bike snow winter things to do in Rovaniemi eco-friendly alternative snowmobile\" srcset=\"https:\/\/rolloutdoors.com\/wp-content\/uploads\/2023\/02\/Winter-biking-Rovaniemi-finland-0985-768x512.jpg 768w, https:\/\/rolloutdoors.com\/wp-content\/uploads\/2023\/02\/Winter-biking-Rovaniemi-finland-0985-300x200.jpg 300w, https:\/\/rolloutdoors.com\/wp-content\/uploads\/2023\/02\/Winter-biking-Rovaniemi-finland-0985-1024x682.jpg 1024w, https:\/\/rolloutdoors.com\/wp-content\/uploads\/2023\/02\/Winter-biking-Rovaniemi-finland-0985-1536x1023.jpg 1536w, https:\/\/rolloutdoors.com\/wp-content\/uploads\/2023\/02\/Winter-biking-Rovaniemi-finland-0985.jpg 1920w\" sizes=\"(max-width: 768px) 100vw, 768px\" \/><\/div><\/a>\n\t\t\t\t<div class=\"elementor-post__text\">\n\t\t\t\t<h3 class=\"elementor-post__title\">\n\t\t\t<a href=\"https:\/\/rolloutdoors.com\/en\/rovaniemi\/\" >\n\t\t\t\tRovaniemi\t\t\t<\/a>\n\t\t<\/h3>\n\t\t\t\t<\/div>\n\t\t\t\t\t<\/div>\n\t\t<\/article>\n\t\t\t\t<article class=\"elementor-post elementor-grid-item post-12624 page type-page status-publish has-post-thumbnail hentry\" role=\"listitem\">\n\t\t\t<div class=\"elementor-post__card\">\n\t\t\t\t<a class=\"elementor-post__thumbnail__link\" href=\"https:\/\/rolloutdoors.com\/en\/rovaniemi\/guided-bike-tours-rovaniemi\/\" tabindex=\"-1\" ><div class=\"elementor-post__thumbnail\"><img decoding=\"async\" width=\"768\" height=\"576\" src=\"https:\/\/rolloutdoors.com\/wp-content\/uploads\/2023\/09\/Rovaniemi-mountain-biking-Roll-Outdoors-1088031-768x576.jpg\" class=\"attachment-medium_large size-medium_large wp-image-17791\" alt=\"Guided electric bike tour Rovaniemi fatbike efatbike fat bike snowmobile tour reindeer tour husky tour\" srcset=\"https:\/\/rolloutdoors.com\/wp-content\/uploads\/2023\/09\/Rovaniemi-mountain-biking-Roll-Outdoors-1088031-768x576.jpg 768w, https:\/\/rolloutdoors.com\/wp-content\/uploads\/2023\/09\/Rovaniemi-mountain-biking-Roll-Outdoors-1088031-300x225.jpg 300w, https:\/\/rolloutdoors.com\/wp-content\/uploads\/2023\/09\/Rovaniemi-mountain-biking-Roll-Outdoors-1088031-1024x768.jpg 1024w, https:\/\/rolloutdoors.com\/wp-content\/uploads\/2023\/09\/Rovaniemi-mountain-biking-Roll-Outdoors-1088031-1536x1152.jpg 1536w, https:\/\/rolloutdoors.com\/wp-content\/uploads\/2023\/09\/Rovaniemi-mountain-biking-Roll-Outdoors-1088031-2048x1536.jpg 2048w\" sizes=\"(max-width: 768px) 100vw, 768px\" \/><\/div><\/a>\n\t\t\t\t<div class=\"elementor-post__text\">\n\t\t\t\t<h3 class=\"elementor-post__title\">\n\t\t\t<a href=\"https:\/\/rolloutdoors.com\/en\/rovaniemi\/guided-bike-tours-rovaniemi\/\" >\n\t\t\t\tGuided bike tours &#8211; Rovaniemi\t\t\t<\/a>\n\t\t<\/h3>\n\t\t\t\t<\/div>\n\t\t\t\t\t<\/div>\n\t\t<\/article>\n\t\t\t\t<article class=\"elementor-post elementor-grid-item post-12683 page type-page status-publish has-post-thumbnail hentry\" role=\"listitem\">\n\t\t\t<div class=\"elementor-post__card\">\n\t\t\t\t<a class=\"elementor-post__thumbnail__link\" href=\"https:\/\/rolloutdoors.com\/en\/rovaniemi\/bike-rental-rovaniemi\/\" tabindex=\"-1\" ><div class=\"elementor-post__thumbnail\"><img loading=\"lazy\" decoding=\"async\" width=\"768\" height=\"480\" src=\"https:\/\/rolloutdoors.com\/wp-content\/uploads\/2023\/02\/Canyon-dude-fatbike-768x480.jpg\" class=\"attachment-medium_large size-medium_large wp-image-12381\" alt=\"\" srcset=\"https:\/\/rolloutdoors.com\/wp-content\/uploads\/2023\/02\/Canyon-dude-fatbike-768x480.jpg 768w, https:\/\/rolloutdoors.com\/wp-content\/uploads\/2023\/02\/Canyon-dude-fatbike-300x188.jpg 300w, https:\/\/rolloutdoors.com\/wp-content\/uploads\/2023\/02\/Canyon-dude-fatbike-1024x640.jpg 1024w, https:\/\/rolloutdoors.com\/wp-content\/uploads\/2023\/02\/Canyon-dude-fatbike-1536x960.jpg 1536w, https:\/\/rolloutdoors.com\/wp-content\/uploads\/2023\/02\/elementor\/thumbs\/Canyon-dude-fatbike-qihvzu78bkr9ud7f1ss07t33b0upryc0lrrl07lz0o.jpg 800w, https:\/\/rolloutdoors.com\/wp-content\/uploads\/2023\/02\/Canyon-dude-fatbike.jpg 1920w\" sizes=\"(max-width: 768px) 100vw, 768px\" \/><\/div><\/a>\n\t\t\t\t<div class=\"elementor-post__text\">\n\t\t\t\t<h3 class=\"elementor-post__title\">\n\t\t\t<a href=\"https:\/\/rolloutdoors.com\/en\/rovaniemi\/bike-rental-rovaniemi\/\" >\n\t\t\t\tBike rental &#8211; Rovaniemi\t\t\t<\/a>\n\t\t<\/h3>\n\t\t\t\t<\/div>\n\t\t\t\t\t<\/div>\n\t\t<\/article>\n\t\t\t\t<article class=\"elementor-post elementor-grid-item post-12709 page type-page status-publish has-post-thumbnail hentry\" role=\"listitem\">\n\t\t\t<div class=\"elementor-post__card\">\n\t\t\t\t<a class=\"elementor-post__thumbnail__link\" href=\"https:\/\/rolloutdoors.com\/en\/used-mountain-bikes\/\" tabindex=\"-1\" ><div class=\"elementor-post__thumbnail\"><img loading=\"lazy\" decoding=\"async\" width=\"768\" height=\"576\" src=\"https:\/\/rolloutdoors.com\/wp-content\/uploads\/2024\/05\/Scott-strike-summer-rovaniemi-20230523_195848-768x576.jpg\" class=\"attachment-medium_large size-medium_large wp-image-21212\" alt=\"\" srcset=\"https:\/\/rolloutdoors.com\/wp-content\/uploads\/2024\/05\/Scott-strike-summer-rovaniemi-20230523_195848-768x576.jpg 768w, https:\/\/rolloutdoors.com\/wp-content\/uploads\/2024\/05\/Scott-strike-summer-rovaniemi-20230523_195848-300x225.jpg 300w, https:\/\/rolloutdoors.com\/wp-content\/uploads\/2024\/05\/Scott-strike-summer-rovaniemi-20230523_195848-1024x768.jpg 1024w, https:\/\/rolloutdoors.com\/wp-content\/uploads\/2024\/05\/Scott-strike-summer-rovaniemi-20230523_195848-1536x1152.jpg 1536w, https:\/\/rolloutdoors.com\/wp-content\/uploads\/2024\/05\/Scott-strike-summer-rovaniemi-20230523_195848.jpg 1920w\" sizes=\"(max-width: 768px) 100vw, 768px\" \/><\/div><\/a>\n\t\t\t\t<div class=\"elementor-post__text\">\n\t\t\t\t<h3 class=\"elementor-post__title\">\n\t\t\t<a href=\"https:\/\/rolloutdoors.com\/en\/used-mountain-bikes\/\" >\n\t\t\t\tUsed mountain bikes\t\t\t<\/a>\n\t\t<\/h3>\n\t\t\t\t<\/div>\n\t\t\t\t\t<\/div>\n\t\t<\/article>\n\t\t\t\t<\/div>\n\t\t\n\t\t\t\t\t\t<\/div>\n\t\t\t\t<\/div>\n\t\t\t\t\t<\/div>\n\t\t<\/div>\n\t\t\t\t\t<\/div>\n\t\t<\/section>\n\t\t\t\t<\/div>\n\t\t","protected":false},"excerpt":{"rendered":"<p>bicycle touring &#8211; Rovaniemi Discover the Magic of Rovaniemi&#8217;s Adventure Cycling! Unearth a world of unforgettable cycling experiences in the breathtaking landscapes<\/p>\n","protected":false},"author":3,"featured_media":15108,"parent":12618,"menu_order":0,"comment_status":"closed","ping_status":"closed","template":"","meta":{"_acf_changed":false,"footnotes":""},"class_list":["post-15118","page","type-page","status-publish","has-post-thumbnail","hentry"],"acf":[],"yoast_head":"<title>bicycle touring - Rovaniemi - Roll Outdoors<\/title>\n<meta name=\"description\" content=\"Here you will find the best bike routes, tips and reports about bike tours in Rovaniemi.\" \/>\n<meta name=\"robots\" content=\"index, follow, max-snippet:-1, max-image-preview:large, max-video-preview:-1\" \/>\n<link rel=\"canonical\" href=\"https:\/\/rolloutdoors.com\/en\/rovaniemi\/bicycle-touring-rovaniemi\/\" \/>\n<meta property=\"og:locale\" content=\"en_US\" \/>\n<meta property=\"og:type\" content=\"article\" \/>\n<meta property=\"og:title\" content=\"bicycle touring - Rovaniemi - Roll Outdoors\" \/>\n<meta property=\"og:description\" content=\"Here you will find the best bike routes, tips and reports about bike tours in Rovaniemi.\" \/>\n<meta property=\"og:url\" content=\"https:\/\/rolloutdoors.com\/en\/rovaniemi\/bicycle-touring-rovaniemi\/\" \/>\n<meta property=\"og:site_name\" content=\"Roll Outdoors\" \/>\n<meta property=\"article:modified_time\" content=\"2023-03-24T08:43:39+00:00\" \/>\n<meta property=\"og:image\" content=\"https:\/\/rolloutdoors.com\/wp-content\/uploads\/2023\/03\/2021-05_31-Santavaara-4335-some.jpg\" \/>\n\t<meta property=\"og:image:width\" content=\"2560\" \/>\n\t<meta property=\"og:image:height\" content=\"1707\" \/>\n\t<meta property=\"og:image:type\" content=\"image\/jpeg\" \/>\n<meta name=\"twitter:card\" content=\"summary_large_image\" \/>\n<meta name=\"twitter:label1\" content=\"Est. reading time\" \/>\n\t<meta name=\"twitter:data1\" content=\"1 minute\" \/>\n<script type=\"application\/ld+json\" class=\"yoast-schema-graph\">{\"@context\":\"https:\/\/schema.org\",\"@graph\":[{\"@type\":\"WebPage\",\"@id\":\"https:\/\/rolloutdoors.com\/en\/rovaniemi\/bicycle-touring-rovaniemi\/\",\"url\":\"https:\/\/rolloutdoors.com\/en\/rovaniemi\/bicycle-touring-rovaniemi\/\",\"name\":\"bicycle touring - Rovaniemi - Roll Outdoors\",\"isPartOf\":{\"@id\":\"https:\/\/rolloutdoors.com\/en\/#website\"},\"primaryImageOfPage\":{\"@id\":\"https:\/\/rolloutdoors.com\/en\/rovaniemi\/bicycle-touring-rovaniemi\/#primaryimage\"},\"image\":{\"@id\":\"https:\/\/rolloutdoors.com\/en\/rovaniemi\/bicycle-touring-rovaniemi\/#primaryimage\"},\"thumbnailUrl\":\"https:\/\/rolloutdoors.com\/wp-content\/uploads\/2023\/03\/2021-05_31-Santavaara-4335-some.jpg\",\"datePublished\":\"2023-03-24T07:28:17+00:00\",\"dateModified\":\"2023-03-24T08:43:39+00:00\",\"description\":\"Here you will find the best bike routes, tips and reports about bike tours in Rovaniemi.\",\"breadcrumb\":{\"@id\":\"https:\/\/rolloutdoors.com\/en\/rovaniemi\/bicycle-touring-rovaniemi\/#breadcrumb\"},\"inLanguage\":\"en-US\",\"potentialAction\":[{\"@type\":\"ReadAction\",\"target\":[\"https:\/\/rolloutdoors.com\/en\/rovaniemi\/bicycle-touring-rovaniemi\/\"]}]},{\"@type\":\"ImageObject\",\"inLanguage\":\"en-US\",\"@id\":\"https:\/\/rolloutdoors.com\/en\/rovaniemi\/bicycle-touring-rovaniemi\/#primaryimage\",\"url\":\"https:\/\/rolloutdoors.com\/wp-content\/uploads\/2023\/03\/2021-05_31-Santavaara-4335-some.jpg\",\"contentUrl\":\"https:\/\/rolloutdoors.com\/wp-content\/uploads\/2023\/03\/2021-05_31-Santavaara-4335-some.jpg\",\"width\":2560,\"height\":1707,\"caption\":\"tour cycling santavaara kuninkaanlaavu Rovaniemi Lapland\"},{\"@type\":\"BreadcrumbList\",\"@id\":\"https:\/\/rolloutdoors.com\/en\/rovaniemi\/bicycle-touring-rovaniemi\/#breadcrumb\",\"itemListElement\":[{\"@type\":\"ListItem\",\"position\":1,\"name\":\"Frontpage\",\"item\":\"https:\/\/rolloutdoors.com\/en\/\"},{\"@type\":\"ListItem\",\"position\":2,\"name\":\"Rovaniemi\",\"item\":\"https:\/\/rolloutdoors.com\/en\/rovaniemi\/\"},{\"@type\":\"ListItem\",\"position\":3,\"name\":\"bicycle touring &#8211; Rovaniemi\"}]},{\"@type\":\"WebSite\",\"@id\":\"https:\/\/rolloutdoors.com\/en\/#website\",\"url\":\"https:\/\/rolloutdoors.com\/en\/\",\"name\":\"Roll Outdoors\",\"description\":\"Bike tours and rentals\",\"publisher\":{\"@id\":\"https:\/\/rolloutdoors.com\/en\/#organization\"},\"potentialAction\":[{\"@type\":\"SearchAction\",\"target\":{\"@type\":\"EntryPoint\",\"urlTemplate\":\"https:\/\/rolloutdoors.com\/en\/?s={search_term_string}\"},\"query-input\":{\"@type\":\"PropertyValueSpecification\",\"valueRequired\":true,\"valueName\":\"search_term_string\"}}],\"inLanguage\":\"en-US\"},{\"@type\":\"Organization\",\"@id\":\"https:\/\/rolloutdoors.com\/en\/#organization\",\"name\":\"Roll Outdoors\",\"url\":\"https:\/\/rolloutdoors.com\/en\/\",\"logo\":{\"@type\":\"ImageObject\",\"inLanguage\":\"en-US\",\"@id\":\"https:\/\/rolloutdoors.com\/en\/#\/schema\/logo\/image\/\",\"url\":\"https:\/\/rolloutdoors.com\/wp-content\/uploads\/2022\/03\/Roll-Outdoors-logo-newlabel-800px.png\",\"contentUrl\":\"https:\/\/rolloutdoors.com\/wp-content\/uploads\/2022\/03\/Roll-Outdoors-logo-newlabel-800px.png\",\"width\":800,\"height\":639,\"caption\":\"Roll Outdoors\"},\"image\":{\"@id\":\"https:\/\/rolloutdoors.com\/en\/#\/schema\/logo\/image\/\"}}]}<\/script>","yoast_head_json":{"title":"bicycle touring - Rovaniemi - Roll Outdoors","description":"Here you will find the best bike routes, tips and reports about bike tours in Rovaniemi.","robots":{"index":"index","follow":"follow","max-snippet":"max-snippet:-1","max-image-preview":"max-image-preview:large","max-video-preview":"max-video-preview:-1"},"canonical":"https:\/\/rolloutdoors.com\/en\/rovaniemi\/bicycle-touring-rovaniemi\/","og_locale":"en_US","og_type":"article","og_title":"bicycle touring - Rovaniemi - Roll Outdoors","og_description":"Here you will find the best bike routes, tips and reports about bike tours in Rovaniemi.","og_url":"https:\/\/rolloutdoors.com\/en\/rovaniemi\/bicycle-touring-rovaniemi\/","og_site_name":"Roll Outdoors","article_modified_time":"2023-03-24T08:43:39+00:00","og_image":[{"width":2560,"height":1707,"url":"https:\/\/rolloutdoors.com\/wp-content\/uploads\/2023\/03\/2021-05_31-Santavaara-4335-some.jpg","type":"image\/jpeg"}],"twitter_card":"summary_large_image","twitter_misc":{"Est. reading time":"1 minute"},"schema":{"@context":"https:\/\/schema.org","@graph":[{"@type":"WebPage","@id":"https:\/\/rolloutdoors.com\/en\/rovaniemi\/bicycle-touring-rovaniemi\/","url":"https:\/\/rolloutdoors.com\/en\/rovaniemi\/bicycle-touring-rovaniemi\/","name":"bicycle touring - Rovaniemi - Roll Outdoors","isPartOf":{"@id":"https:\/\/rolloutdoors.com\/en\/#website"},"primaryImageOfPage":{"@id":"https:\/\/rolloutdoors.com\/en\/rovaniemi\/bicycle-touring-rovaniemi\/#primaryimage"},"image":{"@id":"https:\/\/rolloutdoors.com\/en\/rovaniemi\/bicycle-touring-rovaniemi\/#primaryimage"},"thumbnailUrl":"https:\/\/rolloutdoors.com\/wp-content\/uploads\/2023\/03\/2021-05_31-Santavaara-4335-some.jpg","datePublished":"2023-03-24T07:28:17+00:00","dateModified":"2023-03-24T08:43:39+00:00","description":"Here you will find the best bike routes, tips and reports about bike tours in Rovaniemi.","breadcrumb":{"@id":"https:\/\/rolloutdoors.com\/en\/rovaniemi\/bicycle-touring-rovaniemi\/#breadcrumb"},"inLanguage":"en-US","potentialAction":[{"@type":"ReadAction","target":["https:\/\/rolloutdoors.com\/en\/rovaniemi\/bicycle-touring-rovaniemi\/"]}]},{"@type":"ImageObject","inLanguage":"en-US","@id":"https:\/\/rolloutdoors.com\/en\/rovaniemi\/bicycle-touring-rovaniemi\/#primaryimage","url":"https:\/\/rolloutdoors.com\/wp-content\/uploads\/2023\/03\/2021-05_31-Santavaara-4335-some.jpg","contentUrl":"https:\/\/rolloutdoors.com\/wp-content\/uploads\/2023\/03\/2021-05_31-Santavaara-4335-some.jpg","width":2560,"height":1707,"caption":"tour cycling santavaara kuninkaanlaavu Rovaniemi Lapland"},{"@type":"BreadcrumbList","@id":"https:\/\/rolloutdoors.com\/en\/rovaniemi\/bicycle-touring-rovaniemi\/#breadcrumb","itemListElement":[{"@type":"ListItem","position":1,"name":"Frontpage","item":"https:\/\/rolloutdoors.com\/en\/"},{"@type":"ListItem","position":2,"name":"Rovaniemi","item":"https:\/\/rolloutdoors.com\/en\/rovaniemi\/"},{"@type":"ListItem","position":3,"name":"bicycle touring &#8211; Rovaniemi"}]},{"@type":"WebSite","@id":"https:\/\/rolloutdoors.com\/en\/#website","url":"https:\/\/rolloutdoors.com\/en\/","name":"Roll Outdoors","description":"Bike tours and rentals","publisher":{"@id":"https:\/\/rolloutdoors.com\/en\/#organization"},"potentialAction":[{"@type":"SearchAction","target":{"@type":"EntryPoint","urlTemplate":"https:\/\/rolloutdoors.com\/en\/?s={search_term_string}"},"query-input":{"@type":"PropertyValueSpecification","valueRequired":true,"valueName":"search_term_string"}}],"inLanguage":"en-US"},{"@type":"Organization","@id":"https:\/\/rolloutdoors.com\/en\/#organization","name":"Roll Outdoors","url":"https:\/\/rolloutdoors.com\/en\/","logo":{"@type":"ImageObject","inLanguage":"en-US","@id":"https:\/\/rolloutdoors.com\/en\/#\/schema\/logo\/image\/","url":"https:\/\/rolloutdoors.com\/wp-content\/uploads\/2022\/03\/Roll-Outdoors-logo-newlabel-800px.png","contentUrl":"https:\/\/rolloutdoors.com\/wp-content\/uploads\/2022\/03\/Roll-Outdoors-logo-newlabel-800px.png","width":800,"height":639,"caption":"Roll Outdoors"},"image":{"@id":"https:\/\/rolloutdoors.com\/en\/#\/schema\/logo\/image\/"}}]}},"_links":{"self":[{"href":"https:\/\/rolloutdoors.com\/en\/wp-json\/wp\/v2\/pages\/15118","targetHints":{"allow":["GET"]}}],"collection":[{"href":"https:\/\/rolloutdoors.com\/en\/wp-json\/wp\/v2\/pages"}],"about":[{"href":"https:\/\/rolloutdoors.com\/en\/wp-json\/wp\/v2\/types\/page"}],"author":[{"embeddable":true,"href":"https:\/\/rolloutdoors.com\/en\/wp-json\/wp\/v2\/users\/3"}],"replies":[{"embeddable":true,"href":"https:\/\/rolloutdoors.com\/en\/wp-json\/wp\/v2\/comments?post=15118"}],"version-history":[{"count":0,"href":"https:\/\/rolloutdoors.com\/en\/wp-json\/wp\/v2\/pages\/15118\/revisions"}],"up":[{"embeddable":true,"href":"https:\/\/rolloutdoors.com\/en\/wp-json\/wp\/v2\/pages\/12618"}],"wp:featuredmedia":[{"embeddable":true,"href":"https:\/\/rolloutdoors.com\/en\/wp-json\/wp\/v2\/media\/15108"}],"wp:attachment":[{"href":"https:\/\/rolloutdoors.com\/en\/wp-json\/wp\/v2\/media?parent=15118"}],"curies":[{"name":"wp","href":"https:\/\/api.w.org\/{rel}","templated":true}]}}