{"id":14628,"date":"2023-03-14T10:11:40","date_gmt":"2023-03-14T10:11:40","guid":{"rendered":"https:\/\/rolloutdoors.com\/saariselka-kiilopaa\/guided-bike-tours-saariselka-kiilopaa\/kiilopaa-open-fell-mtb-week\/"},"modified":"2023-03-14T13:50:36","modified_gmt":"2023-03-14T13:50:36","slug":"kiilopaa-open-fell-mtb-week","status":"publish","type":"page","link":"https:\/\/rolloutdoors.com\/en\/saariselka\/guided-bike-tours-saariselka\/kiilopaa-open-fell-mtb-week\/","title":{"rendered":"Kiilop\u00e4\u00e4 Open Fell MTB week"},"content":{"rendered":"\t\t<div data-elementor-type=\"wp-page\" data-elementor-id=\"14628\" class=\"elementor elementor-14628 elementor-14302\" data-elementor-post-type=\"page\">\n\t\t\t\t\t\t<section class=\"elementor-section elementor-top-section elementor-element elementor-element-46ca4be elementor-section-boxed elementor-section-height-default elementor-section-height-default\" data-id=\"46ca4be\" data-element_type=\"section\">\n\t\t\t\t\t\t<div class=\"elementor-container elementor-column-gap-default\">\n\t\t\t\t\t<div class=\"elementor-column elementor-col-100 elementor-top-column elementor-element elementor-element-87f549e\" data-id=\"87f549e\" data-element_type=\"column\">\n\t\t\t<div class=\"elementor-widget-wrap elementor-element-populated\">\n\t\t\t\t\t\t<div class=\"elementor-element elementor-element-97d1668 elementor-widget elementor-widget-heading\" data-id=\"97d1668\" data-element_type=\"widget\" data-widget_type=\"heading.default\">\n\t\t\t\t<div class=\"elementor-widget-container\">\n\t\t\t\t\t<h2 class=\"elementor-heading-title elementor-size-default\">Kiilop\u00e4\u00e4 open Fell MtB Week 26.6.-2.7.<\/h2>\t\t\t\t<\/div>\n\t\t\t\t<\/div>\n\t\t\t\t\t<\/div>\n\t\t<\/div>\n\t\t\t\t\t<\/div>\n\t\t<\/section>\n\t\t\t\t<section class=\"elementor-section elementor-top-section elementor-element elementor-element-23186d4 elementor-section-boxed elementor-section-height-default elementor-section-height-default\" data-id=\"23186d4\" data-element_type=\"section\">\n\t\t\t\t\t\t<div class=\"elementor-container elementor-column-gap-default\">\n\t\t\t\t\t<div class=\"elementor-column elementor-col-100 elementor-top-column elementor-element elementor-element-7071d4f\" data-id=\"7071d4f\" data-element_type=\"column\">\n\t\t\t<div class=\"elementor-widget-wrap elementor-element-populated\">\n\t\t\t\t\t\t<div class=\"elementor-element elementor-element-59bcbc4 elementor-widget elementor-widget-text-editor\" data-id=\"59bcbc4\" data-element_type=\"widget\" data-widget_type=\"text-editor.default\">\n\t\t\t\t<div class=\"elementor-widget-container\">\n\t\t\t\t\t\t\t\t\t<p>Come to the great bike trails of Urho Kekkonen National Park to enjoy the summer in Lapland &#8211; singletrack, soft needle trails, rocky terrain and mountain scenery. You can choose the length and difficulty of your own ride according to your mood and riding experience. During the week you will also practice your riding technique and learn about bikepacking. Cycling specialist <strong>Jaska Halttunen from the Fillari P\u00e4iv\u00e4kirja<\/strong> will be there.<\/p>\n<p>The MTB week also includes participation in the legendary Kiilop\u00e4\u00e4 Trail Ride on 1 July.<\/p>\n<p>In cooperation with <a href=\"http:\/\/kiilopaa.fi\">Suomen Latu Kiilop\u00e4\u00e4<\/a> and Roll Outdoors.<\/p>\n\t\t\t\t\t\t\t\t<\/div>\n\t\t\t\t<\/div>\n\t\t\t\t\t<\/div>\n\t\t<\/div>\n\t\t\t\t\t<\/div>\n\t\t<\/section>\n\t\t\t\t<section class=\"elementor-section elementor-top-section elementor-element elementor-element-2cde731 elementor-section-boxed elementor-section-height-default elementor-section-height-default\" data-id=\"2cde731\" data-element_type=\"section\">\n\t\t\t\t\t\t<div class=\"elementor-container elementor-column-gap-default\">\n\t\t\t\t\t<div class=\"elementor-column elementor-col-100 elementor-top-column elementor-element elementor-element-9963397\" data-id=\"9963397\" data-element_type=\"column\">\n\t\t\t<div class=\"elementor-widget-wrap elementor-element-populated\">\n\t\t\t\t\t\t<section class=\"elementor-section elementor-inner-section elementor-element elementor-element-01adc78 elementor-section-boxed elementor-section-height-default elementor-section-height-default\" data-id=\"01adc78\" data-element_type=\"section\">\n\t\t\t\t\t\t<div class=\"elementor-container elementor-column-gap-default\">\n\t\t\t\t\t<div class=\"elementor-column elementor-col-50 elementor-inner-column elementor-element elementor-element-1bfb308\" data-id=\"1bfb308\" data-element_type=\"column\">\n\t\t\t<div class=\"elementor-widget-wrap elementor-element-populated\">\n\t\t\t\t\t\t<div class=\"elementor-element elementor-element-82bc838 elementor-widget elementor-widget-text-editor\" data-id=\"82bc838\" data-element_type=\"widget\" data-widget_type=\"text-editor.default\">\n\t\t\t\t<div class=\"elementor-widget-container\">\n\t\t\t\t\t\t\t\t\t<h2>Price<\/h2>\n<p><strong>In a shared double room at Hotel Niilanp\u00e4\u00e4<\/strong><\/p>\n<p>For members of Suomen Ladu <strong>648 \u20ac<\/strong> \/person, for others <strong>668 \u20ac<\/strong> \/person (single room for extra 90 \u20ac).<\/p>\n<p><strong>Prices incl.<\/strong> the course programme, hotel accommodation and half board. Bike rental is not included in the price of the week.<\/p>\n<p>For reservations and enquiries: <a href=\"mailto:kiilopaa@suomenlatu.fi\">kiilopaa@suomenlatu.fi<\/a> or <a href=\"tel:0166700700\">016 6700 700<\/a>.<\/p>\n\t\t\t\t\t\t\t\t<\/div>\n\t\t\t\t<\/div>\n\t\t\t\t\t<\/div>\n\t\t<\/div>\n\t\t\t\t<div class=\"elementor-column elementor-col-50 elementor-inner-column elementor-element elementor-element-c3afc21\" data-id=\"c3afc21\" data-element_type=\"column\">\n\t\t\t<div class=\"elementor-widget-wrap\">\n\t\t\t\t\t\t\t<\/div>\n\t\t<\/div>\n\t\t\t\t\t<\/div>\n\t\t<\/section>\n\t\t\t\t\t<\/div>\n\t\t<\/div>\n\t\t\t\t\t<\/div>\n\t\t<\/section>\n\t\t\t\t<section class=\"elementor-section elementor-top-section elementor-element elementor-element-79819ff elementor-section-boxed elementor-section-height-default elementor-section-height-default\" data-id=\"79819ff\" data-element_type=\"section\">\n\t\t\t\t\t\t<div class=\"elementor-container elementor-column-gap-default\">\n\t\t\t\t\t<div class=\"elementor-column elementor-col-100 elementor-top-column elementor-element elementor-element-99dd201\" data-id=\"99dd201\" data-element_type=\"column\">\n\t\t\t<div class=\"elementor-widget-wrap elementor-element-populated\">\n\t\t\t\t\t\t<div class=\"elementor-element elementor-element-0003b90 elementor-align-center elementor-widget elementor-widget-button\" data-id=\"0003b90\" data-element_type=\"widget\" data-widget_type=\"button.default\">\n\t\t\t\t<div class=\"elementor-widget-container\">\n\t\t\t\t\t\t\t\t\t<div class=\"elementor-button-wrapper\">\n\t\t\t\t\t<a class=\"elementor-button elementor-button-link elementor-size-sm\" href=\"https:\/\/rolloutdoors.com\/en\/online-reservations\/\">\n\t\t\t\t\t\t<span class=\"elementor-button-content-wrapper\">\n\t\t\t\t\t\t\t\t\t<span class=\"elementor-button-text\">Book your bikes for the event<\/span>\n\t\t\t\t\t<\/span>\n\t\t\t\t\t<\/a>\n\t\t\t\t<\/div>\n\t\t\t\t\t\t\t\t<\/div>\n\t\t\t\t<\/div>\n\t\t\t\t<div class=\"elementor-element elementor-element-ce2b514 elementor-widget elementor-widget-heading\" data-id=\"ce2b514\" data-element_type=\"widget\" data-widget_type=\"heading.default\">\n\t\t\t\t<div class=\"elementor-widget-container\">\n\t\t\t\t\t<h2 class=\"elementor-heading-title elementor-size-default\">Preliminary programme<\/h2>\t\t\t\t<\/div>\n\t\t\t\t<\/div>\n\t\t\t\t<div class=\"elementor-element elementor-element-49c90ab elementor-widget elementor-widget-text-editor\" data-id=\"49c90ab\" data-element_type=\"widget\" data-widget_type=\"text-editor.default\">\n\t\t\t\t<div class=\"elementor-widget-container\">\n\t\t\t\t\t\t\t\t\t<p class=\"has-medium-font-size\"><strong>Monday &#8211; arrival day<\/strong><\/p>\n<p>Arrival at Kiilop\u00e4\u00e4<\/p>\n<p>15-18 pm <strong>MTB theme week info and a short ride to get in the mood<\/strong><\/p>\n<p>18:00 Dinner and saunas<\/p>\n<p>20 <strong>Bike maintenance workshop<\/strong><\/p>\n<p class=\"has-medium-font-size\"><strong>Tuesday &#8211; Welcome to the fells!<\/strong><\/p>\n<p>8 am Breakfast<\/p>\n<p>10-14 a.m. <strong>Driving technique and joint 10-20 km ride<\/strong> &#8211; two level groups<\/p>\n<p>17-19 Dinner<\/p>\n<p>19 <strong>Body care<\/strong><\/p>\n<p class=\"has-medium-font-size\"><strong>Wednesday<\/strong><\/p>\n<p>8 am Breakfast<\/p>\n<p>12-15 pm <strong>Fillari p\u00e4iv\u00e4kirja bikepacking workshop<\/strong>, Jaska Halttunen<\/p>\n<p>17-19 Dinner<\/p>\n<p>20 <strong>Hike to the top of the peak and toast to the midnight sun<\/strong><\/p>\n<p class=\"has-medium-font-size\"><strong>Thursday<\/strong> <strong>&#8211; recovery day or overnight trip<\/strong><\/p>\n<p>8 am Breakfast<\/p>\n<p>14:00 <strong>Departure for the overnight trip<\/strong>. Drive about 10-20 km, stay overnight in a tent. The next day we return to Kiilop\u00e4\u00e4 via a longer route (approx. 40 km). You can rent tents and frame bags from Kiilop\u00e4\u00e4. Alternatively, a day walk to UK Park, 10-20 km.<\/p>\n<p class=\"has-medium-font-size\"><strong>Friday<\/strong><\/p>\n<p>8 am Breakfast<\/p>\n<p><strong>Return from overnight trip or alternatively day walk<\/strong>, distance 25-40 km, 3-6 hours<\/p>\n<p>17-18 Dinner<\/p>\n<p>18-19.30 <strong>Smoke sauna and stream swimming<\/strong><\/p>\n<p class=\"has-medium-font-size\"><strong>Saturday &#8211; Kiilop\u00e4\u00e4 Trail Run<\/strong><\/p>\n<p>8 am Breakfast<\/p>\n<p>10-18 <strong>Participation in the guided group tours of the Kiilop\u00e4\u00e4 Trail Ride<\/strong><\/p>\n<p>17-20 Dinner<\/p>\n<p>20-21 Evening programme and communal evening snack at the in Maahinen<\/p>\n<p class=\"has-medium-font-size\"><strong>Sunday &#8211; bye bye to the fells<\/strong><\/p>\n<p>8-10 am Breakfast and check-out.<\/p>\t\t\t\t\t\t\t\t<\/div>\n\t\t\t\t<\/div>\n\t\t\t\t\t<\/div>\n\t\t<\/div>\n\t\t\t\t\t<\/div>\n\t\t<\/section>\n\t\t\t\t<\/div>\n\t\t","protected":false},"excerpt":{"rendered":"<p>Kiilop\u00e4\u00e4 open Fell MtB Week 26.6.-2.7. Come to the great bike trails of Urho Kekkonen National Park to enjoy the summer in Lapland &#8211; singletrack, soft needle trails, rocky terrain and mountain scenery. You can choose the length and difficulty of your own ride according to your mood and riding experience. During the week you [&hellip;]<\/p>\n","protected":false},"author":2,"featured_media":14620,"parent":12738,"menu_order":0,"comment_status":"closed","ping_status":"closed","template":"","meta":{"_acf_changed":false,"footnotes":""},"class_list":["post-14628","page","type-page","status-publish","has-post-thumbnail","hentry"],"acf":[],"yoast_head":"<title>Kiilop\u00e4\u00e4 Open Fell MTB week - Roll Outdoors<\/title>\n<meta name=\"description\" content=\"Spend a memorable mountain biking week in the fells! In addition to group rides, there will also be riding techniques, bikepacking and much more!\" \/>\n<meta name=\"robots\" content=\"index, follow, max-snippet:-1, max-image-preview:large, max-video-preview:-1\" \/>\n<link rel=\"canonical\" href=\"https:\/\/rolloutdoors.com\/en\/saariselka\/guided-bike-tours-saariselka\/kiilopaa-open-fell-mtb-week\/\" \/>\n<meta property=\"og:locale\" content=\"en_US\" \/>\n<meta property=\"og:type\" content=\"article\" \/>\n<meta property=\"og:title\" content=\"Kiilop\u00e4\u00e4 Open Fell MTB week - Roll Outdoors\" \/>\n<meta property=\"og:description\" content=\"Spend a memorable mountain biking week in the fells! In addition to group rides, there will also be riding techniques, bikepacking and much more!\" \/>\n<meta property=\"og:url\" content=\"https:\/\/rolloutdoors.com\/en\/saariselka\/guided-bike-tours-saariselka\/kiilopaa-open-fell-mtb-week\/\" \/>\n<meta property=\"og:site_name\" content=\"Roll Outdoors\" \/>\n<meta property=\"article:modified_time\" content=\"2023-03-14T13:50:36+00:00\" \/>\n<meta property=\"og:image\" content=\"https:\/\/rolloutdoors.com\/wp-content\/uploads\/2023\/03\/Kiilopaa-kesamaastopyoraily-1255999.jpg\" \/>\n\t<meta property=\"og:image:width\" content=\"2560\" \/>\n\t<meta property=\"og:image:height\" content=\"1920\" \/>\n\t<meta property=\"og:image:type\" content=\"image\/jpeg\" \/>\n<meta name=\"twitter:card\" content=\"summary_large_image\" \/>\n<meta name=\"twitter:label1\" content=\"Est. reading time\" \/>\n\t<meta name=\"twitter:data1\" content=\"2 minutes\" \/>\n<script type=\"application\/ld+json\" class=\"yoast-schema-graph\">{\"@context\":\"https:\/\/schema.org\",\"@graph\":[{\"@type\":\"WebPage\",\"@id\":\"https:\/\/rolloutdoors.com\/en\/saariselka\/guided-bike-tours-saariselka\/kiilopaa-open-fell-mtb-week\/\",\"url\":\"https:\/\/rolloutdoors.com\/en\/saariselka\/guided-bike-tours-saariselka\/kiilopaa-open-fell-mtb-week\/\",\"name\":\"Kiilop\u00e4\u00e4 Open Fell MTB week - Roll Outdoors\",\"isPartOf\":{\"@id\":\"https:\/\/rolloutdoors.com\/en\/#website\"},\"primaryImageOfPage\":{\"@id\":\"https:\/\/rolloutdoors.com\/en\/saariselka\/guided-bike-tours-saariselka\/kiilopaa-open-fell-mtb-week\/#primaryimage\"},\"image\":{\"@id\":\"https:\/\/rolloutdoors.com\/en\/saariselka\/guided-bike-tours-saariselka\/kiilopaa-open-fell-mtb-week\/#primaryimage\"},\"thumbnailUrl\":\"https:\/\/rolloutdoors.com\/wp-content\/uploads\/2023\/03\/Kiilopaa-kesamaastopyoraily-1255999.jpg\",\"datePublished\":\"2023-03-14T10:11:40+00:00\",\"dateModified\":\"2023-03-14T13:50:36+00:00\",\"description\":\"Spend a memorable mountain biking week in the fells! In addition to group rides, there will also be riding techniques, bikepacking and much more!\",\"breadcrumb\":{\"@id\":\"https:\/\/rolloutdoors.com\/en\/saariselka\/guided-bike-tours-saariselka\/kiilopaa-open-fell-mtb-week\/#breadcrumb\"},\"inLanguage\":\"en-US\",\"potentialAction\":[{\"@type\":\"ReadAction\",\"target\":[\"https:\/\/rolloutdoors.com\/en\/saariselka\/guided-bike-tours-saariselka\/kiilopaa-open-fell-mtb-week\/\"]}]},{\"@type\":\"ImageObject\",\"inLanguage\":\"en-US\",\"@id\":\"https:\/\/rolloutdoors.com\/en\/saariselka\/guided-bike-tours-saariselka\/kiilopaa-open-fell-mtb-week\/#primaryimage\",\"url\":\"https:\/\/rolloutdoors.com\/wp-content\/uploads\/2023\/03\/Kiilopaa-kesamaastopyoraily-1255999.jpg\",\"contentUrl\":\"https:\/\/rolloutdoors.com\/wp-content\/uploads\/2023\/03\/Kiilopaa-kesamaastopyoraily-1255999.jpg\",\"width\":2560,\"height\":1920,\"caption\":\"Kiilop\u00e4\u00e4 trail riding open fell biking mountain\"},{\"@type\":\"BreadcrumbList\",\"@id\":\"https:\/\/rolloutdoors.com\/en\/saariselka\/guided-bike-tours-saariselka\/kiilopaa-open-fell-mtb-week\/#breadcrumb\",\"itemListElement\":[{\"@type\":\"ListItem\",\"position\":1,\"name\":\"Frontpage\",\"item\":\"https:\/\/rolloutdoors.com\/en\/\"},{\"@type\":\"ListItem\",\"position\":2,\"name\":\"Saariselk\u00e4\",\"item\":\"https:\/\/rolloutdoors.com\/en\/saariselka\/\"},{\"@type\":\"ListItem\",\"position\":3,\"name\":\"Guided tours &#8211; Saariselk\u00e4\",\"item\":\"https:\/\/rolloutdoors.com\/en\/saariselka\/guided-bike-tours-saariselka\/\"},{\"@type\":\"ListItem\",\"position\":4,\"name\":\"Kiilop\u00e4\u00e4 Open Fell MTB week\"}]},{\"@type\":\"WebSite\",\"@id\":\"https:\/\/rolloutdoors.com\/en\/#website\",\"url\":\"https:\/\/rolloutdoors.com\/en\/\",\"name\":\"Roll Outdoors\",\"description\":\"Bike tours and rentals\",\"publisher\":{\"@id\":\"https:\/\/rolloutdoors.com\/en\/#organization\"},\"potentialAction\":[{\"@type\":\"SearchAction\",\"target\":{\"@type\":\"EntryPoint\",\"urlTemplate\":\"https:\/\/rolloutdoors.com\/en\/?s={search_term_string}\"},\"query-input\":{\"@type\":\"PropertyValueSpecification\",\"valueRequired\":true,\"valueName\":\"search_term_string\"}}],\"inLanguage\":\"en-US\"},{\"@type\":\"Organization\",\"@id\":\"https:\/\/rolloutdoors.com\/en\/#organization\",\"name\":\"Roll Outdoors\",\"url\":\"https:\/\/rolloutdoors.com\/en\/\",\"logo\":{\"@type\":\"ImageObject\",\"inLanguage\":\"en-US\",\"@id\":\"https:\/\/rolloutdoors.com\/en\/#\/schema\/logo\/image\/\",\"url\":\"https:\/\/rolloutdoors.com\/wp-content\/uploads\/2022\/03\/Roll-Outdoors-logo-newlabel-800px.png\",\"contentUrl\":\"https:\/\/rolloutdoors.com\/wp-content\/uploads\/2022\/03\/Roll-Outdoors-logo-newlabel-800px.png\",\"width\":800,\"height\":639,\"caption\":\"Roll Outdoors\"},\"image\":{\"@id\":\"https:\/\/rolloutdoors.com\/en\/#\/schema\/logo\/image\/\"}}]}<\/script>","yoast_head_json":{"title":"Kiilop\u00e4\u00e4 Open Fell MTB week - Roll Outdoors","description":"Spend a memorable mountain biking week in the fells! In addition to group rides, there will also be riding techniques, bikepacking and much more!","robots":{"index":"index","follow":"follow","max-snippet":"max-snippet:-1","max-image-preview":"max-image-preview:large","max-video-preview":"max-video-preview:-1"},"canonical":"https:\/\/rolloutdoors.com\/en\/saariselka\/guided-bike-tours-saariselka\/kiilopaa-open-fell-mtb-week\/","og_locale":"en_US","og_type":"article","og_title":"Kiilop\u00e4\u00e4 Open Fell MTB week - Roll Outdoors","og_description":"Spend a memorable mountain biking week in the fells! In addition to group rides, there will also be riding techniques, bikepacking and much more!","og_url":"https:\/\/rolloutdoors.com\/en\/saariselka\/guided-bike-tours-saariselka\/kiilopaa-open-fell-mtb-week\/","og_site_name":"Roll Outdoors","article_modified_time":"2023-03-14T13:50:36+00:00","og_image":[{"width":2560,"height":1920,"url":"https:\/\/rolloutdoors.com\/wp-content\/uploads\/2023\/03\/Kiilopaa-kesamaastopyoraily-1255999.jpg","type":"image\/jpeg"}],"twitter_card":"summary_large_image","twitter_misc":{"Est. reading time":"2 minutes"},"schema":{"@context":"https:\/\/schema.org","@graph":[{"@type":"WebPage","@id":"https:\/\/rolloutdoors.com\/en\/saariselka\/guided-bike-tours-saariselka\/kiilopaa-open-fell-mtb-week\/","url":"https:\/\/rolloutdoors.com\/en\/saariselka\/guided-bike-tours-saariselka\/kiilopaa-open-fell-mtb-week\/","name":"Kiilop\u00e4\u00e4 Open Fell MTB week - Roll Outdoors","isPartOf":{"@id":"https:\/\/rolloutdoors.com\/en\/#website"},"primaryImageOfPage":{"@id":"https:\/\/rolloutdoors.com\/en\/saariselka\/guided-bike-tours-saariselka\/kiilopaa-open-fell-mtb-week\/#primaryimage"},"image":{"@id":"https:\/\/rolloutdoors.com\/en\/saariselka\/guided-bike-tours-saariselka\/kiilopaa-open-fell-mtb-week\/#primaryimage"},"thumbnailUrl":"https:\/\/rolloutdoors.com\/wp-content\/uploads\/2023\/03\/Kiilopaa-kesamaastopyoraily-1255999.jpg","datePublished":"2023-03-14T10:11:40+00:00","dateModified":"2023-03-14T13:50:36+00:00","description":"Spend a memorable mountain biking week in the fells! In addition to group rides, there will also be riding techniques, bikepacking and much more!","breadcrumb":{"@id":"https:\/\/rolloutdoors.com\/en\/saariselka\/guided-bike-tours-saariselka\/kiilopaa-open-fell-mtb-week\/#breadcrumb"},"inLanguage":"en-US","potentialAction":[{"@type":"ReadAction","target":["https:\/\/rolloutdoors.com\/en\/saariselka\/guided-bike-tours-saariselka\/kiilopaa-open-fell-mtb-week\/"]}]},{"@type":"ImageObject","inLanguage":"en-US","@id":"https:\/\/rolloutdoors.com\/en\/saariselka\/guided-bike-tours-saariselka\/kiilopaa-open-fell-mtb-week\/#primaryimage","url":"https:\/\/rolloutdoors.com\/wp-content\/uploads\/2023\/03\/Kiilopaa-kesamaastopyoraily-1255999.jpg","contentUrl":"https:\/\/rolloutdoors.com\/wp-content\/uploads\/2023\/03\/Kiilopaa-kesamaastopyoraily-1255999.jpg","width":2560,"height":1920,"caption":"Kiilop\u00e4\u00e4 trail riding open fell biking mountain"},{"@type":"BreadcrumbList","@id":"https:\/\/rolloutdoors.com\/en\/saariselka\/guided-bike-tours-saariselka\/kiilopaa-open-fell-mtb-week\/#breadcrumb","itemListElement":[{"@type":"ListItem","position":1,"name":"Frontpage","item":"https:\/\/rolloutdoors.com\/en\/"},{"@type":"ListItem","position":2,"name":"Saariselk\u00e4","item":"https:\/\/rolloutdoors.com\/en\/saariselka\/"},{"@type":"ListItem","position":3,"name":"Guided tours &#8211; Saariselk\u00e4","item":"https:\/\/rolloutdoors.com\/en\/saariselka\/guided-bike-tours-saariselka\/"},{"@type":"ListItem","position":4,"name":"Kiilop\u00e4\u00e4 Open Fell MTB week"}]},{"@type":"WebSite","@id":"https:\/\/rolloutdoors.com\/en\/#website","url":"https:\/\/rolloutdoors.com\/en\/","name":"Roll Outdoors","description":"Bike tours and rentals","publisher":{"@id":"https:\/\/rolloutdoors.com\/en\/#organization"},"potentialAction":[{"@type":"SearchAction","target":{"@type":"EntryPoint","urlTemplate":"https:\/\/rolloutdoors.com\/en\/?s={search_term_string}"},"query-input":{"@type":"PropertyValueSpecification","valueRequired":true,"valueName":"search_term_string"}}],"inLanguage":"en-US"},{"@type":"Organization","@id":"https:\/\/rolloutdoors.com\/en\/#organization","name":"Roll Outdoors","url":"https:\/\/rolloutdoors.com\/en\/","logo":{"@type":"ImageObject","inLanguage":"en-US","@id":"https:\/\/rolloutdoors.com\/en\/#\/schema\/logo\/image\/","url":"https:\/\/rolloutdoors.com\/wp-content\/uploads\/2022\/03\/Roll-Outdoors-logo-newlabel-800px.png","contentUrl":"https:\/\/rolloutdoors.com\/wp-content\/uploads\/2022\/03\/Roll-Outdoors-logo-newlabel-800px.png","width":800,"height":639,"caption":"Roll Outdoors"},"image":{"@id":"https:\/\/rolloutdoors.com\/en\/#\/schema\/logo\/image\/"}}]}},"_links":{"self":[{"href":"https:\/\/rolloutdoors.com\/en\/wp-json\/wp\/v2\/pages\/14628","targetHints":{"allow":["GET"]}}],"collection":[{"href":"https:\/\/rolloutdoors.com\/en\/wp-json\/wp\/v2\/pages"}],"about":[{"href":"https:\/\/rolloutdoors.com\/en\/wp-json\/wp\/v2\/types\/page"}],"author":[{"embeddable":true,"href":"https:\/\/rolloutdoors.com\/en\/wp-json\/wp\/v2\/users\/2"}],"replies":[{"embeddable":true,"href":"https:\/\/rolloutdoors.com\/en\/wp-json\/wp\/v2\/comments?post=14628"}],"version-history":[{"count":0,"href":"https:\/\/rolloutdoors.com\/en\/wp-json\/wp\/v2\/pages\/14628\/revisions"}],"up":[{"embeddable":true,"href":"https:\/\/rolloutdoors.com\/en\/wp-json\/wp\/v2\/pages\/12738"}],"wp:featuredmedia":[{"embeddable":true,"href":"https:\/\/rolloutdoors.com\/en\/wp-json\/wp\/v2\/media\/14620"}],"wp:attachment":[{"href":"https:\/\/rolloutdoors.com\/en\/wp-json\/wp\/v2\/media?parent=14628"}],"curies":[{"name":"wp","href":"https:\/\/api.w.org\/{rel}","templated":true}]}}