{"id":12717,"date":"2023-02-23T09:32:38","date_gmt":"2023-02-23T09:32:38","guid":{"rendered":"https:\/\/rolloutdoors.com\/guided-bike-tour-for-a-larger-group-saariselka\/"},"modified":"2023-03-08T10:40:48","modified_gmt":"2023-03-08T10:40:48","slug":"guided-bike-tour-for-a-larger-group-saariselka","status":"publish","type":"page","link":"https:\/\/rolloutdoors.com\/en\/saariselka\/guided-bike-tours-saariselka\/guided-bike-tour-for-a-larger-group-saariselka\/","title":{"rendered":"Guided bike tour for a larger group &#8211; Saariselk\u00e4"},"content":{"rendered":"\t\t<div data-elementor-type=\"wp-page\" data-elementor-id=\"12717\" class=\"elementor elementor-12717 elementor-11106\" data-elementor-post-type=\"page\">\n\t\t\t\t\t\t<section class=\"elementor-section elementor-top-section elementor-element elementor-element-1ebd4d46 elementor-section-boxed elementor-section-height-default elementor-section-height-default\" data-id=\"1ebd4d46\" data-element_type=\"section\">\n\t\t\t\t\t\t<div class=\"elementor-container elementor-column-gap-default\">\n\t\t\t\t\t<div class=\"elementor-column elementor-col-100 elementor-top-column elementor-element elementor-element-59fc093\" data-id=\"59fc093\" data-element_type=\"column\">\n\t\t\t<div class=\"elementor-widget-wrap elementor-element-populated\">\n\t\t\t\t\t\t<div class=\"elementor-element elementor-element-27a6923b elementor-widget elementor-widget-shortcode\" data-id=\"27a6923b\" data-element_type=\"widget\" data-widget_type=\"shortcode.default\">\n\t\t\t\t<div class=\"elementor-widget-container\">\n\t\t\t\t\t\t\t<div class=\"elementor-shortcode\">\t\t<div class=\"wp-block-embed-rentle-shop-block medium-padding\">\n\t\t\t\t\t\t\t<rentle-store  shop=\"rolloutdoors\" store=\"rolloutdoorskiilopaa\" product=\"aGQI6XEAnA4DThLBbgRS\" lang=\"en\" \/>\n\t\t\t\t\t\t<\/div>\n\t\t<\/div>\n\t\t\t\t\t\t<\/div>\n\t\t\t\t<\/div>\n\t\t\t\t\t<\/div>\n\t\t<\/div>\n\t\t\t\t\t<\/div>\n\t\t<\/section>\n\t\t\t\t<section class=\"elementor-section elementor-top-section elementor-element elementor-element-61d0e12a elementor-section-boxed elementor-section-height-default elementor-section-height-default\" data-id=\"61d0e12a\" data-element_type=\"section\">\n\t\t\t\t\t\t<div class=\"elementor-container elementor-column-gap-default\">\n\t\t\t\t\t<div class=\"elementor-column elementor-col-100 elementor-top-column elementor-element elementor-element-54bb8436\" data-id=\"54bb8436\" data-element_type=\"column\">\n\t\t\t<div class=\"elementor-widget-wrap elementor-element-populated\">\n\t\t\t\t\t\t<div class=\"elementor-element elementor-element-f6039aa elementor-widget elementor-widget-heading\" data-id=\"f6039aa\" data-element_type=\"widget\" data-widget_type=\"heading.default\">\n\t\t\t\t<div class=\"elementor-widget-container\">\n\t\t\t\t\t<h2 class=\"elementor-heading-title elementor-size-default\">Can we help you?<\/h2>\t\t\t\t<\/div>\n\t\t\t\t<\/div>\n\t\t\t\t<div class=\"elementor-element elementor-element-7b43756f elementor-widget elementor-widget-text-editor\" data-id=\"7b43756f\" data-element_type=\"widget\" data-widget_type=\"text-editor.default\">\n\t\t\t\t<div class=\"elementor-widget-container\">\n\t\t\t\t\t\t\t\t\t<p>Do you have any questions about bike rental in Saariselk\u00e4 or our guided tours? Perhaps you need more information about fatbikes or our mountain bikes? Contact us and we will be happy to help you with all your bike rental needs.<\/p>\n<p>Telephone: <a href=\"tel:00358400188261\">0400188 261<\/a><br \/>Email: <a href=\"mailto:kiilopaa@rolloutdoors.com\">kiilopaa@rolloutdoors.com<\/a><\/p>\n\t\t\t\t\t\t\t\t<\/div>\n\t\t\t\t<\/div>\n\t\t\t\t<div class=\"elementor-element elementor-element-b2ecbdf elementor-button-align-stretch elementor-widget elementor-widget-form\" data-id=\"b2ecbdf\" data-element_type=\"widget\" data-settings=\"{&quot;step_next_label&quot;:&quot;Next&quot;,&quot;step_previous_label&quot;:&quot;Previous&quot;,&quot;button_width&quot;:&quot;100&quot;,&quot;step_type&quot;:&quot;number_text&quot;,&quot;step_icon_shape&quot;:&quot;circle&quot;}\" data-widget_type=\"form.default\">\n\t\t\t\t<div class=\"elementor-widget-container\">\n\t\t\t\t\t\t\t<form class=\"elementor-form\" method=\"post\" id=\"OpastettuIsommallRyhmalle_Kiilopaa_FI\" name=\"New Form\" aria-label=\"New Form\">\n\t\t\t<input type=\"hidden\" name=\"post_id\" value=\"12717\"\/>\n\t\t\t<input type=\"hidden\" name=\"form_id\" value=\"b2ecbdf\"\/>\n\t\t\t<input type=\"hidden\" name=\"referer_title\" value=\"Guided bike tour for a larger group - Saariselk\u00e4 - Roll Outdoors\" \/>\n\n\t\t\t\t\t\t\t<input type=\"hidden\" name=\"queried_id\" value=\"12717\"\/>\n\t\t\t\n\t\t\t<div class=\"elementor-form-fields-wrapper elementor-labels-above\">\n\t\t\t\t\t\t\t\t<div class=\"elementor-field-type-text elementor-field-group elementor-column elementor-field-group-name elementor-col-100\">\n\t\t\t\t\t\t\t\t\t\t\t\t<label for=\"form-field-name\" class=\"elementor-field-label\">\n\t\t\t\t\t\t\t\tName\t\t\t\t\t\t\t<\/label>\n\t\t\t\t\t\t\t\t\t\t\t\t\t\t<input size=\"1\" type=\"text\" name=\"form_fields[name]\" id=\"form-field-name\" class=\"elementor-field elementor-size-sm  elementor-field-textual\" placeholder=\"Name\">\n\t\t\t\t\t\t\t\t\t\t\t<\/div>\n\t\t\t\t\t\t\t\t<div class=\"elementor-field-type-email elementor-field-group elementor-column elementor-field-group-email elementor-col-100 elementor-field-required\">\n\t\t\t\t\t\t\t\t\t\t\t\t<label for=\"form-field-email\" class=\"elementor-field-label\">\n\t\t\t\t\t\t\t\tEmail\t\t\t\t\t\t\t<\/label>\n\t\t\t\t\t\t\t\t\t\t\t\t\t\t<input size=\"1\" type=\"email\" name=\"form_fields[email]\" id=\"form-field-email\" class=\"elementor-field elementor-size-sm  elementor-field-textual\" placeholder=\"Email\" required=\"required\">\n\t\t\t\t\t\t\t\t\t\t\t<\/div>\n\t\t\t\t\t\t\t\t<div class=\"elementor-field-type-textarea elementor-field-group elementor-column elementor-field-group-message elementor-col-100\">\n\t\t\t\t\t\t\t\t\t\t\t\t<label for=\"form-field-message\" class=\"elementor-field-label\">\n\t\t\t\t\t\t\t\tMessage to\t\t\t\t\t\t\t<\/label>\n\t\t\t\t\t\t<textarea class=\"elementor-field-textual elementor-field  elementor-size-sm\" name=\"form_fields[message]\" id=\"form-field-message\" rows=\"4\" placeholder=\"Write your message here.\"><\/textarea>\t\t\t\t<\/div>\n\t\t\t\t\t\t\t\t<div class=\"elementor-field-group elementor-column elementor-field-type-submit elementor-col-100 e-form__buttons\">\n\t\t\t\t\t<button class=\"elementor-button elementor-size-sm\" type=\"submit\">\n\t\t\t\t\t\t<span class=\"elementor-button-content-wrapper\">\n\t\t\t\t\t\t\t\t\t\t\t\t\t\t\t\t\t\t\t\t\t\t<span class=\"elementor-button-text\">Send<\/span>\n\t\t\t\t\t\t\t\t\t\t\t\t\t<\/span>\n\t\t\t\t\t<\/button>\n\t\t\t\t<\/div>\n\t\t\t<\/div>\n\t\t<\/form>\n\t\t\t\t\t\t<\/div>\n\t\t\t\t<\/div>\n\t\t\t\t\t<\/div>\n\t\t<\/div>\n\t\t\t\t\t<\/div>\n\t\t<\/section>\n\t\t\t\t<section class=\"elementor-section elementor-top-section elementor-element elementor-element-7d936417 elementor-section-boxed elementor-section-height-default elementor-section-height-default\" data-id=\"7d936417\" data-element_type=\"section\">\n\t\t\t\t\t\t<div class=\"elementor-container elementor-column-gap-default\">\n\t\t\t\t\t<div class=\"elementor-column elementor-col-100 elementor-top-column elementor-element elementor-element-6fcf0ed9\" data-id=\"6fcf0ed9\" data-element_type=\"column\">\n\t\t\t<div class=\"elementor-widget-wrap\">\n\t\t\t\t\t\t\t<\/div>\n\t\t<\/div>\n\t\t\t\t\t<\/div>\n\t\t<\/section>\n\t\t\t\t<\/div>\n\t\t","protected":false},"excerpt":{"rendered":"<p>Can we help you? Do you have any questions about bike rental in Saariselk\u00e4 or our guided tours? Perhaps you need more information about fatbikes or our mountain bikes? Contact us and we will be happy to help you with all your bike rental needs. Telephone: 0400188 261Email: kiilopaa@rolloutdoors.com<\/p>\n","protected":false},"author":2,"featured_media":12390,"parent":12738,"menu_order":0,"comment_status":"closed","ping_status":"closed","template":"","meta":{"_acf_changed":false,"footnotes":""},"class_list":["post-12717","page","type-page","status-publish","has-post-thumbnail","hentry"],"acf":[],"yoast_head":"<title>Guided bike tour for a larger group - Saariselk\u00e4 - Roll Outdoors<\/title>\n<meta name=\"description\" content=\"Book a guided mountain bike tour for larger groups in Saariselk\u00e4. Experience the spectacular scenery from the saddle of an e-bike!\" \/>\n<meta name=\"robots\" content=\"index, follow, max-snippet:-1, max-image-preview:large, max-video-preview:-1\" \/>\n<link rel=\"canonical\" href=\"https:\/\/rolloutdoors.com\/en\/saariselka\/guided-bike-tours-saariselka\/guided-bike-tour-for-a-larger-group-saariselka\/\" \/>\n<meta property=\"og:locale\" content=\"en_US\" \/>\n<meta property=\"og:type\" content=\"article\" \/>\n<meta property=\"og:title\" content=\"Guided bike tour for a larger group - Saariselk\u00e4 - Roll Outdoors\" \/>\n<meta property=\"og:description\" content=\"Book a guided mountain bike tour for larger groups in Saariselk\u00e4. Experience the spectacular scenery from the saddle of an e-bike!\" \/>\n<meta property=\"og:url\" content=\"https:\/\/rolloutdoors.com\/en\/saariselka\/guided-bike-tours-saariselka\/guided-bike-tour-for-a-larger-group-saariselka\/\" \/>\n<meta property=\"og:site_name\" content=\"Roll Outdoors\" \/>\n<meta property=\"article:modified_time\" content=\"2023-03-08T10:40:48+00:00\" \/>\n<meta property=\"og:image\" content=\"https:\/\/rolloutdoors.com\/wp-content\/uploads\/2023\/02\/Kiilopaa-pyoraretki-.jpg\" \/>\n\t<meta property=\"og:image:width\" content=\"2560\" \/>\n\t<meta property=\"og:image:height\" content=\"1919\" \/>\n\t<meta property=\"og:image:type\" content=\"image\/jpeg\" \/>\n<meta name=\"twitter:card\" content=\"summary_large_image\" \/>\n<meta name=\"twitter:label1\" content=\"Est. reading time\" \/>\n\t<meta name=\"twitter:data1\" content=\"1 minute\" \/>\n<script type=\"application\/ld+json\" class=\"yoast-schema-graph\">{\"@context\":\"https:\/\/schema.org\",\"@graph\":[{\"@type\":\"WebPage\",\"@id\":\"https:\/\/rolloutdoors.com\/en\/saariselka\/guided-bike-tours-saariselka\/guided-bike-tour-for-a-larger-group-saariselka\/\",\"url\":\"https:\/\/rolloutdoors.com\/en\/saariselka\/guided-bike-tours-saariselka\/guided-bike-tour-for-a-larger-group-saariselka\/\",\"name\":\"Guided bike tour for a larger group - Saariselk\u00e4 - Roll Outdoors\",\"isPartOf\":{\"@id\":\"https:\/\/rolloutdoors.com\/en\/#website\"},\"primaryImageOfPage\":{\"@id\":\"https:\/\/rolloutdoors.com\/en\/saariselka\/guided-bike-tours-saariselka\/guided-bike-tour-for-a-larger-group-saariselka\/#primaryimage\"},\"image\":{\"@id\":\"https:\/\/rolloutdoors.com\/en\/saariselka\/guided-bike-tours-saariselka\/guided-bike-tour-for-a-larger-group-saariselka\/#primaryimage\"},\"thumbnailUrl\":\"https:\/\/rolloutdoors.com\/wp-content\/uploads\/2023\/02\/Kiilopaa-pyoraretki-.jpg\",\"datePublished\":\"2023-02-23T09:32:38+00:00\",\"dateModified\":\"2023-03-08T10:40:48+00:00\",\"description\":\"Book a guided mountain bike tour for larger groups in Saariselk\u00e4. Experience the spectacular scenery from the saddle of an e-bike!\",\"breadcrumb\":{\"@id\":\"https:\/\/rolloutdoors.com\/en\/saariselka\/guided-bike-tours-saariselka\/guided-bike-tour-for-a-larger-group-saariselka\/#breadcrumb\"},\"inLanguage\":\"en-US\",\"potentialAction\":[{\"@type\":\"ReadAction\",\"target\":[\"https:\/\/rolloutdoors.com\/en\/saariselka\/guided-bike-tours-saariselka\/guided-bike-tour-for-a-larger-group-saariselka\/\"]}]},{\"@type\":\"ImageObject\",\"inLanguage\":\"en-US\",\"@id\":\"https:\/\/rolloutdoors.com\/en\/saariselka\/guided-bike-tours-saariselka\/guided-bike-tour-for-a-larger-group-saariselka\/#primaryimage\",\"url\":\"https:\/\/rolloutdoors.com\/wp-content\/uploads\/2023\/02\/Kiilopaa-pyoraretki-.jpg\",\"contentUrl\":\"https:\/\/rolloutdoors.com\/wp-content\/uploads\/2023\/02\/Kiilopaa-pyoraretki-.jpg\",\"width\":2560,\"height\":1919,\"caption\":\"excursion nature trip bike tour fat bike electric bike mountain bike mountain bike tour mountain bike route Saariselk\u00e4-kiilop\u00e4\u00e4\"},{\"@type\":\"BreadcrumbList\",\"@id\":\"https:\/\/rolloutdoors.com\/en\/saariselka\/guided-bike-tours-saariselka\/guided-bike-tour-for-a-larger-group-saariselka\/#breadcrumb\",\"itemListElement\":[{\"@type\":\"ListItem\",\"position\":1,\"name\":\"Frontpage\",\"item\":\"https:\/\/rolloutdoors.com\/en\/\"},{\"@type\":\"ListItem\",\"position\":2,\"name\":\"Saariselk\u00e4\",\"item\":\"https:\/\/rolloutdoors.com\/en\/saariselka\/\"},{\"@type\":\"ListItem\",\"position\":3,\"name\":\"Guided tours &#8211; Saariselk\u00e4\",\"item\":\"https:\/\/rolloutdoors.com\/en\/saariselka\/guided-bike-tours-saariselka\/\"},{\"@type\":\"ListItem\",\"position\":4,\"name\":\"Guided bike tour for a larger group &#8211; Saariselk\u00e4\"}]},{\"@type\":\"WebSite\",\"@id\":\"https:\/\/rolloutdoors.com\/en\/#website\",\"url\":\"https:\/\/rolloutdoors.com\/en\/\",\"name\":\"Roll Outdoors\",\"description\":\"Bike tours and rentals\",\"publisher\":{\"@id\":\"https:\/\/rolloutdoors.com\/en\/#organization\"},\"potentialAction\":[{\"@type\":\"SearchAction\",\"target\":{\"@type\":\"EntryPoint\",\"urlTemplate\":\"https:\/\/rolloutdoors.com\/en\/?s={search_term_string}\"},\"query-input\":{\"@type\":\"PropertyValueSpecification\",\"valueRequired\":true,\"valueName\":\"search_term_string\"}}],\"inLanguage\":\"en-US\"},{\"@type\":\"Organization\",\"@id\":\"https:\/\/rolloutdoors.com\/en\/#organization\",\"name\":\"Roll Outdoors\",\"url\":\"https:\/\/rolloutdoors.com\/en\/\",\"logo\":{\"@type\":\"ImageObject\",\"inLanguage\":\"en-US\",\"@id\":\"https:\/\/rolloutdoors.com\/en\/#\/schema\/logo\/image\/\",\"url\":\"https:\/\/rolloutdoors.com\/wp-content\/uploads\/2022\/03\/Roll-Outdoors-logo-newlabel-800px.png\",\"contentUrl\":\"https:\/\/rolloutdoors.com\/wp-content\/uploads\/2022\/03\/Roll-Outdoors-logo-newlabel-800px.png\",\"width\":800,\"height\":639,\"caption\":\"Roll Outdoors\"},\"image\":{\"@id\":\"https:\/\/rolloutdoors.com\/en\/#\/schema\/logo\/image\/\"}}]}<\/script>","yoast_head_json":{"title":"Guided bike tour for a larger group - Saariselk\u00e4 - Roll Outdoors","description":"Book a guided mountain bike tour for larger groups in Saariselk\u00e4. Experience the spectacular scenery from the saddle of an e-bike!","robots":{"index":"index","follow":"follow","max-snippet":"max-snippet:-1","max-image-preview":"max-image-preview:large","max-video-preview":"max-video-preview:-1"},"canonical":"https:\/\/rolloutdoors.com\/en\/saariselka\/guided-bike-tours-saariselka\/guided-bike-tour-for-a-larger-group-saariselka\/","og_locale":"en_US","og_type":"article","og_title":"Guided bike tour for a larger group - Saariselk\u00e4 - Roll Outdoors","og_description":"Book a guided mountain bike tour for larger groups in Saariselk\u00e4. Experience the spectacular scenery from the saddle of an e-bike!","og_url":"https:\/\/rolloutdoors.com\/en\/saariselka\/guided-bike-tours-saariselka\/guided-bike-tour-for-a-larger-group-saariselka\/","og_site_name":"Roll Outdoors","article_modified_time":"2023-03-08T10:40:48+00:00","og_image":[{"width":2560,"height":1919,"url":"https:\/\/rolloutdoors.com\/wp-content\/uploads\/2023\/02\/Kiilopaa-pyoraretki-.jpg","type":"image\/jpeg"}],"twitter_card":"summary_large_image","twitter_misc":{"Est. reading time":"1 minute"},"schema":{"@context":"https:\/\/schema.org","@graph":[{"@type":"WebPage","@id":"https:\/\/rolloutdoors.com\/en\/saariselka\/guided-bike-tours-saariselka\/guided-bike-tour-for-a-larger-group-saariselka\/","url":"https:\/\/rolloutdoors.com\/en\/saariselka\/guided-bike-tours-saariselka\/guided-bike-tour-for-a-larger-group-saariselka\/","name":"Guided bike tour for a larger group - Saariselk\u00e4 - Roll Outdoors","isPartOf":{"@id":"https:\/\/rolloutdoors.com\/en\/#website"},"primaryImageOfPage":{"@id":"https:\/\/rolloutdoors.com\/en\/saariselka\/guided-bike-tours-saariselka\/guided-bike-tour-for-a-larger-group-saariselka\/#primaryimage"},"image":{"@id":"https:\/\/rolloutdoors.com\/en\/saariselka\/guided-bike-tours-saariselka\/guided-bike-tour-for-a-larger-group-saariselka\/#primaryimage"},"thumbnailUrl":"https:\/\/rolloutdoors.com\/wp-content\/uploads\/2023\/02\/Kiilopaa-pyoraretki-.jpg","datePublished":"2023-02-23T09:32:38+00:00","dateModified":"2023-03-08T10:40:48+00:00","description":"Book a guided mountain bike tour for larger groups in Saariselk\u00e4. Experience the spectacular scenery from the saddle of an e-bike!","breadcrumb":{"@id":"https:\/\/rolloutdoors.com\/en\/saariselka\/guided-bike-tours-saariselka\/guided-bike-tour-for-a-larger-group-saariselka\/#breadcrumb"},"inLanguage":"en-US","potentialAction":[{"@type":"ReadAction","target":["https:\/\/rolloutdoors.com\/en\/saariselka\/guided-bike-tours-saariselka\/guided-bike-tour-for-a-larger-group-saariselka\/"]}]},{"@type":"ImageObject","inLanguage":"en-US","@id":"https:\/\/rolloutdoors.com\/en\/saariselka\/guided-bike-tours-saariselka\/guided-bike-tour-for-a-larger-group-saariselka\/#primaryimage","url":"https:\/\/rolloutdoors.com\/wp-content\/uploads\/2023\/02\/Kiilopaa-pyoraretki-.jpg","contentUrl":"https:\/\/rolloutdoors.com\/wp-content\/uploads\/2023\/02\/Kiilopaa-pyoraretki-.jpg","width":2560,"height":1919,"caption":"excursion nature trip bike tour fat bike electric bike mountain bike mountain bike tour mountain bike route Saariselk\u00e4-kiilop\u00e4\u00e4"},{"@type":"BreadcrumbList","@id":"https:\/\/rolloutdoors.com\/en\/saariselka\/guided-bike-tours-saariselka\/guided-bike-tour-for-a-larger-group-saariselka\/#breadcrumb","itemListElement":[{"@type":"ListItem","position":1,"name":"Frontpage","item":"https:\/\/rolloutdoors.com\/en\/"},{"@type":"ListItem","position":2,"name":"Saariselk\u00e4","item":"https:\/\/rolloutdoors.com\/en\/saariselka\/"},{"@type":"ListItem","position":3,"name":"Guided tours &#8211; Saariselk\u00e4","item":"https:\/\/rolloutdoors.com\/en\/saariselka\/guided-bike-tours-saariselka\/"},{"@type":"ListItem","position":4,"name":"Guided bike tour for a larger group &#8211; Saariselk\u00e4"}]},{"@type":"WebSite","@id":"https:\/\/rolloutdoors.com\/en\/#website","url":"https:\/\/rolloutdoors.com\/en\/","name":"Roll Outdoors","description":"Bike tours and rentals","publisher":{"@id":"https:\/\/rolloutdoors.com\/en\/#organization"},"potentialAction":[{"@type":"SearchAction","target":{"@type":"EntryPoint","urlTemplate":"https:\/\/rolloutdoors.com\/en\/?s={search_term_string}"},"query-input":{"@type":"PropertyValueSpecification","valueRequired":true,"valueName":"search_term_string"}}],"inLanguage":"en-US"},{"@type":"Organization","@id":"https:\/\/rolloutdoors.com\/en\/#organization","name":"Roll Outdoors","url":"https:\/\/rolloutdoors.com\/en\/","logo":{"@type":"ImageObject","inLanguage":"en-US","@id":"https:\/\/rolloutdoors.com\/en\/#\/schema\/logo\/image\/","url":"https:\/\/rolloutdoors.com\/wp-content\/uploads\/2022\/03\/Roll-Outdoors-logo-newlabel-800px.png","contentUrl":"https:\/\/rolloutdoors.com\/wp-content\/uploads\/2022\/03\/Roll-Outdoors-logo-newlabel-800px.png","width":800,"height":639,"caption":"Roll Outdoors"},"image":{"@id":"https:\/\/rolloutdoors.com\/en\/#\/schema\/logo\/image\/"}}]}},"_links":{"self":[{"href":"https:\/\/rolloutdoors.com\/en\/wp-json\/wp\/v2\/pages\/12717","targetHints":{"allow":["GET"]}}],"collection":[{"href":"https:\/\/rolloutdoors.com\/en\/wp-json\/wp\/v2\/pages"}],"about":[{"href":"https:\/\/rolloutdoors.com\/en\/wp-json\/wp\/v2\/types\/page"}],"author":[{"embeddable":true,"href":"https:\/\/rolloutdoors.com\/en\/wp-json\/wp\/v2\/users\/2"}],"replies":[{"embeddable":true,"href":"https:\/\/rolloutdoors.com\/en\/wp-json\/wp\/v2\/comments?post=12717"}],"version-history":[{"count":0,"href":"https:\/\/rolloutdoors.com\/en\/wp-json\/wp\/v2\/pages\/12717\/revisions"}],"up":[{"embeddable":true,"href":"https:\/\/rolloutdoors.com\/en\/wp-json\/wp\/v2\/pages\/12738"}],"wp:featuredmedia":[{"embeddable":true,"href":"https:\/\/rolloutdoors.com\/en\/wp-json\/wp\/v2\/media\/12390"}],"wp:attachment":[{"href":"https:\/\/rolloutdoors.com\/en\/wp-json\/wp\/v2\/media?parent=12717"}],"curies":[{"name":"wp","href":"https:\/\/api.w.org\/{rel}","templated":true}]}}