{"id":12667,"date":"2023-02-23T14:27:58","date_gmt":"2023-02-23T14:27:58","guid":{"rendered":"https:\/\/rolloutdoors.com\/guided-tours\/"},"modified":"2024-06-13T08:26:29","modified_gmt":"2024-06-13T08:26:29","slug":"guided-tours","status":"publish","type":"page","link":"https:\/\/rolloutdoors.com\/en\/guided-tours\/","title":{"rendered":"Guided tours"},"content":{"rendered":"\t\t<div data-elementor-type=\"wp-page\" data-elementor-id=\"12667\" class=\"elementor elementor-12667 elementor-11304\" data-elementor-post-type=\"page\">\n\t\t\t\t\t\t<section class=\"elementor-section elementor-top-section elementor-element elementor-element-2c7bcc45 elementor-section-boxed elementor-section-height-default elementor-section-height-default\" data-id=\"2c7bcc45\" data-element_type=\"section\">\n\t\t\t\t\t\t<div class=\"elementor-container elementor-column-gap-default\">\n\t\t\t\t\t<div class=\"elementor-column elementor-col-100 elementor-top-column elementor-element elementor-element-7f8b5574\" data-id=\"7f8b5574\" data-element_type=\"column\">\n\t\t\t<div class=\"elementor-widget-wrap elementor-element-populated\">\n\t\t\t\t\t\t<div class=\"elementor-element elementor-element-1d01d5c6 elementor-widget elementor-widget-heading\" data-id=\"1d01d5c6\" data-element_type=\"widget\" data-widget_type=\"heading.default\">\n\t\t\t\t<div class=\"elementor-widget-container\">\n\t\t\t\t\t<h1 class=\"elementor-heading-title elementor-size-default\">Guided bike tours - Roll Outdoors<\/h1>\t\t\t\t<\/div>\n\t\t\t\t<\/div>\n\t\t\t\t\t<\/div>\n\t\t<\/div>\n\t\t\t\t\t<\/div>\n\t\t<\/section>\n\t\t\t\t<section class=\"elementor-section elementor-top-section elementor-element elementor-element-5f5412c0 elementor-section-boxed elementor-section-height-default elementor-section-height-default\" data-id=\"5f5412c0\" data-element_type=\"section\">\n\t\t\t\t\t\t<div class=\"elementor-container elementor-column-gap-default\">\n\t\t\t\t\t<div class=\"elementor-column elementor-col-100 elementor-top-column elementor-element elementor-element-6e0542a8\" data-id=\"6e0542a8\" data-element_type=\"column\">\n\t\t\t<div class=\"elementor-widget-wrap elementor-element-populated\">\n\t\t\t\t\t\t<div class=\"elementor-element elementor-element-23ae3dfe elementor-posts__hover-none elementor-grid-2 elementor-grid-mobile-2 elementor-grid-tablet-2 elementor-posts--thumbnail-top elementor-widget elementor-widget-posts\" data-id=\"23ae3dfe\" data-element_type=\"widget\" data-settings=\"{&quot;cards_row_gap&quot;:{&quot;unit&quot;:&quot;px&quot;,&quot;size&quot;:30,&quot;sizes&quot;:[]},&quot;cards_columns&quot;:&quot;2&quot;,&quot;cards_columns_mobile&quot;:&quot;2&quot;,&quot;cards_columns_tablet&quot;:&quot;2&quot;,&quot;cards_row_gap_tablet&quot;:{&quot;unit&quot;:&quot;px&quot;,&quot;size&quot;:&quot;&quot;,&quot;sizes&quot;:[]},&quot;cards_row_gap_mobile&quot;:{&quot;unit&quot;:&quot;px&quot;,&quot;size&quot;:&quot;&quot;,&quot;sizes&quot;:[]}}\" data-widget_type=\"posts.cards\">\n\t\t\t\t<div class=\"elementor-widget-container\">\n\t\t\t\t\t\t\t<div class=\"elementor-posts-container elementor-posts elementor-posts--skin-cards elementor-grid\" role=\"list\">\n\t\t\t\t<article class=\"elementor-post elementor-grid-item post-12738 page type-page status-publish has-post-thumbnail hentry\" role=\"listitem\">\n\t\t\t<div class=\"elementor-post__card\">\n\t\t\t\t<a class=\"elementor-post__thumbnail__link\" href=\"https:\/\/rolloutdoors.com\/en\/saariselka\/guided-bike-tours-saariselka\/\" tabindex=\"-1\" ><div class=\"elementor-post__thumbnail\"><img fetchpriority=\"high\" decoding=\"async\" width=\"768\" height=\"512\" src=\"https:\/\/rolloutdoors.com\/wp-content\/uploads\/2023\/02\/Kiilopaai-mountain-biking-Roll-Outdoors-2-768x512.jpg\" class=\"attachment-medium_large size-medium_large wp-image-12335\" alt=\"recreation day saariselk\u00e4 winter cycling fat bike electric bike routes wedge island island of the archipelago lapland things to do things to do\" srcset=\"https:\/\/rolloutdoors.com\/wp-content\/uploads\/2023\/02\/Kiilopaai-mountain-biking-Roll-Outdoors-2-768x512.jpg 768w, https:\/\/rolloutdoors.com\/wp-content\/uploads\/2023\/02\/Kiilopaai-mountain-biking-Roll-Outdoors-2-300x200.jpg 300w, https:\/\/rolloutdoors.com\/wp-content\/uploads\/2023\/02\/Kiilopaai-mountain-biking-Roll-Outdoors-2-1024x682.jpg 1024w, https:\/\/rolloutdoors.com\/wp-content\/uploads\/2023\/02\/Kiilopaai-mountain-biking-Roll-Outdoors-2-1536x1023.jpg 1536w, https:\/\/rolloutdoors.com\/wp-content\/uploads\/2023\/02\/Kiilopaai-mountain-biking-Roll-Outdoors-2-2048x1364.jpg 2048w\" sizes=\"(max-width: 768px) 100vw, 768px\" \/><\/div><\/a>\n\t\t\t\t<div class=\"elementor-post__text\">\n\t\t\t\t<h3 class=\"elementor-post__title\">\n\t\t\t<a href=\"https:\/\/rolloutdoors.com\/en\/saariselka\/guided-bike-tours-saariselka\/\" >\n\t\t\t\tGuided tours &#8211; Saariselk\u00e4\t\t\t<\/a>\n\t\t<\/h3>\n\t\t\n\t\t<a class=\"elementor-post__read-more\" href=\"https:\/\/rolloutdoors.com\/en\/saariselka\/guided-bike-tours-saariselka\/\" aria-label=\"Read more about Guided tours &#8211; Saariselk\u00e4\" tabindex=\"-1\" >\n\t\t\tRead More \u00bb\t\t<\/a>\n\n\t\t\t\t<\/div>\n\t\t\t\t\t<\/div>\n\t\t<\/article>\n\t\t\t\t<article class=\"elementor-post elementor-grid-item post-12624 page type-page status-publish has-post-thumbnail hentry\" role=\"listitem\">\n\t\t\t<div class=\"elementor-post__card\">\n\t\t\t\t<a class=\"elementor-post__thumbnail__link\" href=\"https:\/\/rolloutdoors.com\/en\/rovaniemi\/guided-bike-tours-rovaniemi\/\" tabindex=\"-1\" ><div class=\"elementor-post__thumbnail\"><img decoding=\"async\" width=\"768\" height=\"576\" src=\"https:\/\/rolloutdoors.com\/wp-content\/uploads\/2023\/09\/Rovaniemi-mountain-biking-Roll-Outdoors-1088031-768x576.jpg\" class=\"attachment-medium_large size-medium_large wp-image-17791\" alt=\"Guided electric bike tour Rovaniemi fatbike efatbike fat bike snowmobile tour reindeer tour husky tour\" srcset=\"https:\/\/rolloutdoors.com\/wp-content\/uploads\/2023\/09\/Rovaniemi-mountain-biking-Roll-Outdoors-1088031-768x576.jpg 768w, https:\/\/rolloutdoors.com\/wp-content\/uploads\/2023\/09\/Rovaniemi-mountain-biking-Roll-Outdoors-1088031-300x225.jpg 300w, https:\/\/rolloutdoors.com\/wp-content\/uploads\/2023\/09\/Rovaniemi-mountain-biking-Roll-Outdoors-1088031-1024x768.jpg 1024w, https:\/\/rolloutdoors.com\/wp-content\/uploads\/2023\/09\/Rovaniemi-mountain-biking-Roll-Outdoors-1088031-1536x1152.jpg 1536w, https:\/\/rolloutdoors.com\/wp-content\/uploads\/2023\/09\/Rovaniemi-mountain-biking-Roll-Outdoors-1088031-2048x1536.jpg 2048w\" sizes=\"(max-width: 768px) 100vw, 768px\" \/><\/div><\/a>\n\t\t\t\t<div class=\"elementor-post__text\">\n\t\t\t\t<h3 class=\"elementor-post__title\">\n\t\t\t<a href=\"https:\/\/rolloutdoors.com\/en\/rovaniemi\/guided-bike-tours-rovaniemi\/\" >\n\t\t\t\tGuided bike tours &#8211; Rovaniemi\t\t\t<\/a>\n\t\t<\/h3>\n\t\t\n\t\t<a class=\"elementor-post__read-more\" href=\"https:\/\/rolloutdoors.com\/en\/rovaniemi\/guided-bike-tours-rovaniemi\/\" aria-label=\"Read more about Guided bike tours &#8211; Rovaniemi\" tabindex=\"-1\" >\n\t\t\tRead More \u00bb\t\t<\/a>\n\n\t\t\t\t<\/div>\n\t\t\t\t\t<\/div>\n\t\t<\/article>\n\t\t\t\t<\/div>\n\t\t\n\t\t\t\t\t\t<\/div>\n\t\t\t\t<\/div>\n\t\t\t\t<div class=\"elementor-element elementor-element-7776345 elementor-widget elementor-widget-text-editor\" data-id=\"7776345\" data-element_type=\"widget\" data-widget_type=\"text-editor.default\">\n\t\t\t\t<div class=\"elementor-widget-container\">\n\t\t\t\t\t\t\t\t\t<p>Whether it&#8217;s your holiday in Lapland or a recreational day for your team, Roll Outdoors has the means to entertain you in the beautiful northern nature. &#8211; In all seasons. <\/p>\n\t\t\t\t\t\t\t\t<\/div>\n\t\t\t\t<\/div>\n\t\t\t\t<div class=\"elementor-element elementor-element-72767b7 elementor-widget elementor-widget-spacer\" data-id=\"72767b7\" data-element_type=\"widget\" data-widget_type=\"spacer.default\">\n\t\t\t\t<div class=\"elementor-widget-container\">\n\t\t\t\t\t\t\t<div class=\"elementor-spacer\">\n\t\t\t<div class=\"elementor-spacer-inner\"><\/div>\n\t\t<\/div>\n\t\t\t\t\t\t<\/div>\n\t\t\t\t<\/div>\n\t\t\t\t\t<\/div>\n\t\t<\/div>\n\t\t\t\t\t<\/div>\n\t\t<\/section>\n\t\t\t\t<section class=\"elementor-section elementor-top-section elementor-element elementor-element-2c2cfe7c elementor-section-boxed elementor-section-height-default elementor-section-height-default\" data-id=\"2c2cfe7c\" data-element_type=\"section\" data-settings=\"{&quot;background_background&quot;:&quot;classic&quot;}\">\n\t\t\t\t\t\t<div class=\"elementor-container elementor-column-gap-default\">\n\t\t\t\t\t<div class=\"elementor-column elementor-col-100 elementor-top-column elementor-element elementor-element-68abac12\" data-id=\"68abac12\" data-element_type=\"column\">\n\t\t\t<div class=\"elementor-widget-wrap elementor-element-populated\">\n\t\t\t\t\t\t<div class=\"elementor-element elementor-element-4f0a3d6c e-transform elementor-widget elementor-widget-text-editor\" data-id=\"4f0a3d6c\" data-element_type=\"widget\" data-settings=\"{&quot;_transform_translateY_effect&quot;:{&quot;unit&quot;:&quot;px&quot;,&quot;size&quot;:10,&quot;sizes&quot;:[]},&quot;_transform_translateX_effect&quot;:{&quot;unit&quot;:&quot;px&quot;,&quot;size&quot;:&quot;&quot;,&quot;sizes&quot;:[]},&quot;_transform_translateX_effect_tablet&quot;:{&quot;unit&quot;:&quot;px&quot;,&quot;size&quot;:&quot;&quot;,&quot;sizes&quot;:[]},&quot;_transform_translateX_effect_mobile&quot;:{&quot;unit&quot;:&quot;px&quot;,&quot;size&quot;:&quot;&quot;,&quot;sizes&quot;:[]},&quot;_transform_translateY_effect_tablet&quot;:{&quot;unit&quot;:&quot;px&quot;,&quot;size&quot;:&quot;&quot;,&quot;sizes&quot;:[]},&quot;_transform_translateY_effect_mobile&quot;:{&quot;unit&quot;:&quot;px&quot;,&quot;size&quot;:&quot;&quot;,&quot;sizes&quot;:[]}}\" data-widget_type=\"text-editor.default\">\n\t\t\t\t<div class=\"elementor-widget-container\">\n\t\t\t\t\t\t\t\t\t<p style=\"text-align: center;\"><strong>We accept the following sports benefits as payment!<\/strong><\/p>\n\t\t\t\t\t\t\t\t<\/div>\n\t\t\t\t<\/div>\n\t\t\t\t<div class=\"elementor-element elementor-element-78b86c51 e-transform elementor-widget elementor-widget-image\" data-id=\"78b86c51\" data-element_type=\"widget\" data-settings=\"{&quot;_transform_translateY_effect&quot;:{&quot;unit&quot;:&quot;px&quot;,&quot;size&quot;:-20,&quot;sizes&quot;:[]},&quot;_transform_translateX_effect&quot;:{&quot;unit&quot;:&quot;px&quot;,&quot;size&quot;:&quot;&quot;,&quot;sizes&quot;:[]},&quot;_transform_translateX_effect_tablet&quot;:{&quot;unit&quot;:&quot;px&quot;,&quot;size&quot;:&quot;&quot;,&quot;sizes&quot;:[]},&quot;_transform_translateX_effect_mobile&quot;:{&quot;unit&quot;:&quot;px&quot;,&quot;size&quot;:&quot;&quot;,&quot;sizes&quot;:[]},&quot;_transform_translateY_effect_tablet&quot;:{&quot;unit&quot;:&quot;px&quot;,&quot;size&quot;:&quot;&quot;,&quot;sizes&quot;:[]},&quot;_transform_translateY_effect_mobile&quot;:{&quot;unit&quot;:&quot;px&quot;,&quot;size&quot;:&quot;&quot;,&quot;sizes&quot;:[]}}\" data-widget_type=\"image.default\">\n\t\t\t\t<div class=\"elementor-widget-container\">\n\t\t\t\t\t\t\t\t\t\t\t\t\t\t\t<img decoding=\"async\" width=\"417\" height=\"52\" src=\"https:\/\/rolloutdoors.com\/wp-content\/uploads\/2023\/02\/liikuntasetelit-web.png\" class=\"attachment-large size-large wp-image-12336\" alt=\"sport benefit voucher employment benefit payment instrument\" srcset=\"https:\/\/rolloutdoors.com\/wp-content\/uploads\/2023\/02\/liikuntasetelit-web.png 417w, https:\/\/rolloutdoors.com\/wp-content\/uploads\/2023\/02\/liikuntasetelit-web-300x37.png 300w\" sizes=\"(max-width: 417px) 100vw, 417px\" \/>\t\t\t\t\t\t\t\t\t\t\t\t\t\t\t<\/div>\n\t\t\t\t<\/div>\n\t\t\t\t\t<\/div>\n\t\t<\/div>\n\t\t\t\t\t<\/div>\n\t\t<\/section>\n\t\t\t\t<section class=\"elementor-section elementor-top-section elementor-element elementor-element-64422ebc elementor-section-boxed elementor-section-height-default elementor-section-height-default\" data-id=\"64422ebc\" data-element_type=\"section\">\n\t\t\t\t\t\t<div class=\"elementor-container elementor-column-gap-default\">\n\t\t\t\t\t<div class=\"elementor-column elementor-col-100 elementor-top-column elementor-element elementor-element-6299b1de\" data-id=\"6299b1de\" data-element_type=\"column\">\n\t\t\t<div class=\"elementor-widget-wrap elementor-element-populated\">\n\t\t\t\t\t\t<div class=\"elementor-element elementor-element-4b3c02f6 elementor-widget elementor-widget-heading\" data-id=\"4b3c02f6\" data-element_type=\"widget\" data-widget_type=\"heading.default\">\n\t\t\t\t<div class=\"elementor-widget-container\">\n\t\t\t\t\t<h2 class=\"elementor-heading-title elementor-size-default\">Can we help you?<\/h2>\t\t\t\t<\/div>\n\t\t\t\t<\/div>\n\t\t\t\t<section class=\"elementor-section elementor-inner-section elementor-element elementor-element-bf8115f elementor-section-boxed elementor-section-height-default elementor-section-height-default\" data-id=\"bf8115f\" data-element_type=\"section\">\n\t\t\t\t\t\t<div class=\"elementor-container elementor-column-gap-default\">\n\t\t\t\t\t<div class=\"elementor-column elementor-col-50 elementor-inner-column elementor-element elementor-element-25b1192\" data-id=\"25b1192\" data-element_type=\"column\">\n\t\t\t<div class=\"elementor-widget-wrap elementor-element-populated\">\n\t\t\t\t\t\t<div class=\"elementor-element elementor-element-34c4d2da elementor-widget elementor-widget-text-editor\" data-id=\"34c4d2da\" data-element_type=\"widget\" data-widget_type=\"text-editor.default\">\n\t\t\t\t<div class=\"elementor-widget-container\">\n\t\t\t\t\t\t\t\t\t<p>Do you have questions about guided tours? Please contact us, so we&#8217;ll help you with anything concerning guided bike tours!<\/p>\n<p>Telephone: <a href=\"tel:+358400380063\" data-dtype=\"d3ph\" data-local-attribute=\"d3ph\" data-ved=\"2ahUKEwiu3JTC37_9AhVJl4sKHaeICmwQkAgoAHoECE4QAw\"><span aria-label=\"Soita numeroon 040 0380063\">040 0380063<\/span><\/a><br \/>Email: <a href=\"mailto:myynti@rolloutdoors.com\">sales@rolloutdoors.com<\/a><\/p>\n\t\t\t\t\t\t\t\t<\/div>\n\t\t\t\t<\/div>\n\t\t\t\t\t<\/div>\n\t\t<\/div>\n\t\t\t\t<div class=\"elementor-column elementor-col-50 elementor-inner-column elementor-element elementor-element-47b3a04\" data-id=\"47b3a04\" data-element_type=\"column\">\n\t\t\t<div class=\"elementor-widget-wrap elementor-element-populated\">\n\t\t\t\t\t\t<div class=\"elementor-element elementor-element-321c762 elementor-button-align-stretch elementor-widget elementor-widget-form\" data-id=\"321c762\" data-element_type=\"widget\" data-settings=\"{&quot;step_next_label&quot;:&quot;Next&quot;,&quot;step_previous_label&quot;:&quot;Previous&quot;,&quot;button_width&quot;:&quot;50&quot;,&quot;step_type&quot;:&quot;number_text&quot;,&quot;step_icon_shape&quot;:&quot;circle&quot;}\" data-widget_type=\"form.default\">\n\t\t\t\t<div class=\"elementor-widget-container\">\n\t\t\t\t\t\t\t<form class=\"elementor-form\" method=\"post\" id=\"OpastetutRetket_FI\" name=\"New Form - Guided tours\" aria-label=\"New Form - Guided tours\">\n\t\t\t<input type=\"hidden\" name=\"post_id\" value=\"12667\"\/>\n\t\t\t<input type=\"hidden\" name=\"form_id\" value=\"321c762\"\/>\n\t\t\t<input type=\"hidden\" name=\"referer_title\" value=\"Guided tours - Roll Outdoors\" \/>\n\n\t\t\t\t\t\t\t<input type=\"hidden\" name=\"queried_id\" value=\"12667\"\/>\n\t\t\t\n\t\t\t<div class=\"elementor-form-fields-wrapper elementor-labels-\">\n\t\t\t\t\t\t\t\t<div class=\"elementor-field-type-text elementor-field-group elementor-column elementor-field-group-name elementor-col-100\">\n\t\t\t\t\t\t\t\t\t\t\t\t<label for=\"form-field-name\" class=\"elementor-field-label elementor-screen-only\">\n\t\t\t\t\t\t\t\tName\t\t\t\t\t\t\t<\/label>\n\t\t\t\t\t\t\t\t\t\t\t\t\t\t<input size=\"1\" type=\"text\" name=\"form_fields[name]\" id=\"form-field-name\" class=\"elementor-field elementor-size-sm  elementor-field-textual\" placeholder=\"Name\">\n\t\t\t\t\t\t\t\t\t\t\t<\/div>\n\t\t\t\t\t\t\t\t<div class=\"elementor-field-type-email elementor-field-group elementor-column elementor-field-group-email elementor-col-100 elementor-field-required\">\n\t\t\t\t\t\t\t\t\t\t\t\t<label for=\"form-field-email\" class=\"elementor-field-label elementor-screen-only\">\n\t\t\t\t\t\t\t\tEmail\t\t\t\t\t\t\t<\/label>\n\t\t\t\t\t\t\t\t\t\t\t\t\t\t<input size=\"1\" type=\"email\" name=\"form_fields[email]\" id=\"form-field-email\" class=\"elementor-field elementor-size-sm  elementor-field-textual\" placeholder=\"Email\" required=\"required\">\n\t\t\t\t\t\t\t\t\t\t\t<\/div>\n\t\t\t\t\t\t\t\t<div class=\"elementor-field-type-textarea elementor-field-group elementor-column elementor-field-group-message elementor-col-100\">\n\t\t\t\t\t\t\t\t\t\t\t\t<label for=\"form-field-message\" class=\"elementor-field-label elementor-screen-only\">\n\t\t\t\t\t\t\t\tMessage to\t\t\t\t\t\t\t<\/label>\n\t\t\t\t\t\t<textarea class=\"elementor-field-textual elementor-field  elementor-size-sm\" name=\"form_fields[message]\" id=\"form-field-message\" rows=\"4\" placeholder=\"Message to\"><\/textarea>\t\t\t\t<\/div>\n\t\t\t\t\t\t\t\t<div class=\"elementor-field-group elementor-column elementor-field-type-submit elementor-col-50 e-form__buttons\">\n\t\t\t\t\t<button class=\"elementor-button elementor-size-sm\" type=\"submit\" id=\"Voimmeko auttaa - Opastetut retket_button\">\n\t\t\t\t\t\t<span class=\"elementor-button-content-wrapper\">\n\t\t\t\t\t\t\t\t\t\t\t\t\t\t\t\t\t\t\t\t\t\t<span class=\"elementor-button-text\">Send<\/span>\n\t\t\t\t\t\t\t\t\t\t\t\t\t<\/span>\n\t\t\t\t\t<\/button>\n\t\t\t\t<\/div>\n\t\t\t<\/div>\n\t\t<\/form>\n\t\t\t\t\t\t<\/div>\n\t\t\t\t<\/div>\n\t\t\t\t\t<\/div>\n\t\t<\/div>\n\t\t\t\t\t<\/div>\n\t\t<\/section>\n\t\t\t\t\t<\/div>\n\t\t<\/div>\n\t\t\t\t\t<\/div>\n\t\t<\/section>\n\t\t\t\t<\/div>\n\t\t","protected":false},"excerpt":{"rendered":"<p>Guided bike tours &#8211; Roll Outdoors Whether it&#8217;s your holiday in Lapland or a recreational day for your team, Roll Outdoors has<\/p>\n","protected":false},"author":3,"featured_media":17791,"parent":0,"menu_order":0,"comment_status":"closed","ping_status":"closed","template":"","meta":{"_acf_changed":false,"footnotes":""},"class_list":["post-12667","page","type-page","status-publish","has-post-thumbnail","hentry"],"acf":[],"yoast_head":"<title>Guided tours - Roll Outdoors<\/title>\n<meta name=\"description\" content=\"Bike tours on electric bikes in Saariselk\u00e4-Kiilop\u00e4\u00e4, Rovaniemi and Helsinki. Tours for business groups and individual tourists.\" \/>\n<meta name=\"robots\" content=\"index, follow, max-snippet:-1, max-image-preview:large, max-video-preview:-1\" \/>\n<link rel=\"canonical\" href=\"https:\/\/rolloutdoors.com\/en\/guided-tours\/\" \/>\n<meta property=\"og:locale\" content=\"en_US\" \/>\n<meta property=\"og:type\" content=\"article\" \/>\n<meta property=\"og:title\" content=\"Guided tours - Roll Outdoors\" \/>\n<meta property=\"og:description\" content=\"Bike tours on electric bikes in Saariselk\u00e4-Kiilop\u00e4\u00e4, Rovaniemi and Helsinki. Tours for business groups and individual tourists.\" \/>\n<meta property=\"og:url\" content=\"https:\/\/rolloutdoors.com\/en\/guided-tours\/\" \/>\n<meta property=\"og:site_name\" content=\"Roll Outdoors\" \/>\n<meta property=\"article:modified_time\" content=\"2024-06-13T08:26:29+00:00\" \/>\n<meta property=\"og:image\" content=\"https:\/\/rolloutdoors.com\/wp-content\/uploads\/2023\/09\/Rovaniemi-mountain-biking-Roll-Outdoors-1088031.jpg\" \/>\n\t<meta property=\"og:image:width\" content=\"2560\" \/>\n\t<meta property=\"og:image:height\" content=\"1920\" \/>\n\t<meta property=\"og:image:type\" content=\"image\/jpeg\" \/>\n<meta name=\"twitter:card\" content=\"summary_large_image\" \/>\n<script type=\"application\/ld+json\" class=\"yoast-schema-graph\">{\"@context\":\"https:\/\/schema.org\",\"@graph\":[{\"@type\":\"WebPage\",\"@id\":\"https:\/\/rolloutdoors.com\/en\/guided-tours\/\",\"url\":\"https:\/\/rolloutdoors.com\/en\/guided-tours\/\",\"name\":\"Guided tours - Roll Outdoors\",\"isPartOf\":{\"@id\":\"https:\/\/rolloutdoors.com\/en\/#website\"},\"primaryImageOfPage\":{\"@id\":\"https:\/\/rolloutdoors.com\/en\/guided-tours\/#primaryimage\"},\"image\":{\"@id\":\"https:\/\/rolloutdoors.com\/en\/guided-tours\/#primaryimage\"},\"thumbnailUrl\":\"https:\/\/rolloutdoors.com\/wp-content\/uploads\/2023\/09\/Rovaniemi-mountain-biking-Roll-Outdoors-1088031.jpg\",\"datePublished\":\"2023-02-23T14:27:58+00:00\",\"dateModified\":\"2024-06-13T08:26:29+00:00\",\"description\":\"Bike tours on electric bikes in Saariselk\u00e4-Kiilop\u00e4\u00e4, Rovaniemi and Helsinki. Tours for business groups and individual tourists.\",\"breadcrumb\":{\"@id\":\"https:\/\/rolloutdoors.com\/en\/guided-tours\/#breadcrumb\"},\"inLanguage\":\"en-US\",\"potentialAction\":[{\"@type\":\"ReadAction\",\"target\":[\"https:\/\/rolloutdoors.com\/en\/guided-tours\/\"]}]},{\"@type\":\"ImageObject\",\"inLanguage\":\"en-US\",\"@id\":\"https:\/\/rolloutdoors.com\/en\/guided-tours\/#primaryimage\",\"url\":\"https:\/\/rolloutdoors.com\/wp-content\/uploads\/2023\/09\/Rovaniemi-mountain-biking-Roll-Outdoors-1088031.jpg\",\"contentUrl\":\"https:\/\/rolloutdoors.com\/wp-content\/uploads\/2023\/09\/Rovaniemi-mountain-biking-Roll-Outdoors-1088031.jpg\",\"width\":2560,\"height\":1920,\"caption\":\"Guided winter electric bike tour Rovaniemi\"},{\"@type\":\"BreadcrumbList\",\"@id\":\"https:\/\/rolloutdoors.com\/en\/guided-tours\/#breadcrumb\",\"itemListElement\":[{\"@type\":\"ListItem\",\"position\":1,\"name\":\"Frontpage\",\"item\":\"https:\/\/rolloutdoors.com\/en\/\"},{\"@type\":\"ListItem\",\"position\":2,\"name\":\"Guided tours\"}]},{\"@type\":\"WebSite\",\"@id\":\"https:\/\/rolloutdoors.com\/en\/#website\",\"url\":\"https:\/\/rolloutdoors.com\/en\/\",\"name\":\"Roll Outdoors\",\"description\":\"Bike tours and rentals\",\"publisher\":{\"@id\":\"https:\/\/rolloutdoors.com\/en\/#organization\"},\"potentialAction\":[{\"@type\":\"SearchAction\",\"target\":{\"@type\":\"EntryPoint\",\"urlTemplate\":\"https:\/\/rolloutdoors.com\/en\/?s={search_term_string}\"},\"query-input\":{\"@type\":\"PropertyValueSpecification\",\"valueRequired\":true,\"valueName\":\"search_term_string\"}}],\"inLanguage\":\"en-US\"},{\"@type\":\"Organization\",\"@id\":\"https:\/\/rolloutdoors.com\/en\/#organization\",\"name\":\"Roll Outdoors\",\"url\":\"https:\/\/rolloutdoors.com\/en\/\",\"logo\":{\"@type\":\"ImageObject\",\"inLanguage\":\"en-US\",\"@id\":\"https:\/\/rolloutdoors.com\/en\/#\/schema\/logo\/image\/\",\"url\":\"https:\/\/rolloutdoors.com\/wp-content\/uploads\/2022\/03\/Roll-Outdoors-logo-newlabel-800px.png\",\"contentUrl\":\"https:\/\/rolloutdoors.com\/wp-content\/uploads\/2022\/03\/Roll-Outdoors-logo-newlabel-800px.png\",\"width\":800,\"height\":639,\"caption\":\"Roll Outdoors\"},\"image\":{\"@id\":\"https:\/\/rolloutdoors.com\/en\/#\/schema\/logo\/image\/\"}}]}<\/script>","yoast_head_json":{"title":"Guided tours - Roll Outdoors","description":"Bike tours on electric bikes in Saariselk\u00e4-Kiilop\u00e4\u00e4, Rovaniemi and Helsinki. Tours for business groups and individual tourists.","robots":{"index":"index","follow":"follow","max-snippet":"max-snippet:-1","max-image-preview":"max-image-preview:large","max-video-preview":"max-video-preview:-1"},"canonical":"https:\/\/rolloutdoors.com\/en\/guided-tours\/","og_locale":"en_US","og_type":"article","og_title":"Guided tours - Roll Outdoors","og_description":"Bike tours on electric bikes in Saariselk\u00e4-Kiilop\u00e4\u00e4, Rovaniemi and Helsinki. Tours for business groups and individual tourists.","og_url":"https:\/\/rolloutdoors.com\/en\/guided-tours\/","og_site_name":"Roll Outdoors","article_modified_time":"2024-06-13T08:26:29+00:00","og_image":[{"width":2560,"height":1920,"url":"https:\/\/rolloutdoors.com\/wp-content\/uploads\/2023\/09\/Rovaniemi-mountain-biking-Roll-Outdoors-1088031.jpg","type":"image\/jpeg"}],"twitter_card":"summary_large_image","schema":{"@context":"https:\/\/schema.org","@graph":[{"@type":"WebPage","@id":"https:\/\/rolloutdoors.com\/en\/guided-tours\/","url":"https:\/\/rolloutdoors.com\/en\/guided-tours\/","name":"Guided tours - Roll Outdoors","isPartOf":{"@id":"https:\/\/rolloutdoors.com\/en\/#website"},"primaryImageOfPage":{"@id":"https:\/\/rolloutdoors.com\/en\/guided-tours\/#primaryimage"},"image":{"@id":"https:\/\/rolloutdoors.com\/en\/guided-tours\/#primaryimage"},"thumbnailUrl":"https:\/\/rolloutdoors.com\/wp-content\/uploads\/2023\/09\/Rovaniemi-mountain-biking-Roll-Outdoors-1088031.jpg","datePublished":"2023-02-23T14:27:58+00:00","dateModified":"2024-06-13T08:26:29+00:00","description":"Bike tours on electric bikes in Saariselk\u00e4-Kiilop\u00e4\u00e4, Rovaniemi and Helsinki. Tours for business groups and individual tourists.","breadcrumb":{"@id":"https:\/\/rolloutdoors.com\/en\/guided-tours\/#breadcrumb"},"inLanguage":"en-US","potentialAction":[{"@type":"ReadAction","target":["https:\/\/rolloutdoors.com\/en\/guided-tours\/"]}]},{"@type":"ImageObject","inLanguage":"en-US","@id":"https:\/\/rolloutdoors.com\/en\/guided-tours\/#primaryimage","url":"https:\/\/rolloutdoors.com\/wp-content\/uploads\/2023\/09\/Rovaniemi-mountain-biking-Roll-Outdoors-1088031.jpg","contentUrl":"https:\/\/rolloutdoors.com\/wp-content\/uploads\/2023\/09\/Rovaniemi-mountain-biking-Roll-Outdoors-1088031.jpg","width":2560,"height":1920,"caption":"Guided winter electric bike tour Rovaniemi"},{"@type":"BreadcrumbList","@id":"https:\/\/rolloutdoors.com\/en\/guided-tours\/#breadcrumb","itemListElement":[{"@type":"ListItem","position":1,"name":"Frontpage","item":"https:\/\/rolloutdoors.com\/en\/"},{"@type":"ListItem","position":2,"name":"Guided tours"}]},{"@type":"WebSite","@id":"https:\/\/rolloutdoors.com\/en\/#website","url":"https:\/\/rolloutdoors.com\/en\/","name":"Roll Outdoors","description":"Bike tours and rentals","publisher":{"@id":"https:\/\/rolloutdoors.com\/en\/#organization"},"potentialAction":[{"@type":"SearchAction","target":{"@type":"EntryPoint","urlTemplate":"https:\/\/rolloutdoors.com\/en\/?s={search_term_string}"},"query-input":{"@type":"PropertyValueSpecification","valueRequired":true,"valueName":"search_term_string"}}],"inLanguage":"en-US"},{"@type":"Organization","@id":"https:\/\/rolloutdoors.com\/en\/#organization","name":"Roll Outdoors","url":"https:\/\/rolloutdoors.com\/en\/","logo":{"@type":"ImageObject","inLanguage":"en-US","@id":"https:\/\/rolloutdoors.com\/en\/#\/schema\/logo\/image\/","url":"https:\/\/rolloutdoors.com\/wp-content\/uploads\/2022\/03\/Roll-Outdoors-logo-newlabel-800px.png","contentUrl":"https:\/\/rolloutdoors.com\/wp-content\/uploads\/2022\/03\/Roll-Outdoors-logo-newlabel-800px.png","width":800,"height":639,"caption":"Roll Outdoors"},"image":{"@id":"https:\/\/rolloutdoors.com\/en\/#\/schema\/logo\/image\/"}}]}},"_links":{"self":[{"href":"https:\/\/rolloutdoors.com\/en\/wp-json\/wp\/v2\/pages\/12667","targetHints":{"allow":["GET"]}}],"collection":[{"href":"https:\/\/rolloutdoors.com\/en\/wp-json\/wp\/v2\/pages"}],"about":[{"href":"https:\/\/rolloutdoors.com\/en\/wp-json\/wp\/v2\/types\/page"}],"author":[{"embeddable":true,"href":"https:\/\/rolloutdoors.com\/en\/wp-json\/wp\/v2\/users\/3"}],"replies":[{"embeddable":true,"href":"https:\/\/rolloutdoors.com\/en\/wp-json\/wp\/v2\/comments?post=12667"}],"version-history":[{"count":2,"href":"https:\/\/rolloutdoors.com\/en\/wp-json\/wp\/v2\/pages\/12667\/revisions"}],"predecessor-version":[{"id":21568,"href":"https:\/\/rolloutdoors.com\/en\/wp-json\/wp\/v2\/pages\/12667\/revisions\/21568"}],"wp:featuredmedia":[{"embeddable":true,"href":"https:\/\/rolloutdoors.com\/en\/wp-json\/wp\/v2\/media\/17791"}],"wp:attachment":[{"href":"https:\/\/rolloutdoors.com\/en\/wp-json\/wp\/v2\/media?parent=12667"}],"curies":[{"name":"wp","href":"https:\/\/api.w.org\/{rel}","templated":true}]}}