{"id":12664,"date":"2023-02-22T12:47:53","date_gmt":"2023-02-22T12:47:53","guid":{"rendered":"https:\/\/rolloutdoors.com\/online-reservations\/"},"modified":"2023-11-22T13:35:01","modified_gmt":"2023-11-22T13:35:01","slug":"online-reservations","status":"publish","type":"page","link":"https:\/\/rolloutdoors.com\/en\/online-reservations\/","title":{"rendered":"Online reservations"},"content":{"rendered":"\t\t<div data-elementor-type=\"wp-page\" data-elementor-id=\"12664\" class=\"elementor elementor-12664 elementor-10926\" data-elementor-post-type=\"page\">\n\t\t\t\t\t\t<section class=\"elementor-section elementor-top-section elementor-element elementor-element-307445ce elementor-section-boxed elementor-section-height-default elementor-section-height-default\" data-id=\"307445ce\" data-element_type=\"section\">\n\t\t\t\t\t\t<div class=\"elementor-container elementor-column-gap-default\">\n\t\t\t\t\t<div class=\"elementor-column elementor-col-100 elementor-top-column elementor-element elementor-element-309d1460\" data-id=\"309d1460\" data-element_type=\"column\">\n\t\t\t<div class=\"elementor-widget-wrap elementor-element-populated\">\n\t\t\t\t\t\t<section class=\"elementor-section elementor-inner-section elementor-element elementor-element-200cf1f elementor-section-boxed elementor-section-height-default elementor-section-height-default\" data-id=\"200cf1f\" data-element_type=\"section\">\n\t\t\t\t\t\t<div class=\"elementor-container elementor-column-gap-default\">\n\t\t\t\t\t<div class=\"elementor-column elementor-col-50 elementor-inner-column elementor-element elementor-element-6ecc479\" data-id=\"6ecc479\" data-element_type=\"column\">\n\t\t\t<div class=\"elementor-widget-wrap elementor-element-populated\">\n\t\t\t\t\t\t<div class=\"elementor-element elementor-element-e09a85d elementor-widget elementor-widget-heading\" data-id=\"e09a85d\" data-element_type=\"widget\" data-widget_type=\"heading.default\">\n\t\t\t\t<div class=\"elementor-widget-container\">\n\t\t\t\t\t<h2 class=\"elementor-heading-title elementor-size-default\">Saariselk\u00e4<\/h2>\t\t\t\t<\/div>\n\t\t\t\t<\/div>\n\t\t\t\t<div class=\"elementor-element elementor-element-ff67114 elementor-align-center elementor-widget elementor-widget-button\" data-id=\"ff67114\" data-element_type=\"widget\" data-widget_type=\"button.default\">\n\t\t\t\t<div class=\"elementor-widget-container\">\n\t\t\t\t\t\t\t\t\t<div class=\"elementor-button-wrapper\">\n\t\t\t\t\t<a class=\"elementor-button elementor-button-link elementor-size-sm\" href=\"https:\/\/book.rolloutdoors.com\/l\/rolloutdoorskiilopaa\/shop\">\n\t\t\t\t\t\t<span class=\"elementor-button-content-wrapper\">\n\t\t\t\t\t\t\t\t\t<span class=\"elementor-button-text\">Rent a bike in Saariselk\u00e4<\/span>\n\t\t\t\t\t<\/span>\n\t\t\t\t\t<\/a>\n\t\t\t\t<\/div>\n\t\t\t\t\t\t\t\t<\/div>\n\t\t\t\t<\/div>\n\t\t\t\t<div class=\"elementor-element elementor-element-92b8582 elementor-align-center elementor-widget elementor-widget-button\" data-id=\"92b8582\" data-element_type=\"widget\" data-widget_type=\"button.default\">\n\t\t\t\t<div class=\"elementor-widget-container\">\n\t\t\t\t\t\t\t\t\t<div class=\"elementor-button-wrapper\">\n\t\t\t\t\t<a class=\"elementor-button elementor-button-link elementor-size-sm\" href=\"https:\/\/rolloutdoors.com\/en\/saariselka\/guided-bike-tours-saariselka\/\">\n\t\t\t\t\t\t<span class=\"elementor-button-content-wrapper\">\n\t\t\t\t\t\t\t\t\t<span class=\"elementor-button-text\">Book a guided tour in Saariselk\u00e4<\/span>\n\t\t\t\t\t<\/span>\n\t\t\t\t\t<\/a>\n\t\t\t\t<\/div>\n\t\t\t\t\t\t\t\t<\/div>\n\t\t\t\t<\/div>\n\t\t\t\t<div class=\"elementor-element elementor-element-2f5e2b8 elementor-widget elementor-widget-spacer\" data-id=\"2f5e2b8\" data-element_type=\"widget\" data-widget_type=\"spacer.default\">\n\t\t\t\t<div class=\"elementor-widget-container\">\n\t\t\t\t\t\t\t<div class=\"elementor-spacer\">\n\t\t\t<div class=\"elementor-spacer-inner\"><\/div>\n\t\t<\/div>\n\t\t\t\t\t\t<\/div>\n\t\t\t\t<\/div>\n\t\t\t\t\t<\/div>\n\t\t<\/div>\n\t\t\t\t<div class=\"elementor-column elementor-col-50 elementor-inner-column elementor-element elementor-element-e889419\" data-id=\"e889419\" data-element_type=\"column\">\n\t\t\t<div class=\"elementor-widget-wrap elementor-element-populated\">\n\t\t\t\t\t\t<div class=\"elementor-element elementor-element-4b3482a elementor-widget elementor-widget-heading\" data-id=\"4b3482a\" data-element_type=\"widget\" data-widget_type=\"heading.default\">\n\t\t\t\t<div class=\"elementor-widget-container\">\n\t\t\t\t\t<h2 class=\"elementor-heading-title elementor-size-default\">Rovaniemi<\/h2>\t\t\t\t<\/div>\n\t\t\t\t<\/div>\n\t\t\t\t<div class=\"elementor-element elementor-element-d317071 elementor-align-center elementor-widget elementor-widget-button\" data-id=\"d317071\" data-element_type=\"widget\" data-widget_type=\"button.default\">\n\t\t\t\t<div class=\"elementor-widget-container\">\n\t\t\t\t\t\t\t\t\t<div class=\"elementor-button-wrapper\">\n\t\t\t\t\t<a class=\"elementor-button elementor-button-link elementor-size-sm\" href=\"https:\/\/book.rolloutdoors.com\/l\/rovaniemi\/shop\">\n\t\t\t\t\t\t<span class=\"elementor-button-content-wrapper\">\n\t\t\t\t\t\t\t\t\t<span class=\"elementor-button-text\">Rent a bike in Rovaniemi<\/span>\n\t\t\t\t\t<\/span>\n\t\t\t\t\t<\/a>\n\t\t\t\t<\/div>\n\t\t\t\t\t\t\t\t<\/div>\n\t\t\t\t<\/div>\n\t\t\t\t<div class=\"elementor-element elementor-element-034d4b3 elementor-align-center elementor-widget elementor-widget-button\" data-id=\"034d4b3\" data-element_type=\"widget\" data-widget_type=\"button.default\">\n\t\t\t\t<div class=\"elementor-widget-container\">\n\t\t\t\t\t\t\t\t\t<div class=\"elementor-button-wrapper\">\n\t\t\t\t\t<a class=\"elementor-button elementor-button-link elementor-size-sm\" href=\"https:\/\/rolloutdoors.com\/en\/rovaniemi\/guided-bike-tours-rovaniemi\/\">\n\t\t\t\t\t\t<span class=\"elementor-button-content-wrapper\">\n\t\t\t\t\t\t\t\t\t<span class=\"elementor-button-text\">Book a guided tour in Rovaniemi<\/span>\n\t\t\t\t\t<\/span>\n\t\t\t\t\t<\/a>\n\t\t\t\t<\/div>\n\t\t\t\t\t\t\t\t<\/div>\n\t\t\t\t<\/div>\n\t\t\t\t<div class=\"elementor-element elementor-element-5d4101a elementor-align-center elementor-widget elementor-widget-button\" data-id=\"5d4101a\" data-element_type=\"widget\" data-widget_type=\"button.default\">\n\t\t\t\t<div class=\"elementor-widget-container\">\n\t\t\t\t\t\t\t\t\t<div class=\"elementor-button-wrapper\">\n\t\t\t\t\t<a class=\"elementor-button elementor-button-link elementor-size-sm\" href=\"https:\/\/rolloutdoors.com\/en\/rovaniemi\/bike-maintenance-rovaniemi\/\">\n\t\t\t\t\t\t<span class=\"elementor-button-content-wrapper\">\n\t\t\t\t\t\t\t\t\t<span class=\"elementor-button-text\">Book a bike service<\/span>\n\t\t\t\t\t<\/span>\n\t\t\t\t\t<\/a>\n\t\t\t\t<\/div>\n\t\t\t\t\t\t\t\t<\/div>\n\t\t\t\t<\/div>\n\t\t\t\t<div class=\"elementor-element elementor-element-7fb23dd elementor-align-center elementor-widget elementor-widget-button\" data-id=\"7fb23dd\" data-element_type=\"widget\" data-widget_type=\"button.default\">\n\t\t\t\t<div class=\"elementor-widget-container\">\n\t\t\t\t\t\t\t\t\t<div class=\"elementor-button-wrapper\">\n\t\t\t\t\t<a class=\"elementor-button elementor-button-link elementor-size-sm\" href=\"https:\/\/rolloutdoors.com\/en\/used-mountain-bikes\/\">\n\t\t\t\t\t\t<span class=\"elementor-button-content-wrapper\">\n\t\t\t\t\t\t\t\t\t<span class=\"elementor-button-text\">Buy a second hand bike<\/span>\n\t\t\t\t\t<\/span>\n\t\t\t\t\t<\/a>\n\t\t\t\t<\/div>\n\t\t\t\t\t\t\t\t<\/div>\n\t\t\t\t<\/div>\n\t\t\t\t\t<\/div>\n\t\t<\/div>\n\t\t\t\t\t<\/div>\n\t\t<\/section>\n\t\t\t\t\t<\/div>\n\t\t<\/div>\n\t\t\t\t\t<\/div>\n\t\t<\/section>\n\t\t\t\t<\/div>\n\t\t","protected":false},"excerpt":{"rendered":"<p>Saariselk\u00e4 Rent a bike in Saariselk\u00e4 Book a guided tour in Saariselk\u00e4 Rovaniemi Rent a bike in Rovaniemi Book a guided tour in Rovaniemi Book a bike service Buy a second hand bike<\/p>\n","protected":false},"author":2,"featured_media":19106,"parent":0,"menu_order":0,"comment_status":"closed","ping_status":"closed","template":"","meta":{"_acf_changed":false,"footnotes":""},"class_list":["post-12664","page","type-page","status-publish","has-post-thumbnail","hentry"],"acf":[],"yoast_head":"<title>Online reservations - Roll Outdoors<\/title>\n<meta name=\"description\" content=\"Make your booking online! Our online shop is always open, where you can book bikes and other activities and buy used bikes. Check it out now!\" \/>\n<meta name=\"robots\" content=\"index, follow, max-snippet:-1, max-image-preview:large, max-video-preview:-1\" \/>\n<link rel=\"canonical\" href=\"https:\/\/rolloutdoors.com\/en\/online-reservations\/\" \/>\n<meta property=\"og:locale\" content=\"en_US\" \/>\n<meta property=\"og:type\" content=\"article\" \/>\n<meta property=\"og:title\" content=\"Online reservations - Roll Outdoors\" \/>\n<meta property=\"og:description\" content=\"Make your booking online! Our online shop is always open, where you can book bikes and other activities and buy used bikes. Check it out now!\" \/>\n<meta property=\"og:url\" content=\"https:\/\/rolloutdoors.com\/en\/online-reservations\/\" \/>\n<meta property=\"og:site_name\" content=\"Roll Outdoors\" \/>\n<meta property=\"article:modified_time\" content=\"2023-11-22T13:35:01+00:00\" \/>\n<meta property=\"og:image\" content=\"https:\/\/rolloutdoors.com\/wp-content\/uploads\/2023\/11\/Rovaniemi-.jpg\" \/>\n\t<meta property=\"og:image:width\" content=\"2560\" \/>\n\t<meta property=\"og:image:height\" content=\"1710\" \/>\n\t<meta property=\"og:image:type\" content=\"image\/jpeg\" \/>\n<meta name=\"twitter:card\" content=\"summary_large_image\" \/>\n<script type=\"application\/ld+json\" class=\"yoast-schema-graph\">{\"@context\":\"https:\/\/schema.org\",\"@graph\":[{\"@type\":\"WebPage\",\"@id\":\"https:\/\/rolloutdoors.com\/en\/online-reservations\/\",\"url\":\"https:\/\/rolloutdoors.com\/en\/online-reservations\/\",\"name\":\"Online reservations - Roll Outdoors\",\"isPartOf\":{\"@id\":\"https:\/\/rolloutdoors.com\/en\/#website\"},\"primaryImageOfPage\":{\"@id\":\"https:\/\/rolloutdoors.com\/en\/online-reservations\/#primaryimage\"},\"image\":{\"@id\":\"https:\/\/rolloutdoors.com\/en\/online-reservations\/#primaryimage\"},\"thumbnailUrl\":\"https:\/\/rolloutdoors.com\/wp-content\/uploads\/2023\/11\/Rovaniemi-.jpg\",\"datePublished\":\"2023-02-22T12:47:53+00:00\",\"dateModified\":\"2023-11-22T13:35:01+00:00\",\"description\":\"Make your booking online! Our online shop is always open, where you can book bikes and other activities and buy used bikes. Check it out now!\",\"breadcrumb\":{\"@id\":\"https:\/\/rolloutdoors.com\/en\/online-reservations\/#breadcrumb\"},\"inLanguage\":\"en-US\",\"potentialAction\":[{\"@type\":\"ReadAction\",\"target\":[\"https:\/\/rolloutdoors.com\/en\/online-reservations\/\"]}]},{\"@type\":\"ImageObject\",\"inLanguage\":\"en-US\",\"@id\":\"https:\/\/rolloutdoors.com\/en\/online-reservations\/#primaryimage\",\"url\":\"https:\/\/rolloutdoors.com\/wp-content\/uploads\/2023\/11\/Rovaniemi-.jpg\",\"contentUrl\":\"https:\/\/rolloutdoors.com\/wp-content\/uploads\/2023\/11\/Rovaniemi-.jpg\",\"width\":2560,\"height\":1710,\"caption\":\"Online reservations - Roll Outdoors\"},{\"@type\":\"BreadcrumbList\",\"@id\":\"https:\/\/rolloutdoors.com\/en\/online-reservations\/#breadcrumb\",\"itemListElement\":[{\"@type\":\"ListItem\",\"position\":1,\"name\":\"Frontpage\",\"item\":\"https:\/\/rolloutdoors.com\/en\/\"},{\"@type\":\"ListItem\",\"position\":2,\"name\":\"Online reservations\"}]},{\"@type\":\"WebSite\",\"@id\":\"https:\/\/rolloutdoors.com\/en\/#website\",\"url\":\"https:\/\/rolloutdoors.com\/en\/\",\"name\":\"Roll Outdoors\",\"description\":\"Bike tours and rentals\",\"publisher\":{\"@id\":\"https:\/\/rolloutdoors.com\/en\/#organization\"},\"potentialAction\":[{\"@type\":\"SearchAction\",\"target\":{\"@type\":\"EntryPoint\",\"urlTemplate\":\"https:\/\/rolloutdoors.com\/en\/?s={search_term_string}\"},\"query-input\":{\"@type\":\"PropertyValueSpecification\",\"valueRequired\":true,\"valueName\":\"search_term_string\"}}],\"inLanguage\":\"en-US\"},{\"@type\":\"Organization\",\"@id\":\"https:\/\/rolloutdoors.com\/en\/#organization\",\"name\":\"Roll Outdoors\",\"url\":\"https:\/\/rolloutdoors.com\/en\/\",\"logo\":{\"@type\":\"ImageObject\",\"inLanguage\":\"en-US\",\"@id\":\"https:\/\/rolloutdoors.com\/en\/#\/schema\/logo\/image\/\",\"url\":\"https:\/\/rolloutdoors.com\/wp-content\/uploads\/2022\/03\/Roll-Outdoors-logo-newlabel-800px.png\",\"contentUrl\":\"https:\/\/rolloutdoors.com\/wp-content\/uploads\/2022\/03\/Roll-Outdoors-logo-newlabel-800px.png\",\"width\":800,\"height\":639,\"caption\":\"Roll Outdoors\"},\"image\":{\"@id\":\"https:\/\/rolloutdoors.com\/en\/#\/schema\/logo\/image\/\"}}]}<\/script>","yoast_head_json":{"title":"Online reservations - Roll Outdoors","description":"Make your booking online! Our online shop is always open, where you can book bikes and other activities and buy used bikes. Check it out now!","robots":{"index":"index","follow":"follow","max-snippet":"max-snippet:-1","max-image-preview":"max-image-preview:large","max-video-preview":"max-video-preview:-1"},"canonical":"https:\/\/rolloutdoors.com\/en\/online-reservations\/","og_locale":"en_US","og_type":"article","og_title":"Online reservations - Roll Outdoors","og_description":"Make your booking online! Our online shop is always open, where you can book bikes and other activities and buy used bikes. Check it out now!","og_url":"https:\/\/rolloutdoors.com\/en\/online-reservations\/","og_site_name":"Roll Outdoors","article_modified_time":"2023-11-22T13:35:01+00:00","og_image":[{"width":2560,"height":1710,"url":"https:\/\/rolloutdoors.com\/wp-content\/uploads\/2023\/11\/Rovaniemi-.jpg","type":"image\/jpeg"}],"twitter_card":"summary_large_image","schema":{"@context":"https:\/\/schema.org","@graph":[{"@type":"WebPage","@id":"https:\/\/rolloutdoors.com\/en\/online-reservations\/","url":"https:\/\/rolloutdoors.com\/en\/online-reservations\/","name":"Online reservations - Roll Outdoors","isPartOf":{"@id":"https:\/\/rolloutdoors.com\/en\/#website"},"primaryImageOfPage":{"@id":"https:\/\/rolloutdoors.com\/en\/online-reservations\/#primaryimage"},"image":{"@id":"https:\/\/rolloutdoors.com\/en\/online-reservations\/#primaryimage"},"thumbnailUrl":"https:\/\/rolloutdoors.com\/wp-content\/uploads\/2023\/11\/Rovaniemi-.jpg","datePublished":"2023-02-22T12:47:53+00:00","dateModified":"2023-11-22T13:35:01+00:00","description":"Make your booking online! Our online shop is always open, where you can book bikes and other activities and buy used bikes. Check it out now!","breadcrumb":{"@id":"https:\/\/rolloutdoors.com\/en\/online-reservations\/#breadcrumb"},"inLanguage":"en-US","potentialAction":[{"@type":"ReadAction","target":["https:\/\/rolloutdoors.com\/en\/online-reservations\/"]}]},{"@type":"ImageObject","inLanguage":"en-US","@id":"https:\/\/rolloutdoors.com\/en\/online-reservations\/#primaryimage","url":"https:\/\/rolloutdoors.com\/wp-content\/uploads\/2023\/11\/Rovaniemi-.jpg","contentUrl":"https:\/\/rolloutdoors.com\/wp-content\/uploads\/2023\/11\/Rovaniemi-.jpg","width":2560,"height":1710,"caption":"Online reservations - Roll Outdoors"},{"@type":"BreadcrumbList","@id":"https:\/\/rolloutdoors.com\/en\/online-reservations\/#breadcrumb","itemListElement":[{"@type":"ListItem","position":1,"name":"Frontpage","item":"https:\/\/rolloutdoors.com\/en\/"},{"@type":"ListItem","position":2,"name":"Online reservations"}]},{"@type":"WebSite","@id":"https:\/\/rolloutdoors.com\/en\/#website","url":"https:\/\/rolloutdoors.com\/en\/","name":"Roll Outdoors","description":"Bike tours and rentals","publisher":{"@id":"https:\/\/rolloutdoors.com\/en\/#organization"},"potentialAction":[{"@type":"SearchAction","target":{"@type":"EntryPoint","urlTemplate":"https:\/\/rolloutdoors.com\/en\/?s={search_term_string}"},"query-input":{"@type":"PropertyValueSpecification","valueRequired":true,"valueName":"search_term_string"}}],"inLanguage":"en-US"},{"@type":"Organization","@id":"https:\/\/rolloutdoors.com\/en\/#organization","name":"Roll Outdoors","url":"https:\/\/rolloutdoors.com\/en\/","logo":{"@type":"ImageObject","inLanguage":"en-US","@id":"https:\/\/rolloutdoors.com\/en\/#\/schema\/logo\/image\/","url":"https:\/\/rolloutdoors.com\/wp-content\/uploads\/2022\/03\/Roll-Outdoors-logo-newlabel-800px.png","contentUrl":"https:\/\/rolloutdoors.com\/wp-content\/uploads\/2022\/03\/Roll-Outdoors-logo-newlabel-800px.png","width":800,"height":639,"caption":"Roll Outdoors"},"image":{"@id":"https:\/\/rolloutdoors.com\/en\/#\/schema\/logo\/image\/"}}]}},"_links":{"self":[{"href":"https:\/\/rolloutdoors.com\/en\/wp-json\/wp\/v2\/pages\/12664","targetHints":{"allow":["GET"]}}],"collection":[{"href":"https:\/\/rolloutdoors.com\/en\/wp-json\/wp\/v2\/pages"}],"about":[{"href":"https:\/\/rolloutdoors.com\/en\/wp-json\/wp\/v2\/types\/page"}],"author":[{"embeddable":true,"href":"https:\/\/rolloutdoors.com\/en\/wp-json\/wp\/v2\/users\/2"}],"replies":[{"embeddable":true,"href":"https:\/\/rolloutdoors.com\/en\/wp-json\/wp\/v2\/comments?post=12664"}],"version-history":[{"count":0,"href":"https:\/\/rolloutdoors.com\/en\/wp-json\/wp\/v2\/pages\/12664\/revisions"}],"wp:featuredmedia":[{"embeddable":true,"href":"https:\/\/rolloutdoors.com\/en\/wp-json\/wp\/v2\/media\/19106"}],"wp:attachment":[{"href":"https:\/\/rolloutdoors.com\/en\/wp-json\/wp\/v2\/media?parent=12664"}],"curies":[{"name":"wp","href":"https:\/\/api.w.org\/{rel}","templated":true}]}}