{"id":12659,"date":"2023-02-25T09:42:17","date_gmt":"2023-02-25T09:42:17","guid":{"rendered":"https:\/\/rolloutdoors.com\/helsinki\/bike-rental-helsinki\/"},"modified":"2023-11-07T12:47:18","modified_gmt":"2023-11-07T12:47:18","slug":"bike-rental-helsinki","status":"publish","type":"page","link":"https:\/\/rolloutdoors.com\/en\/helsinki\/bike-rental-helsinki\/","title":{"rendered":"Bike rental &#8211; Helsinki"},"content":{"rendered":"\t\t<div data-elementor-type=\"wp-page\" data-elementor-id=\"12659\" class=\"elementor elementor-12659 elementor-12006\" data-elementor-post-type=\"page\">\n\t\t\t\t\t\t<section class=\"elementor-section elementor-top-section elementor-element elementor-element-70e54168 elementor-section-boxed elementor-section-height-default elementor-section-height-default\" data-id=\"70e54168\" data-element_type=\"section\">\n\t\t\t\t\t\t<div class=\"elementor-container elementor-column-gap-default\">\n\t\t\t\t\t<div class=\"elementor-column elementor-col-100 elementor-top-column elementor-element elementor-element-ed43060\" data-id=\"ed43060\" data-element_type=\"column\">\n\t\t\t<div class=\"elementor-widget-wrap elementor-element-populated\">\n\t\t\t\t\t\t<div class=\"elementor-element elementor-element-52820fdb elementor-widget elementor-widget-heading\" data-id=\"52820fdb\" data-element_type=\"widget\" data-widget_type=\"heading.default\">\n\t\t\t\t<div class=\"elementor-widget-container\">\n\t\t\t\t\t<h1 class=\"elementor-heading-title elementor-size-default\">Mountain bike rental - Helsinki<\/h1>\t\t\t\t<\/div>\n\t\t\t\t<\/div>\n\t\t\t\t\t<\/div>\n\t\t<\/div>\n\t\t\t\t\t<\/div>\n\t\t<\/section>\n\t\t\t\t<section class=\"elementor-section elementor-top-section elementor-element elementor-element-2a53901 elementor-section-boxed elementor-section-height-default elementor-section-height-default\" data-id=\"2a53901\" data-element_type=\"section\" id=\"Rentle-rovaniemi\">\n\t\t\t\t\t\t<div class=\"elementor-container elementor-column-gap-default\">\n\t\t\t\t\t<div class=\"elementor-column elementor-col-100 elementor-top-column elementor-element elementor-element-33d9d99\" data-id=\"33d9d99\" data-element_type=\"column\">\n\t\t\t<div class=\"elementor-widget-wrap elementor-element-populated\">\n\t\t\t\t\t\t<div class=\"elementor-element elementor-element-788dd72a elementor-widget elementor-widget-shortcode\" data-id=\"788dd72a\" data-element_type=\"widget\" data-widget_type=\"shortcode.default\">\n\t\t\t\t<div class=\"elementor-widget-container\">\n\t\t\t\t\t\t\t<div class=\"elementor-shortcode\">\t\t<div class=\"wp-block-embed-rentle-shop-block medium-padding\">\n\t\t\t\t\t\t\t<rentle-store  shop=\"rolloutdoors\" store=\"rolloutdoorshelsinki\" lang=\"en\" \/>\n\t\t\t\t\t\t<\/div>\n\t\t<\/div>\n\t\t\t\t\t\t<\/div>\n\t\t\t\t<\/div>\n\t\t\t\t<div class=\"elementor-element elementor-element-ac90fee elementor-widget elementor-widget-global elementor-global-16653 elementor-global-16626 elementor-widget-text-editor\" data-id=\"ac90fee\" data-element_type=\"widget\" data-widget_type=\"text-editor.default\">\n\t\t\t\t<div class=\"elementor-widget-container\">\n\t\t\t\t\t\t\t\t\t<p><strong>Isn&#8217;t there an online shop above this text? Cookies must be accepted in order to view the online shop. You can also access the online shop by clicking <a href=\"http:\/\/book.rolloutdoors.com\">HERE<\/a>.<\/strong><\/p>\n\t\t\t\t\t\t\t\t<\/div>\n\t\t\t\t<\/div>\n\t\t\t\t\t<\/div>\n\t\t<\/div>\n\t\t\t\t\t<\/div>\n\t\t<\/section>\n\t\t\t\t<section class=\"elementor-section elementor-top-section elementor-element elementor-element-2a91b096 elementor-section-boxed elementor-section-height-default elementor-section-height-default\" data-id=\"2a91b096\" data-element_type=\"section\">\n\t\t\t\t\t\t<div class=\"elementor-container elementor-column-gap-default\">\n\t\t\t\t\t<div class=\"elementor-column elementor-col-100 elementor-top-column elementor-element elementor-element-1cabe35f\" data-id=\"1cabe35f\" data-element_type=\"column\">\n\t\t\t<div class=\"elementor-widget-wrap elementor-element-populated\">\n\t\t\t\t\t\t<div class=\"elementor-element elementor-element-7263557 elementor-widget elementor-widget-heading\" data-id=\"7263557\" data-element_type=\"widget\" data-widget_type=\"heading.default\">\n\t\t\t\t<div class=\"elementor-widget-container\">\n\t\t\t\t\t<h2 class=\"elementor-heading-title elementor-size-default\">5 reasons to choose Roll Outdoors bike rental, Helsinki<\/h2>\t\t\t\t<\/div>\n\t\t\t\t<\/div>\n\t\t\t\t<div class=\"elementor-element elementor-element-9d34be2 elementor-widget elementor-widget-text-editor\" data-id=\"9d34be2\" data-element_type=\"widget\" data-widget_type=\"text-editor.default\">\n\t\t\t\t<div class=\"elementor-widget-container\">\n\t\t\t\t\t\t\t\t\t<ul>\n<li aria-level=\"1\">We love mountain biking &#8211; and we want to give you great moments and big emotions in Helsinki<\/li>\n<li aria-level=\"1\">A wide and high quality range of serviced rental bikes: including mtbikes, fatbikes and electric bikes<\/li>\n<li aria-level=\"1\">Our friendly people at the rental shop will help you both with the bike and the route you choose<\/li>\n<li aria-level=\"1\">On guided tours, our professional guides take care of you and your best possible experience<\/li>\n<li aria-level=\"1\">Renting a bike is quick and easy &#8211; just do it now from below<\/li>\n<li aria-level=\"1\"><span style=\"text-align: center;\">We accept all sports vouchers as a means of payment! (Edenred, ePassport, Smartum, Tyky+)<\/span><\/li>\n<\/ul>\n\t\t\t\t\t\t\t\t<\/div>\n\t\t\t\t<\/div>\n\t\t\t\t<div class=\"elementor-element elementor-element-2a220f36 e-transform elementor-widget elementor-widget-image\" data-id=\"2a220f36\" data-element_type=\"widget\" data-settings=\"{&quot;_transform_translateY_effect&quot;:{&quot;unit&quot;:&quot;px&quot;,&quot;size&quot;:-20,&quot;sizes&quot;:[]},&quot;_transform_translateX_effect&quot;:{&quot;unit&quot;:&quot;px&quot;,&quot;size&quot;:&quot;&quot;,&quot;sizes&quot;:[]},&quot;_transform_translateX_effect_tablet&quot;:{&quot;unit&quot;:&quot;px&quot;,&quot;size&quot;:&quot;&quot;,&quot;sizes&quot;:[]},&quot;_transform_translateX_effect_mobile&quot;:{&quot;unit&quot;:&quot;px&quot;,&quot;size&quot;:&quot;&quot;,&quot;sizes&quot;:[]},&quot;_transform_translateY_effect_tablet&quot;:{&quot;unit&quot;:&quot;px&quot;,&quot;size&quot;:&quot;&quot;,&quot;sizes&quot;:[]},&quot;_transform_translateY_effect_mobile&quot;:{&quot;unit&quot;:&quot;px&quot;,&quot;size&quot;:&quot;&quot;,&quot;sizes&quot;:[]}}\" data-widget_type=\"image.default\">\n\t\t\t\t<div class=\"elementor-widget-container\">\n\t\t\t\t\t\t\t\t\t\t\t\t\t\t\t<img decoding=\"async\" width=\"417\" height=\"52\" src=\"https:\/\/rolloutdoors.com\/wp-content\/uploads\/2023\/02\/liikuntasetelit-web.png\" class=\"attachment-large size-large wp-image-12336\" alt=\"sport benefit voucher employment benefit payment instrument\" srcset=\"https:\/\/rolloutdoors.com\/wp-content\/uploads\/2023\/02\/liikuntasetelit-web.png 417w, https:\/\/rolloutdoors.com\/wp-content\/uploads\/2023\/02\/liikuntasetelit-web-300x37.png 300w\" sizes=\"(max-width: 417px) 100vw, 417px\" \/>\t\t\t\t\t\t\t\t\t\t\t\t\t\t\t<\/div>\n\t\t\t\t<\/div>\n\t\t\t\t\t<\/div>\n\t\t<\/div>\n\t\t\t\t\t<\/div>\n\t\t<\/section>\n\t\t\t\t<section class=\"elementor-section elementor-top-section elementor-element elementor-element-5f255362 elementor-section-boxed elementor-section-height-default elementor-section-height-default\" data-id=\"5f255362\" data-element_type=\"section\">\n\t\t\t\t\t\t<div class=\"elementor-container elementor-column-gap-default\">\n\t\t\t\t\t<div class=\"elementor-column elementor-col-100 elementor-top-column elementor-element elementor-element-29d92b98\" data-id=\"29d92b98\" data-element_type=\"column\">\n\t\t\t<div class=\"elementor-widget-wrap elementor-element-populated\">\n\t\t\t\t\t\t<div class=\"elementor-element elementor-element-1119ea33 elementor-widget elementor-widget-heading\" data-id=\"1119ea33\" data-element_type=\"widget\" data-widget_type=\"heading.default\">\n\t\t\t\t<div class=\"elementor-widget-container\">\n\t\t\t\t\t<h2 class=\"elementor-heading-title elementor-size-default\">Can we help you?<\/h2>\t\t\t\t<\/div>\n\t\t\t\t<\/div>\n\t\t\t\t<div class=\"elementor-element elementor-element-79b58574 elementor-widget elementor-widget-text-editor\" data-id=\"79b58574\" data-element_type=\"widget\" data-widget_type=\"text-editor.default\">\n\t\t\t\t<div class=\"elementor-widget-container\">\n\t\t\t\t\t\t\t\t\t<p>Do you have any questions about renting bikes? Thinking about choosing between an electric bike and a non-electric bike? Contact us and we will be happy to help you!<\/p>\n<p>Phone<a href=\"tel:+358449017278\">:+358 44 9017278<\/a><br \/>Email: <a href=\"mailto:helsinki@rolloutdoors.com\">helsinki@rolloutdoors.com<\/a><\/p>\n\t\t\t\t\t\t\t\t<\/div>\n\t\t\t\t<\/div>\n\t\t\t\t<div class=\"elementor-element elementor-element-cf4370b elementor-button-align-stretch elementor-widget elementor-widget-global elementor-global-15913 elementor-widget-form\" data-id=\"cf4370b\" data-element_type=\"widget\" data-settings=\"{&quot;step_next_label&quot;:&quot;Next&quot;,&quot;step_previous_label&quot;:&quot;Previous&quot;,&quot;button_width&quot;:&quot;100&quot;,&quot;step_type&quot;:&quot;number_text&quot;,&quot;step_icon_shape&quot;:&quot;circle&quot;}\" data-widget_type=\"form.default\">\n\t\t\t\t<div class=\"elementor-widget-container\">\n\t\t\t\t\t\t\t<form class=\"elementor-form\" method=\"post\" id=\"HelsinkiENG\" name=\"New Form\" aria-label=\"New Form\">\n\t\t\t<input type=\"hidden\" name=\"post_id\" value=\"12659\"\/>\n\t\t\t<input type=\"hidden\" name=\"form_id\" value=\"cf4370b\"\/>\n\t\t\t<input type=\"hidden\" name=\"referer_title\" value=\"Roll Outdoors\" \/>\n\n\t\t\t\n\t\t\t<div class=\"elementor-form-fields-wrapper elementor-labels-above\">\n\t\t\t\t\t\t\t\t<div class=\"elementor-field-type-text elementor-field-group elementor-column elementor-field-group-name elementor-col-100\">\n\t\t\t\t\t\t\t\t\t\t\t\t<label for=\"form-field-name\" class=\"elementor-field-label\">\n\t\t\t\t\t\t\t\tName\t\t\t\t\t\t\t<\/label>\n\t\t\t\t\t\t\t\t\t\t\t\t\t\t<input size=\"1\" type=\"text\" name=\"form_fields[name]\" id=\"form-field-name\" class=\"elementor-field elementor-size-sm  elementor-field-textual\" placeholder=\"Name\">\n\t\t\t\t\t\t\t\t\t\t\t<\/div>\n\t\t\t\t\t\t\t\t<div class=\"elementor-field-type-email elementor-field-group elementor-column elementor-field-group-email elementor-col-100 elementor-field-required\">\n\t\t\t\t\t\t\t\t\t\t\t\t<label for=\"form-field-email\" class=\"elementor-field-label\">\n\t\t\t\t\t\t\t\tEmail\t\t\t\t\t\t\t<\/label>\n\t\t\t\t\t\t\t\t\t\t\t\t\t\t<input size=\"1\" type=\"email\" name=\"form_fields[email]\" id=\"form-field-email\" class=\"elementor-field elementor-size-sm  elementor-field-textual\" placeholder=\"Email\" required=\"required\">\n\t\t\t\t\t\t\t\t\t\t\t<\/div>\n\t\t\t\t\t\t\t\t<div class=\"elementor-field-type-textarea elementor-field-group elementor-column elementor-field-group-message elementor-col-100\">\n\t\t\t\t\t\t\t\t\t\t\t\t<label for=\"form-field-message\" class=\"elementor-field-label\">\n\t\t\t\t\t\t\t\tMessage\t\t\t\t\t\t\t<\/label>\n\t\t\t\t\t\t<textarea class=\"elementor-field-textual elementor-field  elementor-size-sm\" name=\"form_fields[message]\" id=\"form-field-message\" rows=\"4\" placeholder=\"Write your message here.\"><\/textarea>\t\t\t\t<\/div>\n\t\t\t\t\t\t\t\t<div class=\"elementor-field-group elementor-column elementor-field-type-submit elementor-col-100 e-form__buttons\">\n\t\t\t\t\t<button class=\"elementor-button elementor-size-sm\" type=\"submit\">\n\t\t\t\t\t\t<span class=\"elementor-button-content-wrapper\">\n\t\t\t\t\t\t\t\t\t\t\t\t\t\t\t\t\t\t\t\t\t\t<span class=\"elementor-button-text\">Send<\/span>\n\t\t\t\t\t\t\t\t\t\t\t\t\t<\/span>\n\t\t\t\t\t<\/button>\n\t\t\t\t<\/div>\n\t\t\t<\/div>\n\t\t<\/form>\n\t\t\t\t\t\t<\/div>\n\t\t\t\t<\/div>\n\t\t\t\t\t<\/div>\n\t\t<\/div>\n\t\t\t\t\t<\/div>\n\t\t<\/section>\n\t\t\t\t<\/div>\n\t\t","protected":false},"excerpt":{"rendered":"<p>Mountain bike rental &#8211; Helsinki Eik\u00f6 t\u00e4m\u00e4n tekstin yl\u00e4puolella n\u00e4y verkkokauppaa? Verkkokaupan n\u00e4kyminen vaatii cookieiden hyv\u00e4ksymisen. P\u00e4\u00e4set verkkokauppaan my\u00f6s klikkaamalla T\u00c4ST\u00c4. 5 reasons to choose Roll Outdoors bike rental, Helsinki We love mountain biking &#8211; and we want to give you great moments and big emotions in Helsinki A wide and high quality range of [&hellip;]<\/p>\n","protected":false},"author":3,"featured_media":16670,"parent":12586,"menu_order":0,"comment_status":"closed","ping_status":"closed","template":"","meta":{"_acf_changed":false,"footnotes":""},"class_list":["post-12659","page","type-page","status-publish","has-post-thumbnail","hentry"],"acf":[],"yoast_head":"<title>Bike rental - Helsinki - Roll Outdoors<\/title>\n<meta name=\"description\" content=\"Rent a quality and well-maintained mountain bike, fatbike or electric bike in Helsinki easily and cheaply from us.\" \/>\n<meta name=\"robots\" content=\"index, follow, max-snippet:-1, max-image-preview:large, max-video-preview:-1\" \/>\n<link rel=\"canonical\" href=\"https:\/\/rolloutdoors.com\/en\/helsinki\/bike-rental-helsinki\/\" \/>\n<meta property=\"og:locale\" content=\"en_US\" \/>\n<meta property=\"og:type\" content=\"article\" \/>\n<meta property=\"og:title\" content=\"Bike rental - Helsinki - Roll Outdoors\" \/>\n<meta property=\"og:description\" content=\"Rent a quality and well-maintained mountain bike, fatbike or electric bike in Helsinki easily and cheaply from us.\" \/>\n<meta property=\"og:url\" content=\"https:\/\/rolloutdoors.com\/en\/helsinki\/bike-rental-helsinki\/\" \/>\n<meta property=\"og:site_name\" content=\"Roll Outdoors\" \/>\n<meta property=\"article:modified_time\" content=\"2023-11-07T12:47:18+00:00\" \/>\n<meta property=\"og:image\" content=\"https:\/\/rolloutdoors.com\/wp-content\/uploads\/2023\/05\/untitled-4212495.jpg\" \/>\n\t<meta property=\"og:image:width\" content=\"2560\" \/>\n\t<meta property=\"og:image:height\" content=\"1920\" \/>\n\t<meta property=\"og:image:type\" content=\"image\/jpeg\" \/>\n<meta name=\"twitter:card\" content=\"summary_large_image\" \/>\n<meta name=\"twitter:label1\" content=\"Est. reading time\" \/>\n\t<meta name=\"twitter:data1\" content=\"1 minute\" \/>\n<script type=\"application\/ld+json\" class=\"yoast-schema-graph\">{\"@context\":\"https:\/\/schema.org\",\"@graph\":[{\"@type\":\"WebPage\",\"@id\":\"https:\/\/rolloutdoors.com\/en\/helsinki\/bike-rental-helsinki\/\",\"url\":\"https:\/\/rolloutdoors.com\/en\/helsinki\/bike-rental-helsinki\/\",\"name\":\"Bike rental - Helsinki - Roll Outdoors\",\"isPartOf\":{\"@id\":\"https:\/\/rolloutdoors.com\/en\/#website\"},\"primaryImageOfPage\":{\"@id\":\"https:\/\/rolloutdoors.com\/en\/helsinki\/bike-rental-helsinki\/#primaryimage\"},\"image\":{\"@id\":\"https:\/\/rolloutdoors.com\/en\/helsinki\/bike-rental-helsinki\/#primaryimage\"},\"thumbnailUrl\":\"https:\/\/rolloutdoors.com\/wp-content\/uploads\/2023\/05\/untitled-4212495.jpg\",\"datePublished\":\"2023-02-25T09:42:17+00:00\",\"dateModified\":\"2023-11-07T12:47:18+00:00\",\"description\":\"Rent a quality and well-maintained mountain bike, fatbike or electric bike in Helsinki easily and cheaply from us.\",\"breadcrumb\":{\"@id\":\"https:\/\/rolloutdoors.com\/en\/helsinki\/bike-rental-helsinki\/#breadcrumb\"},\"inLanguage\":\"en-US\",\"potentialAction\":[{\"@type\":\"ReadAction\",\"target\":[\"https:\/\/rolloutdoors.com\/en\/helsinki\/bike-rental-helsinki\/\"]}]},{\"@type\":\"ImageObject\",\"inLanguage\":\"en-US\",\"@id\":\"https:\/\/rolloutdoors.com\/en\/helsinki\/bike-rental-helsinki\/#primaryimage\",\"url\":\"https:\/\/rolloutdoors.com\/wp-content\/uploads\/2023\/05\/untitled-4212495.jpg\",\"contentUrl\":\"https:\/\/rolloutdoors.com\/wp-content\/uploads\/2023\/05\/untitled-4212495.jpg\",\"width\":2560,\"height\":1920,\"caption\":\"s\u00e4hk\u00f6py\u00f6r\u00e4n vuokraus helsinki\"},{\"@type\":\"BreadcrumbList\",\"@id\":\"https:\/\/rolloutdoors.com\/en\/helsinki\/bike-rental-helsinki\/#breadcrumb\",\"itemListElement\":[{\"@type\":\"ListItem\",\"position\":1,\"name\":\"Frontpage\",\"item\":\"https:\/\/rolloutdoors.com\/en\/\"},{\"@type\":\"ListItem\",\"position\":2,\"name\":\"Helsinki\",\"item\":\"https:\/\/rolloutdoors.com\/en\/helsinki\/\"},{\"@type\":\"ListItem\",\"position\":3,\"name\":\"Bike rental &#8211; Helsinki\"}]},{\"@type\":\"WebSite\",\"@id\":\"https:\/\/rolloutdoors.com\/en\/#website\",\"url\":\"https:\/\/rolloutdoors.com\/en\/\",\"name\":\"Roll Outdoors\",\"description\":\"Bike tours and rentals\",\"publisher\":{\"@id\":\"https:\/\/rolloutdoors.com\/en\/#organization\"},\"potentialAction\":[{\"@type\":\"SearchAction\",\"target\":{\"@type\":\"EntryPoint\",\"urlTemplate\":\"https:\/\/rolloutdoors.com\/en\/?s={search_term_string}\"},\"query-input\":{\"@type\":\"PropertyValueSpecification\",\"valueRequired\":true,\"valueName\":\"search_term_string\"}}],\"inLanguage\":\"en-US\"},{\"@type\":\"Organization\",\"@id\":\"https:\/\/rolloutdoors.com\/en\/#organization\",\"name\":\"Roll Outdoors\",\"url\":\"https:\/\/rolloutdoors.com\/en\/\",\"logo\":{\"@type\":\"ImageObject\",\"inLanguage\":\"en-US\",\"@id\":\"https:\/\/rolloutdoors.com\/en\/#\/schema\/logo\/image\/\",\"url\":\"https:\/\/rolloutdoors.com\/wp-content\/uploads\/2022\/03\/Roll-Outdoors-logo-newlabel-800px.png\",\"contentUrl\":\"https:\/\/rolloutdoors.com\/wp-content\/uploads\/2022\/03\/Roll-Outdoors-logo-newlabel-800px.png\",\"width\":800,\"height\":639,\"caption\":\"Roll Outdoors\"},\"image\":{\"@id\":\"https:\/\/rolloutdoors.com\/en\/#\/schema\/logo\/image\/\"}}]}<\/script>","yoast_head_json":{"title":"Bike rental - Helsinki - Roll Outdoors","description":"Rent a quality and well-maintained mountain bike, fatbike or electric bike in Helsinki easily and cheaply from us.","robots":{"index":"index","follow":"follow","max-snippet":"max-snippet:-1","max-image-preview":"max-image-preview:large","max-video-preview":"max-video-preview:-1"},"canonical":"https:\/\/rolloutdoors.com\/en\/helsinki\/bike-rental-helsinki\/","og_locale":"en_US","og_type":"article","og_title":"Bike rental - Helsinki - Roll Outdoors","og_description":"Rent a quality and well-maintained mountain bike, fatbike or electric bike in Helsinki easily and cheaply from us.","og_url":"https:\/\/rolloutdoors.com\/en\/helsinki\/bike-rental-helsinki\/","og_site_name":"Roll Outdoors","article_modified_time":"2023-11-07T12:47:18+00:00","og_image":[{"width":2560,"height":1920,"url":"https:\/\/rolloutdoors.com\/wp-content\/uploads\/2023\/05\/untitled-4212495.jpg","type":"image\/jpeg"}],"twitter_card":"summary_large_image","twitter_misc":{"Est. reading time":"1 minute"},"schema":{"@context":"https:\/\/schema.org","@graph":[{"@type":"WebPage","@id":"https:\/\/rolloutdoors.com\/en\/helsinki\/bike-rental-helsinki\/","url":"https:\/\/rolloutdoors.com\/en\/helsinki\/bike-rental-helsinki\/","name":"Bike rental - Helsinki - Roll Outdoors","isPartOf":{"@id":"https:\/\/rolloutdoors.com\/en\/#website"},"primaryImageOfPage":{"@id":"https:\/\/rolloutdoors.com\/en\/helsinki\/bike-rental-helsinki\/#primaryimage"},"image":{"@id":"https:\/\/rolloutdoors.com\/en\/helsinki\/bike-rental-helsinki\/#primaryimage"},"thumbnailUrl":"https:\/\/rolloutdoors.com\/wp-content\/uploads\/2023\/05\/untitled-4212495.jpg","datePublished":"2023-02-25T09:42:17+00:00","dateModified":"2023-11-07T12:47:18+00:00","description":"Rent a quality and well-maintained mountain bike, fatbike or electric bike in Helsinki easily and cheaply from us.","breadcrumb":{"@id":"https:\/\/rolloutdoors.com\/en\/helsinki\/bike-rental-helsinki\/#breadcrumb"},"inLanguage":"en-US","potentialAction":[{"@type":"ReadAction","target":["https:\/\/rolloutdoors.com\/en\/helsinki\/bike-rental-helsinki\/"]}]},{"@type":"ImageObject","inLanguage":"en-US","@id":"https:\/\/rolloutdoors.com\/en\/helsinki\/bike-rental-helsinki\/#primaryimage","url":"https:\/\/rolloutdoors.com\/wp-content\/uploads\/2023\/05\/untitled-4212495.jpg","contentUrl":"https:\/\/rolloutdoors.com\/wp-content\/uploads\/2023\/05\/untitled-4212495.jpg","width":2560,"height":1920,"caption":"s\u00e4hk\u00f6py\u00f6r\u00e4n vuokraus helsinki"},{"@type":"BreadcrumbList","@id":"https:\/\/rolloutdoors.com\/en\/helsinki\/bike-rental-helsinki\/#breadcrumb","itemListElement":[{"@type":"ListItem","position":1,"name":"Frontpage","item":"https:\/\/rolloutdoors.com\/en\/"},{"@type":"ListItem","position":2,"name":"Helsinki","item":"https:\/\/rolloutdoors.com\/en\/helsinki\/"},{"@type":"ListItem","position":3,"name":"Bike rental &#8211; Helsinki"}]},{"@type":"WebSite","@id":"https:\/\/rolloutdoors.com\/en\/#website","url":"https:\/\/rolloutdoors.com\/en\/","name":"Roll Outdoors","description":"Bike tours and rentals","publisher":{"@id":"https:\/\/rolloutdoors.com\/en\/#organization"},"potentialAction":[{"@type":"SearchAction","target":{"@type":"EntryPoint","urlTemplate":"https:\/\/rolloutdoors.com\/en\/?s={search_term_string}"},"query-input":{"@type":"PropertyValueSpecification","valueRequired":true,"valueName":"search_term_string"}}],"inLanguage":"en-US"},{"@type":"Organization","@id":"https:\/\/rolloutdoors.com\/en\/#organization","name":"Roll Outdoors","url":"https:\/\/rolloutdoors.com\/en\/","logo":{"@type":"ImageObject","inLanguage":"en-US","@id":"https:\/\/rolloutdoors.com\/en\/#\/schema\/logo\/image\/","url":"https:\/\/rolloutdoors.com\/wp-content\/uploads\/2022\/03\/Roll-Outdoors-logo-newlabel-800px.png","contentUrl":"https:\/\/rolloutdoors.com\/wp-content\/uploads\/2022\/03\/Roll-Outdoors-logo-newlabel-800px.png","width":800,"height":639,"caption":"Roll Outdoors"},"image":{"@id":"https:\/\/rolloutdoors.com\/en\/#\/schema\/logo\/image\/"}}]}},"_links":{"self":[{"href":"https:\/\/rolloutdoors.com\/en\/wp-json\/wp\/v2\/pages\/12659","targetHints":{"allow":["GET"]}}],"collection":[{"href":"https:\/\/rolloutdoors.com\/en\/wp-json\/wp\/v2\/pages"}],"about":[{"href":"https:\/\/rolloutdoors.com\/en\/wp-json\/wp\/v2\/types\/page"}],"author":[{"embeddable":true,"href":"https:\/\/rolloutdoors.com\/en\/wp-json\/wp\/v2\/users\/3"}],"replies":[{"embeddable":true,"href":"https:\/\/rolloutdoors.com\/en\/wp-json\/wp\/v2\/comments?post=12659"}],"version-history":[{"count":0,"href":"https:\/\/rolloutdoors.com\/en\/wp-json\/wp\/v2\/pages\/12659\/revisions"}],"up":[{"embeddable":true,"href":"https:\/\/rolloutdoors.com\/en\/wp-json\/wp\/v2\/pages\/12586"}],"wp:featuredmedia":[{"embeddable":true,"href":"https:\/\/rolloutdoors.com\/en\/wp-json\/wp\/v2\/media\/16670"}],"wp:attachment":[{"href":"https:\/\/rolloutdoors.com\/en\/wp-json\/wp\/v2\/media?parent=12659"}],"curies":[{"name":"wp","href":"https:\/\/api.w.org\/{rel}","templated":true}]}}