{"id":12649,"date":"2023-02-24T10:17:30","date_gmt":"2023-02-24T10:17:30","guid":{"rendered":"https:\/\/rolloutdoors.com\/helsinki\/guided-bike-tours-helsinki\/tailored-bike-tour-helsinki\/"},"modified":"2023-03-21T08:18:22","modified_gmt":"2023-03-21T08:18:22","slug":"tailored-bike-tour-helsinki","status":"publish","type":"page","link":"https:\/\/rolloutdoors.com\/en\/helsinki\/guided-tours-helsinki\/tailored-bike-tour-helsinki\/","title":{"rendered":"Tailored bike tour &#8211; Helsinki"},"content":{"rendered":"\t\t<div data-elementor-type=\"wp-page\" data-elementor-id=\"12649\" class=\"elementor elementor-12649 elementor-11595\" data-elementor-post-type=\"page\">\n\t\t\t\t\t\t<section class=\"elementor-section elementor-top-section elementor-element elementor-element-40c184f0 elementor-section-boxed elementor-section-height-default elementor-section-height-default\" data-id=\"40c184f0\" data-element_type=\"section\">\n\t\t\t\t\t\t<div class=\"elementor-container elementor-column-gap-default\">\n\t\t\t\t\t<div class=\"elementor-column elementor-col-100 elementor-top-column elementor-element elementor-element-a4c903a\" data-id=\"a4c903a\" data-element_type=\"column\">\n\t\t\t<div class=\"elementor-widget-wrap elementor-element-populated\">\n\t\t\t\t\t\t<div class=\"elementor-element elementor-element-1a8a3c6 elementor-widget elementor-widget-heading\" data-id=\"1a8a3c6\" data-element_type=\"widget\" data-widget_type=\"heading.default\">\n\t\t\t\t<div class=\"elementor-widget-container\">\n\t\t\t\t\t<h2 class=\"elementor-heading-title elementor-size-default\">A tailor-made bike tour to suit your needs<\/h2>\t\t\t\t<\/div>\n\t\t\t\t<\/div>\n\t\t\t\t<div class=\"elementor-element elementor-element-757e0141 elementor-widget elementor-widget-text-editor\" data-id=\"757e0141\" data-element_type=\"widget\" data-widget_type=\"text-editor.default\">\n\t\t\t\t<div class=\"elementor-widget-container\">\n\t\t\t\t\t\t\t\t\t<p>A tailor-made bike tour in Helsinki or the metropolitan area is always customized according to the customer&#8217;s needs and wishes and is usually carried out on electric bikes. Our aim is to provide fun biking experiences and outdoor activities in beautiful nature. The group can learn, enjoy, refresh and team up &#8211; or whatever the goal is.<\/p>\n<p>In the planning, we take into account the customer&#8217;s wishes regarding the length of the route, the terrain, the sights and the stopping points. We also provide additional services before, during and after the tour according to the customer&#8217;s wishes. <\/p>\n<p><span style=\"font-size: 1rem;\">Tailor-made tours are suitable for all types of customers, from families to groups of friends, from beginners to experienced cyclists and from small groups to larger groups. In any case, we want to make sure that every customer gets the right biking experience for them and an unforgettable experience. Feel free to ask, and let&#8217;s brainstorm together!<\/span><\/p>\n\t\t\t\t\t\t\t\t<\/div>\n\t\t\t\t<\/div>\n\t\t\t\t\t<\/div>\n\t\t<\/div>\n\t\t\t\t\t<\/div>\n\t\t<\/section>\n\t\t\t\t<section class=\"elementor-section elementor-top-section elementor-element elementor-element-23ba2ad5 elementor-section-boxed elementor-section-height-default elementor-section-height-default\" data-id=\"23ba2ad5\" data-element_type=\"section\">\n\t\t\t\t\t\t<div class=\"elementor-container elementor-column-gap-default\">\n\t\t\t\t\t<div class=\"elementor-column elementor-col-100 elementor-top-column elementor-element elementor-element-335bfd6b\" data-id=\"335bfd6b\" data-element_type=\"column\">\n\t\t\t<div class=\"elementor-widget-wrap elementor-element-populated\">\n\t\t\t\t\t\t<div class=\"elementor-element elementor-element-2ca44046 elementor-widget elementor-widget-heading\" data-id=\"2ca44046\" data-element_type=\"widget\" data-widget_type=\"heading.default\">\n\t\t\t\t<div class=\"elementor-widget-container\">\n\t\t\t\t\t<h2 class=\"elementor-heading-title elementor-size-default\">Leave a request for contact<\/h2>\t\t\t\t<\/div>\n\t\t\t\t<\/div>\n\t\t\t\t<div class=\"elementor-element elementor-element-258ec64 elementor-widget elementor-widget-text-editor\" data-id=\"258ec64\" data-element_type=\"widget\" data-widget_type=\"text-editor.default\">\n\t\t\t\t<div class=\"elementor-widget-container\">\n\t\t\t\t\t\t\t\t\tLeave us a contact request using the form below or send us an email or call our office and we will arrange an excursion for your group!\n\nTelephone: <a href=\"tel:+358449017278\">0449017278<\/a>\nEmail: <a href=\"mailto:helsinki@rolloutdoors.com\">helsinki@rolloutdoors.com<\/a>\t\t\t\t\t\t\t\t<\/div>\n\t\t\t\t<\/div>\n\t\t\t\t\t<\/div>\n\t\t<\/div>\n\t\t\t\t\t<\/div>\n\t\t<\/section>\n\t\t\t\t<section class=\"elementor-section elementor-top-section elementor-element elementor-element-24331fd elementor-section-boxed elementor-section-height-default elementor-section-height-default\" data-id=\"24331fd\" data-element_type=\"section\">\n\t\t\t\t\t\t<div class=\"elementor-container elementor-column-gap-default\">\n\t\t\t\t\t<div class=\"elementor-column elementor-col-100 elementor-top-column elementor-element elementor-element-5b7b2b3\" data-id=\"5b7b2b3\" data-element_type=\"column\">\n\t\t\t<div class=\"elementor-widget-wrap elementor-element-populated\">\n\t\t\t\t\t\t<div class=\"elementor-element elementor-element-9d40ccf elementor-button-align-stretch elementor-widget elementor-widget-form\" data-id=\"9d40ccf\" data-element_type=\"widget\" data-settings=\"{&quot;step_next_label&quot;:&quot;Next&quot;,&quot;step_previous_label&quot;:&quot;Previous&quot;,&quot;button_width&quot;:&quot;100&quot;,&quot;step_type&quot;:&quot;number_text&quot;,&quot;step_icon_shape&quot;:&quot;circle&quot;}\" data-widget_type=\"form.default\">\n\t\t\t\t<div class=\"elementor-widget-container\">\n\t\t\t\t\t\t\t<form class=\"elementor-form\" method=\"post\" id=\"Raataloity_HEL_SUOMI\" name=\"New Form\" aria-label=\"New Form\">\n\t\t\t<input type=\"hidden\" name=\"post_id\" value=\"12649\"\/>\n\t\t\t<input type=\"hidden\" name=\"form_id\" value=\"9d40ccf\"\/>\n\t\t\t<input type=\"hidden\" name=\"referer_title\" value=\"Roll Outdoors\" \/>\n\n\t\t\t\n\t\t\t<div class=\"elementor-form-fields-wrapper elementor-labels-above\">\n\t\t\t\t\t\t\t\t<div class=\"elementor-field-type-text elementor-field-group elementor-column elementor-field-group-name elementor-col-100\">\n\t\t\t\t\t\t\t\t\t\t\t\t<label for=\"form-field-name\" class=\"elementor-field-label\">\n\t\t\t\t\t\t\t\tName\t\t\t\t\t\t\t<\/label>\n\t\t\t\t\t\t\t\t\t\t\t\t\t\t<input size=\"1\" type=\"text\" name=\"form_fields[name]\" id=\"form-field-name\" class=\"elementor-field elementor-size-sm  elementor-field-textual\" placeholder=\"Name\">\n\t\t\t\t\t\t\t\t\t\t\t<\/div>\n\t\t\t\t\t\t\t\t<div class=\"elementor-field-type-email elementor-field-group elementor-column elementor-field-group-email elementor-col-100 elementor-field-required\">\n\t\t\t\t\t\t\t\t\t\t\t\t<label for=\"form-field-email\" class=\"elementor-field-label\">\n\t\t\t\t\t\t\t\tEmail\t\t\t\t\t\t\t<\/label>\n\t\t\t\t\t\t\t\t\t\t\t\t\t\t<input size=\"1\" type=\"email\" name=\"form_fields[email]\" id=\"form-field-email\" class=\"elementor-field elementor-size-sm  elementor-field-textual\" placeholder=\"Email\" required=\"required\">\n\t\t\t\t\t\t\t\t\t\t\t<\/div>\n\t\t\t\t\t\t\t\t<div class=\"elementor-field-type-textarea elementor-field-group elementor-column elementor-field-group-message elementor-col-100\">\n\t\t\t\t\t\t\t\t\t\t\t\t<label for=\"form-field-message\" class=\"elementor-field-label\">\n\t\t\t\t\t\t\t\tMessage to\t\t\t\t\t\t\t<\/label>\n\t\t\t\t\t\t<textarea class=\"elementor-field-textual elementor-field  elementor-size-sm\" name=\"form_fields[message]\" id=\"form-field-message\" rows=\"4\" placeholder=\"Write a message here\"><\/textarea>\t\t\t\t<\/div>\n\t\t\t\t\t\t\t\t<div class=\"elementor-field-group elementor-column elementor-field-type-submit elementor-col-100 e-form__buttons\">\n\t\t\t\t\t<button class=\"elementor-button elementor-size-sm\" type=\"submit\">\n\t\t\t\t\t\t<span class=\"elementor-button-content-wrapper\">\n\t\t\t\t\t\t\t\t\t\t\t\t\t\t\t\t\t\t\t\t\t\t<span class=\"elementor-button-text\">Send<\/span>\n\t\t\t\t\t\t\t\t\t\t\t\t\t<\/span>\n\t\t\t\t\t<\/button>\n\t\t\t\t<\/div>\n\t\t\t<\/div>\n\t\t<\/form>\n\t\t\t\t\t\t<\/div>\n\t\t\t\t<\/div>\n\t\t\t\t\t<\/div>\n\t\t<\/div>\n\t\t\t\t\t<\/div>\n\t\t<\/section>\n\t\t\t\t<section class=\"elementor-section elementor-top-section elementor-element elementor-element-46d4213 elementor-section-boxed elementor-section-height-default elementor-section-height-default\" data-id=\"46d4213\" data-element_type=\"section\">\n\t\t\t\t\t\t<div class=\"elementor-container elementor-column-gap-default\">\n\t\t\t\t\t<div class=\"elementor-column elementor-col-100 elementor-top-column elementor-element elementor-element-7962bf7a\" data-id=\"7962bf7a\" data-element_type=\"column\">\n\t\t\t<div class=\"elementor-widget-wrap elementor-element-populated\">\n\t\t\t\t\t\t<div class=\"elementor-element elementor-element-2c6c2f38 elementor-grid-3 elementor-grid-tablet-2 elementor-grid-mobile-1 elementor-posts--thumbnail-top elementor-card-shadow-yes elementor-posts__hover-gradient elementor-widget elementor-widget-posts\" data-id=\"2c6c2f38\" data-element_type=\"widget\" data-settings=\"{&quot;cards_columns&quot;:&quot;3&quot;,&quot;cards_columns_tablet&quot;:&quot;2&quot;,&quot;cards_columns_mobile&quot;:&quot;1&quot;,&quot;cards_row_gap&quot;:{&quot;unit&quot;:&quot;px&quot;,&quot;size&quot;:35,&quot;sizes&quot;:[]},&quot;cards_row_gap_tablet&quot;:{&quot;unit&quot;:&quot;px&quot;,&quot;size&quot;:&quot;&quot;,&quot;sizes&quot;:[]},&quot;cards_row_gap_mobile&quot;:{&quot;unit&quot;:&quot;px&quot;,&quot;size&quot;:&quot;&quot;,&quot;sizes&quot;:[]}}\" data-widget_type=\"posts.cards\">\n\t\t\t\t<div class=\"elementor-widget-container\">\n\t\t\t\t\t\t\t<div class=\"elementor-posts-container elementor-posts elementor-posts--skin-cards elementor-grid\" role=\"list\">\n\t\t\t\t<article class=\"elementor-post elementor-grid-item post-12643 page type-page status-publish has-post-thumbnail hentry\" role=\"listitem\">\n\t\t\t<div class=\"elementor-post__card\">\n\t\t\t\t<a class=\"elementor-post__thumbnail__link\" href=\"https:\/\/rolloutdoors.com\/en\/helsinki\/guided-tours-helsinki\/biking-and-forest-pizza-helsinki\/\" tabindex=\"-1\" ><div class=\"elementor-post__thumbnail\"><img fetchpriority=\"high\" decoding=\"async\" width=\"300\" height=\"225\" src=\"https:\/\/rolloutdoors.com\/wp-content\/uploads\/2023\/02\/Photo-18.8.2022-18.26.22-300x225.jpeg\" class=\"attachment-medium size-medium wp-image-12378\" alt=\"bike tour biking pizza pizza excursion what to do in Helsinki nature trip bike route central park forest\" srcset=\"https:\/\/rolloutdoors.com\/wp-content\/uploads\/2023\/02\/Photo-18.8.2022-18.26.22-300x225.jpeg 300w, https:\/\/rolloutdoors.com\/wp-content\/uploads\/2023\/02\/Photo-18.8.2022-18.26.22-1024x768.jpeg 1024w, https:\/\/rolloutdoors.com\/wp-content\/uploads\/2023\/02\/Photo-18.8.2022-18.26.22-768x576.jpeg 768w, https:\/\/rolloutdoors.com\/wp-content\/uploads\/2023\/02\/Photo-18.8.2022-18.26.22-1536x1152.jpeg 1536w, https:\/\/rolloutdoors.com\/wp-content\/uploads\/2023\/02\/Photo-18.8.2022-18.26.22-2048x1536.jpeg 2048w\" sizes=\"(max-width: 300px) 100vw, 300px\" \/><\/div><\/a>\n\t\t\t\t<div class=\"elementor-post__text\">\n\t\t\t\t<h3 class=\"elementor-post__title\">\n\t\t\t<a href=\"https:\/\/rolloutdoors.com\/en\/helsinki\/guided-tours-helsinki\/biking-and-forest-pizza-helsinki\/\" >\n\t\t\t\tBiking and forest pizza &#8211; Helsinki\t\t\t<\/a>\n\t\t<\/h3>\n\t\t\t\t<\/div>\n\t\t\t\t\t<\/div>\n\t\t<\/article>\n\t\t\t\t<article class=\"elementor-post elementor-grid-item post-12651 page type-page status-publish has-post-thumbnail hentry\" role=\"listitem\">\n\t\t\t<div class=\"elementor-post__card\">\n\t\t\t\t<a class=\"elementor-post__thumbnail__link\" href=\"https:\/\/rolloutdoors.com\/en\/helsinki\/guided-tours-helsinki\/electric-bike-adventure-helsinki\/\" tabindex=\"-1\" ><div class=\"elementor-post__thumbnail\"><img decoding=\"async\" width=\"300\" height=\"200\" src=\"https:\/\/rolloutdoors.com\/wp-content\/uploads\/2023\/02\/Roll_Outdoors_IF_180522-11-300x200.jpg\" class=\"attachment-medium size-medium wp-image-12379\" alt=\"s\u00e4hk\u00f6py\u00f6r\u00e4 seikkailu retki py\u00f6r\u00e4retki ty\u00f6hyvinvointi ebike adventure tour bike tour recreation day\" srcset=\"https:\/\/rolloutdoors.com\/wp-content\/uploads\/2023\/02\/Roll_Outdoors_IF_180522-11-300x200.jpg 300w, https:\/\/rolloutdoors.com\/wp-content\/uploads\/2023\/02\/Roll_Outdoors_IF_180522-11-1024x683.jpg 1024w, https:\/\/rolloutdoors.com\/wp-content\/uploads\/2023\/02\/Roll_Outdoors_IF_180522-11-768x512.jpg 768w, https:\/\/rolloutdoors.com\/wp-content\/uploads\/2023\/02\/Roll_Outdoors_IF_180522-11-1536x1024.jpg 1536w, https:\/\/rolloutdoors.com\/wp-content\/uploads\/2023\/02\/Roll_Outdoors_IF_180522-11-2048x1365.jpg 2048w\" sizes=\"(max-width: 300px) 100vw, 300px\" \/><\/div><\/a>\n\t\t\t\t<div class=\"elementor-post__text\">\n\t\t\t\t<h3 class=\"elementor-post__title\">\n\t\t\t<a href=\"https:\/\/rolloutdoors.com\/en\/helsinki\/guided-tours-helsinki\/electric-bike-adventure-helsinki\/\" >\n\t\t\t\tElectric Bike Adventure &#8211; Helsinki\t\t\t<\/a>\n\t\t<\/h3>\n\t\t\t\t<\/div>\n\t\t\t\t\t<\/div>\n\t\t<\/article>\n\t\t\t\t<\/div>\n\t\t\n\t\t\t\t\t\t<\/div>\n\t\t\t\t<\/div>\n\t\t\t\t\t<\/div>\n\t\t<\/div>\n\t\t\t\t\t<\/div>\n\t\t<\/section>\n\t\t\t\t<\/div>\n\t\t","protected":false},"excerpt":{"rendered":"<p>A tailor-made bike tour to suit your needs A tailor-made bike tour in Helsinki or the metropolitan area is always customized according<\/p>\n","protected":false},"author":2,"featured_media":12376,"parent":12616,"menu_order":0,"comment_status":"closed","ping_status":"closed","template":"","meta":{"_acf_changed":false,"footnotes":""},"class_list":["post-12649","page","type-page","status-publish","has-post-thumbnail","hentry"],"acf":[],"yoast_head":"<title>Tailored bike tour - Helsinki - Roll Outdoors<\/title>\n<meta name=\"description\" content=\"A tailor-made electric bike tour in Helsinki or the surrounding areas, just for you. The tour will be tailored to suit your needs!\" \/>\n<meta name=\"robots\" content=\"index, follow, max-snippet:-1, max-image-preview:large, max-video-preview:-1\" \/>\n<link rel=\"canonical\" href=\"https:\/\/rolloutdoors.com\/en\/helsinki\/guided-tours-helsinki\/tailored-bike-tour-helsinki\/\" \/>\n<meta property=\"og:locale\" content=\"en_US\" \/>\n<meta property=\"og:type\" content=\"article\" \/>\n<meta property=\"og:title\" content=\"Tailored bike tour - Helsinki - Roll Outdoors\" \/>\n<meta property=\"og:description\" content=\"A tailor-made electric bike tour in Helsinki or the surrounding areas, just for you. The tour will be tailored to suit your needs!\" \/>\n<meta property=\"og:url\" content=\"https:\/\/rolloutdoors.com\/en\/helsinki\/guided-tours-helsinki\/tailored-bike-tour-helsinki\/\" \/>\n<meta property=\"og:site_name\" content=\"Roll Outdoors\" \/>\n<meta property=\"article:modified_time\" content=\"2023-03-21T08:18:22+00:00\" \/>\n<meta property=\"og:image\" content=\"https:\/\/rolloutdoors.com\/wp-content\/uploads\/2023\/02\/Helsink-pyoraretki-1255011.jpg\" \/>\n\t<meta property=\"og:image:width\" content=\"2560\" \/>\n\t<meta property=\"og:image:height\" content=\"1920\" \/>\n\t<meta property=\"og:image:type\" content=\"image\/jpeg\" \/>\n<meta name=\"twitter:card\" content=\"summary_large_image\" \/>\n<meta name=\"twitter:label1\" content=\"Est. reading time\" \/>\n\t<meta name=\"twitter:data1\" content=\"1 minute\" \/>\n<script type=\"application\/ld+json\" class=\"yoast-schema-graph\">{\"@context\":\"https:\/\/schema.org\",\"@graph\":[{\"@type\":\"WebPage\",\"@id\":\"https:\/\/rolloutdoors.com\/en\/helsinki\/guided-tours-helsinki\/tailored-bike-tour-helsinki\/\",\"url\":\"https:\/\/rolloutdoors.com\/en\/helsinki\/guided-tours-helsinki\/tailored-bike-tour-helsinki\/\",\"name\":\"Tailored bike tour - Helsinki - Roll Outdoors\",\"isPartOf\":{\"@id\":\"https:\/\/rolloutdoors.com\/en\/#website\"},\"primaryImageOfPage\":{\"@id\":\"https:\/\/rolloutdoors.com\/en\/helsinki\/guided-tours-helsinki\/tailored-bike-tour-helsinki\/#primaryimage\"},\"image\":{\"@id\":\"https:\/\/rolloutdoors.com\/en\/helsinki\/guided-tours-helsinki\/tailored-bike-tour-helsinki\/#primaryimage\"},\"thumbnailUrl\":\"https:\/\/rolloutdoors.com\/wp-content\/uploads\/2023\/02\/Helsink-pyoraretki-1255011.jpg\",\"datePublished\":\"2023-02-24T10:17:30+00:00\",\"dateModified\":\"2023-03-21T08:18:22+00:00\",\"description\":\"A tailor-made electric bike tour in Helsinki or the surrounding areas, just for you. The tour will be tailored to suit your needs!\",\"breadcrumb\":{\"@id\":\"https:\/\/rolloutdoors.com\/en\/helsinki\/guided-tours-helsinki\/tailored-bike-tour-helsinki\/#breadcrumb\"},\"inLanguage\":\"en-US\",\"potentialAction\":[{\"@type\":\"ReadAction\",\"target\":[\"https:\/\/rolloutdoors.com\/en\/helsinki\/guided-tours-helsinki\/tailored-bike-tour-helsinki\/\"]}]},{\"@type\":\"ImageObject\",\"inLanguage\":\"en-US\",\"@id\":\"https:\/\/rolloutdoors.com\/en\/helsinki\/guided-tours-helsinki\/tailored-bike-tour-helsinki\/#primaryimage\",\"url\":\"https:\/\/rolloutdoors.com\/wp-content\/uploads\/2023\/02\/Helsink-pyoraretki-1255011.jpg\",\"contentUrl\":\"https:\/\/rolloutdoors.com\/wp-content\/uploads\/2023\/02\/Helsink-pyoraretki-1255011.jpg\",\"width\":2560,\"height\":1920,\"caption\":\"Bike mountainbike ebike nature trip tour nature Sipoonkorpi national park route hiking route bike route mtb route\"},{\"@type\":\"BreadcrumbList\",\"@id\":\"https:\/\/rolloutdoors.com\/en\/helsinki\/guided-tours-helsinki\/tailored-bike-tour-helsinki\/#breadcrumb\",\"itemListElement\":[{\"@type\":\"ListItem\",\"position\":1,\"name\":\"Frontpage\",\"item\":\"https:\/\/rolloutdoors.com\/en\/\"},{\"@type\":\"ListItem\",\"position\":2,\"name\":\"Helsinki\",\"item\":\"https:\/\/rolloutdoors.com\/en\/helsinki\/\"},{\"@type\":\"ListItem\",\"position\":3,\"name\":\"Guided bike tours &#8211; Helsinki\",\"item\":\"https:\/\/rolloutdoors.com\/en\/helsinki\/guided-tours-helsinki\/\"},{\"@type\":\"ListItem\",\"position\":4,\"name\":\"Tailored bike tour &#8211; Helsinki\"}]},{\"@type\":\"WebSite\",\"@id\":\"https:\/\/rolloutdoors.com\/en\/#website\",\"url\":\"https:\/\/rolloutdoors.com\/en\/\",\"name\":\"Roll Outdoors\",\"description\":\"Bike tours and rentals\",\"publisher\":{\"@id\":\"https:\/\/rolloutdoors.com\/en\/#organization\"},\"potentialAction\":[{\"@type\":\"SearchAction\",\"target\":{\"@type\":\"EntryPoint\",\"urlTemplate\":\"https:\/\/rolloutdoors.com\/en\/?s={search_term_string}\"},\"query-input\":{\"@type\":\"PropertyValueSpecification\",\"valueRequired\":true,\"valueName\":\"search_term_string\"}}],\"inLanguage\":\"en-US\"},{\"@type\":\"Organization\",\"@id\":\"https:\/\/rolloutdoors.com\/en\/#organization\",\"name\":\"Roll Outdoors\",\"url\":\"https:\/\/rolloutdoors.com\/en\/\",\"logo\":{\"@type\":\"ImageObject\",\"inLanguage\":\"en-US\",\"@id\":\"https:\/\/rolloutdoors.com\/en\/#\/schema\/logo\/image\/\",\"url\":\"https:\/\/rolloutdoors.com\/wp-content\/uploads\/2022\/03\/Roll-Outdoors-logo-newlabel-800px.png\",\"contentUrl\":\"https:\/\/rolloutdoors.com\/wp-content\/uploads\/2022\/03\/Roll-Outdoors-logo-newlabel-800px.png\",\"width\":800,\"height\":639,\"caption\":\"Roll Outdoors\"},\"image\":{\"@id\":\"https:\/\/rolloutdoors.com\/en\/#\/schema\/logo\/image\/\"}}]}<\/script>","yoast_head_json":{"title":"Tailored bike tour - Helsinki - Roll Outdoors","description":"A tailor-made electric bike tour in Helsinki or the surrounding areas, just for you. The tour will be tailored to suit your needs!","robots":{"index":"index","follow":"follow","max-snippet":"max-snippet:-1","max-image-preview":"max-image-preview:large","max-video-preview":"max-video-preview:-1"},"canonical":"https:\/\/rolloutdoors.com\/en\/helsinki\/guided-tours-helsinki\/tailored-bike-tour-helsinki\/","og_locale":"en_US","og_type":"article","og_title":"Tailored bike tour - Helsinki - Roll Outdoors","og_description":"A tailor-made electric bike tour in Helsinki or the surrounding areas, just for you. The tour will be tailored to suit your needs!","og_url":"https:\/\/rolloutdoors.com\/en\/helsinki\/guided-tours-helsinki\/tailored-bike-tour-helsinki\/","og_site_name":"Roll Outdoors","article_modified_time":"2023-03-21T08:18:22+00:00","og_image":[{"width":2560,"height":1920,"url":"https:\/\/rolloutdoors.com\/wp-content\/uploads\/2023\/02\/Helsink-pyoraretki-1255011.jpg","type":"image\/jpeg"}],"twitter_card":"summary_large_image","twitter_misc":{"Est. reading time":"1 minute"},"schema":{"@context":"https:\/\/schema.org","@graph":[{"@type":"WebPage","@id":"https:\/\/rolloutdoors.com\/en\/helsinki\/guided-tours-helsinki\/tailored-bike-tour-helsinki\/","url":"https:\/\/rolloutdoors.com\/en\/helsinki\/guided-tours-helsinki\/tailored-bike-tour-helsinki\/","name":"Tailored bike tour - Helsinki - Roll Outdoors","isPartOf":{"@id":"https:\/\/rolloutdoors.com\/en\/#website"},"primaryImageOfPage":{"@id":"https:\/\/rolloutdoors.com\/en\/helsinki\/guided-tours-helsinki\/tailored-bike-tour-helsinki\/#primaryimage"},"image":{"@id":"https:\/\/rolloutdoors.com\/en\/helsinki\/guided-tours-helsinki\/tailored-bike-tour-helsinki\/#primaryimage"},"thumbnailUrl":"https:\/\/rolloutdoors.com\/wp-content\/uploads\/2023\/02\/Helsink-pyoraretki-1255011.jpg","datePublished":"2023-02-24T10:17:30+00:00","dateModified":"2023-03-21T08:18:22+00:00","description":"A tailor-made electric bike tour in Helsinki or the surrounding areas, just for you. The tour will be tailored to suit your needs!","breadcrumb":{"@id":"https:\/\/rolloutdoors.com\/en\/helsinki\/guided-tours-helsinki\/tailored-bike-tour-helsinki\/#breadcrumb"},"inLanguage":"en-US","potentialAction":[{"@type":"ReadAction","target":["https:\/\/rolloutdoors.com\/en\/helsinki\/guided-tours-helsinki\/tailored-bike-tour-helsinki\/"]}]},{"@type":"ImageObject","inLanguage":"en-US","@id":"https:\/\/rolloutdoors.com\/en\/helsinki\/guided-tours-helsinki\/tailored-bike-tour-helsinki\/#primaryimage","url":"https:\/\/rolloutdoors.com\/wp-content\/uploads\/2023\/02\/Helsink-pyoraretki-1255011.jpg","contentUrl":"https:\/\/rolloutdoors.com\/wp-content\/uploads\/2023\/02\/Helsink-pyoraretki-1255011.jpg","width":2560,"height":1920,"caption":"Bike mountainbike ebike nature trip tour nature Sipoonkorpi national park route hiking route bike route mtb route"},{"@type":"BreadcrumbList","@id":"https:\/\/rolloutdoors.com\/en\/helsinki\/guided-tours-helsinki\/tailored-bike-tour-helsinki\/#breadcrumb","itemListElement":[{"@type":"ListItem","position":1,"name":"Frontpage","item":"https:\/\/rolloutdoors.com\/en\/"},{"@type":"ListItem","position":2,"name":"Helsinki","item":"https:\/\/rolloutdoors.com\/en\/helsinki\/"},{"@type":"ListItem","position":3,"name":"Guided bike tours &#8211; Helsinki","item":"https:\/\/rolloutdoors.com\/en\/helsinki\/guided-tours-helsinki\/"},{"@type":"ListItem","position":4,"name":"Tailored bike tour &#8211; Helsinki"}]},{"@type":"WebSite","@id":"https:\/\/rolloutdoors.com\/en\/#website","url":"https:\/\/rolloutdoors.com\/en\/","name":"Roll Outdoors","description":"Bike tours and rentals","publisher":{"@id":"https:\/\/rolloutdoors.com\/en\/#organization"},"potentialAction":[{"@type":"SearchAction","target":{"@type":"EntryPoint","urlTemplate":"https:\/\/rolloutdoors.com\/en\/?s={search_term_string}"},"query-input":{"@type":"PropertyValueSpecification","valueRequired":true,"valueName":"search_term_string"}}],"inLanguage":"en-US"},{"@type":"Organization","@id":"https:\/\/rolloutdoors.com\/en\/#organization","name":"Roll Outdoors","url":"https:\/\/rolloutdoors.com\/en\/","logo":{"@type":"ImageObject","inLanguage":"en-US","@id":"https:\/\/rolloutdoors.com\/en\/#\/schema\/logo\/image\/","url":"https:\/\/rolloutdoors.com\/wp-content\/uploads\/2022\/03\/Roll-Outdoors-logo-newlabel-800px.png","contentUrl":"https:\/\/rolloutdoors.com\/wp-content\/uploads\/2022\/03\/Roll-Outdoors-logo-newlabel-800px.png","width":800,"height":639,"caption":"Roll Outdoors"},"image":{"@id":"https:\/\/rolloutdoors.com\/en\/#\/schema\/logo\/image\/"}}]}},"_links":{"self":[{"href":"https:\/\/rolloutdoors.com\/en\/wp-json\/wp\/v2\/pages\/12649","targetHints":{"allow":["GET"]}}],"collection":[{"href":"https:\/\/rolloutdoors.com\/en\/wp-json\/wp\/v2\/pages"}],"about":[{"href":"https:\/\/rolloutdoors.com\/en\/wp-json\/wp\/v2\/types\/page"}],"author":[{"embeddable":true,"href":"https:\/\/rolloutdoors.com\/en\/wp-json\/wp\/v2\/users\/2"}],"replies":[{"embeddable":true,"href":"https:\/\/rolloutdoors.com\/en\/wp-json\/wp\/v2\/comments?post=12649"}],"version-history":[{"count":0,"href":"https:\/\/rolloutdoors.com\/en\/wp-json\/wp\/v2\/pages\/12649\/revisions"}],"up":[{"embeddable":true,"href":"https:\/\/rolloutdoors.com\/en\/wp-json\/wp\/v2\/pages\/12616"}],"wp:featuredmedia":[{"embeddable":true,"href":"https:\/\/rolloutdoors.com\/en\/wp-json\/wp\/v2\/media\/12376"}],"wp:attachment":[{"href":"https:\/\/rolloutdoors.com\/en\/wp-json\/wp\/v2\/media?parent=12649"}],"curies":[{"name":"wp","href":"https:\/\/api.w.org\/{rel}","templated":true}]}}